{"id":246,"date":"2021-08-24T18:40:26","date_gmt":"2021-08-24T18:40:26","guid":{"rendered":"https:\/\/paradisevacationinsplitandcroatia.com\/english\/"},"modified":"2021-11-15T12:48:39","modified_gmt":"2021-11-15T12:48:39","slug":"english","status":"publish","type":"page","link":"https:\/\/paradisevacationinsplitandcroatia.com\/en\/english\/","title":{"rendered":"Untitled"},"content":{"rendered":"\n<div class=\"wp-block-columns is-layout-flex wp-container-core-columns-is-layout-9d6595d7 wp-block-columns-is-layout-flex\">\n<div class=\"wp-block-column is-layout-flow wp-block-column-is-layout-flow\">\n<h2 class=\"wp-block-heading\">O meni<\/h2>\n\n\n\n<p>Zovem se Ivica Jer\u010di\u0107 i 15 godina radim u turizmu i iznajmljujem apartmane a zadnjih 3 godine i familijarni gliser.<br>Imam turisti\u010dku agenciju 7 godina i moram re\u010di da imam lijepa iskustva sa gostima.<br>Kao mali pokazatelj moga rada mo\u017eete vidjeti u preko 650 komentara gostiju na ovim linkovima Airbnb agencije gdje 10 godina iznajmljujem apartmane.<\/p>\n\n\n\n<div class=\"wp-block-image\"><figure class=\"aligncenter size-full is-resized\"><a href=\"https:\/\/hr.airbnb.com\/users\/show\/635133\"><img loading=\"lazy\" decoding=\"async\" src=\"https:\/\/paradisevacationinsplitandcroatia.com\/wp-content\/uploads\/2021\/10\/airbnb-ivica.jpg\" alt=\"\" class=\"wp-image-697\" width=\"198\" height=\"71\" srcset=\"https:\/\/paradisevacationinsplitandcroatia.com\/wp-content\/uploads\/2021\/10\/airbnb-ivica.jpg 199w, https:\/\/paradisevacationinsplitandcroatia.com\/wp-content\/uploads\/2021\/10\/airbnb-ivica-18x6.jpg 18w\" sizes=\"auto, (max-width: 198px) 100vw, 198px\" \/><\/a><\/figure><\/div>\n\n\n\n<p>Prije turizma sam 16 godina igrao vaterpolo,od od toga 7 godina profesionalno.<br>Rastao sam i odgajao se medju ljudima u sportu i znam kako izgleda po\u0161tivati ljude i znam kako raditi dobar posao i znam kako ljudima pru\u017eiti osje\u0107aj da se osje\u0107aju sretni i sigurni.<\/p>\n<\/div>\n\n\n\n<div class=\"wp-block-column is-layout-flow wp-block-column-is-layout-flow\">\n<h2 class=\"wp-block-heading\">Inspiracija<\/h2>\n\n\n\n<p>Za ovu pri\u010du sam se odlu\u010dio da ovdje stavim sve najbolje \u0161to ovaj dio svijeta mo\u017ee pru\u017eiti i da poka\u017eem raj u kojem \u017eivim.<br>Zamislio sam da radim ono \u0161to volim raditi i \u0161to najbolje znam raditi,i da ljudima iz cijelog svijeta organiziran godi\u0161nje odmore na podru\u010dju Splita i cijele regije Dalmacije u dr\u017eavi Hrvatskoj.<br>\u017delim ljude u svijetu upoznati sa povije\u0161\u0107u starom 6000 godina od vremena plemena Ilira,sa ljepotama grada Splita i povijesnih malih gradova okolo Splita,kao i sa jednim od najljep\u0161ih otoka na svijetu sa pla\u017eama od kojih zastaje dah,i sigurno ne\u0107ete ostati ravnodu\u0161ni na sve \u0161to \u0107e te u ovoj pri\u010di vidjeti i mogu\u0107e da \u0107e vam dosta toga ostati u sje\u0107anju.<br>Te\u0161ko je prona\u0107i mjesto na svijetu gdje je mogu\u0107e na toliko malom prostoru vidjeti toliko prirodnih fenomena, povijesnih znamenitosti i takvu prirodnu ljepotu i obalu sa kristalno \u010distim morem.<br>Mo\u017eete upoznati poseban i spor na\u010din \u017eivota i pona\u0161anje ljudi koje takva mediteranska klima i takvo podneblje prisiljavaju na takav na\u010din \u017eivljenja:)<br>Dobrodo\u0161li u svijet do sada vama nepoznat.<\/p>\n<\/div>\n<\/div>\n\n\n\n<div class=\"wp-block-buttons is-layout-flex wp-block-buttons-is-layout-flex\">\n<div class=\"wp-block-button has-custom-width wp-block-button__width-100 is-style-fill\"><a class=\"wp-block-button__link\" href=\"https:\/\/paradisevacationinsplitandcroatia.com\/primjeri-kompletnih-paketa\/\" rel=\"https:\/\/paradisevacationinsplitandcroatia.com\/primjeri-kompletnih-paketa\/\">Primjeri kompletnih paketa<\/a><\/div>\n\n\n\n<div class=\"wp-block-button has-custom-width wp-block-button__width-25 is-style-fill\"><a class=\"wp-block-button__link\" href=\"https:\/\/paradisevacationinsplitandcroatia.com\/product-category\/sport\/\">Sportski turizam<\/a><\/div>\n\n\n\n<div class=\"wp-block-button has-custom-width wp-block-button__width-25 is-style-fill\"><a class=\"wp-block-button__link\" href=\"https:\/\/paradisevacationinsplitandcroatia.com\/product-category\/zdravstvo\/\">Zdravstveni turizam<\/a><\/div>\n\n\n\n<div class=\"wp-block-button has-custom-width wp-block-button__width-25 is-style-fill\"><a class=\"wp-block-button__link\">Program za dijasporu<\/a><\/div>\n\n\n\n<div class=\"wp-block-button has-custom-width wp-block-button__width-25 is-style-fill\"><a class=\"wp-block-button__link\" href=\"https:\/\/paradisevacationinsplitandcroatia.com\/product-category\/sport\/surfing\/\">Ponuda za surfere<\/a><\/div>\n<\/div>\n\n\n<div data-block-name=\"woocommerce\/handpicked-products\" data-columns=\"4\" data-content-visibility=\"{&quot;title&quot;:false,&quot;price&quot;:false,&quot;rating&quot;:false,&quot;button&quot;:false}\" data-edit-mode=\"false\" data-products=\"[743,751,25,1073,1088,282,195,1094,26,79,1100,745]\" class=\"wc-block-grid wp-block-handpicked-products wp-block-woocommerce-handpicked-products wc-block-handpicked-products has-4-columns has-multiple-rows\"><ul class=\"wc-block-grid__products\"><li class=\"wc-block-grid__product\">\n\t\t\t\t<a href=\"https:\/\/paradisevacationinsplitandcroatia.com\/en\/product\/trstenik\/\" class=\"wc-block-grid__product-link\">\n\t\t\t\t\t\n\t\t\t\t\t<div class=\"wc-block-grid__product-image\"><img loading=\"lazy\" decoding=\"async\" width=\"300\" height=\"300\" src=\"https:\/\/paradisevacationinsplitandcroatia.com\/wp-content\/uploads\/2021\/11\/trstenik-300x300.jpg\" class=\"attachment-woocommerce_thumbnail size-woocommerce_thumbnail\" alt=\"Trstenik\" srcset=\"https:\/\/paradisevacationinsplitandcroatia.com\/wp-content\/uploads\/2021\/11\/trstenik-300x300.jpg 300w, https:\/\/paradisevacationinsplitandcroatia.com\/wp-content\/uploads\/2021\/11\/trstenik-150x150.jpg 150w, https:\/\/paradisevacationinsplitandcroatia.com\/wp-content\/uploads\/2021\/11\/trstenik-100x100.jpg 100w\" sizes=\"auto, (max-width: 300px) 100vw, 300px\" \/><\/div>\n\t\t\t\t\t\n\t\t\t\t<\/a>\n\t\t\t\t\n\t\t\t\t\n\t\t\t\t\n\t\t\t<\/li><li class=\"wc-block-grid__product\">\n\t\t\t\t<a href=\"https:\/\/paradisevacationinsplitandcroatia.com\/en\/product\/obojena\/\" class=\"wc-block-grid__product-link\">\n\t\t\t\t\t\n\t\t\t\t\t<div class=\"wc-block-grid__product-image\"><img loading=\"lazy\" decoding=\"async\" width=\"300\" height=\"300\" src=\"https:\/\/paradisevacationinsplitandcroatia.com\/wp-content\/uploads\/2021\/11\/obojena-3-300x300.jpg\" class=\"attachment-woocommerce_thumbnail size-woocommerce_thumbnail\" alt=\"Obojena\" srcset=\"https:\/\/paradisevacationinsplitandcroatia.com\/wp-content\/uploads\/2021\/11\/obojena-3-300x300.jpg 300w, https:\/\/paradisevacationinsplitandcroatia.com\/wp-content\/uploads\/2021\/11\/obojena-3-150x150.jpg 150w, https:\/\/paradisevacationinsplitandcroatia.com\/wp-content\/uploads\/2021\/11\/obojena-3-100x100.jpg 100w\" sizes=\"auto, (max-width: 300px) 100vw, 300px\" \/><\/div>\n\t\t\t\t\t\n\t\t\t\t<\/a>\n\t\t\t\t\n\t\t\t\t\n\t\t\t\t\n\t\t\t<\/li><li class=\"wc-block-grid__product\">\n\t\t\t\t<a href=\"https:\/\/paradisevacationinsplitandcroatia.com\/en\/product\/kasuni\/\" class=\"wc-block-grid__product-link\">\n\t\t\t\t\t\n\t\t\t\t\t<div class=\"wc-block-grid__product-image\"><img loading=\"lazy\" decoding=\"async\" width=\"300\" height=\"300\" src=\"https:\/\/paradisevacationinsplitandcroatia.com\/wp-content\/uploads\/2021\/11\/Kasuni-Forest-Marjan-300x300.jpg\" class=\"attachment-woocommerce_thumbnail size-woocommerce_thumbnail\" alt=\"Ka\u0161uni\" srcset=\"https:\/\/paradisevacationinsplitandcroatia.com\/wp-content\/uploads\/2021\/11\/Kasuni-Forest-Marjan-300x300.jpg 300w, https:\/\/paradisevacationinsplitandcroatia.com\/wp-content\/uploads\/2021\/11\/Kasuni-Forest-Marjan-150x150.jpg 150w, https:\/\/paradisevacationinsplitandcroatia.com\/wp-content\/uploads\/2021\/11\/Kasuni-Forest-Marjan-100x100.jpg 100w\" sizes=\"auto, (max-width: 300px) 100vw, 300px\" \/><\/div>\n\t\t\t\t\t\n\t\t\t\t<\/a>\n\t\t\t\t\n\t\t\t\t\n\t\t\t\t\n\t\t\t<\/li><li class=\"wc-block-grid__product\">\n\t\t\t\t<a href=\"https:\/\/paradisevacationinsplitandcroatia.com\/en\/product\/institut-marjan\/\" class=\"wc-block-grid__product-link\">\n\t\t\t\t\t\n\t\t\t\t\t<div class=\"wc-block-grid__product-image\"><img loading=\"lazy\" decoding=\"async\" width=\"300\" height=\"300\" src=\"https:\/\/paradisevacationinsplitandcroatia.com\/wp-content\/uploads\/2021\/11\/Beach-Institut-Forest-Marjan5-300x300.jpg\" class=\"attachment-woocommerce_thumbnail size-woocommerce_thumbnail\" alt=\"Institut Marjan\" srcset=\"https:\/\/paradisevacationinsplitandcroatia.com\/wp-content\/uploads\/2021\/11\/Beach-Institut-Forest-Marjan5-300x300.jpg 300w, https:\/\/paradisevacationinsplitandcroatia.com\/wp-content\/uploads\/2021\/11\/Beach-Institut-Forest-Marjan5-150x150.jpg 150w, https:\/\/paradisevacationinsplitandcroatia.com\/wp-content\/uploads\/2021\/11\/Beach-Institut-Forest-Marjan5-100x100.jpg 100w\" sizes=\"auto, (max-width: 300px) 100vw, 300px\" \/><\/div>\n\t\t\t\t\t\n\t\t\t\t<\/a>\n\t\t\t\t\n\t\t\t\t\n\t\t\t\t\n\t\t\t<\/li><li class=\"wc-block-grid__product\">\n\t\t\t\t<a href=\"https:\/\/paradisevacationinsplitandcroatia.com\/en\/product\/budikovac\/\" class=\"wc-block-grid__product-link\">\n\t\t\t\t\t\n\t\t\t\t\t<div class=\"wc-block-grid__product-image\"><img loading=\"lazy\" decoding=\"async\" width=\"300\" height=\"300\" src=\"https:\/\/paradisevacationinsplitandcroatia.com\/wp-content\/uploads\/2021\/10\/2344bbd2-2b39-494c-9b21-1c2a0c7333aa-300x300.jpg\" class=\"attachment-woocommerce_thumbnail size-woocommerce_thumbnail\" alt=\"Budikovac\" srcset=\"https:\/\/paradisevacationinsplitandcroatia.com\/wp-content\/uploads\/2021\/10\/2344bbd2-2b39-494c-9b21-1c2a0c7333aa-300x300.jpg 300w, https:\/\/paradisevacationinsplitandcroatia.com\/wp-content\/uploads\/2021\/10\/2344bbd2-2b39-494c-9b21-1c2a0c7333aa-150x150.jpg 150w, https:\/\/paradisevacationinsplitandcroatia.com\/wp-content\/uploads\/2021\/10\/2344bbd2-2b39-494c-9b21-1c2a0c7333aa-100x100.jpg 100w\" sizes=\"auto, (max-width: 300px) 100vw, 300px\" \/><\/div>\n\t\t\t\t\t\n\t\t\t\t<\/a>\n\t\t\t\t\n\t\t\t\t\n\t\t\t\t\n\t\t\t<\/li><li class=\"wc-block-grid__product\">\n\t\t\t\t<a href=\"https:\/\/paradisevacationinsplitandcroatia.com\/en\/product\/vis\/\" class=\"wc-block-grid__product-link\">\n\t\t\t\t\t\n\t\t\t\t\t<div class=\"wc-block-grid__product-image\"><img loading=\"lazy\" decoding=\"async\" width=\"300\" height=\"300\" src=\"https:\/\/paradisevacationinsplitandcroatia.com\/wp-content\/uploads\/2021\/10\/vis-300x300.jpg\" class=\"attachment-woocommerce_thumbnail size-woocommerce_thumbnail\" alt=\"Vis\" srcset=\"https:\/\/paradisevacationinsplitandcroatia.com\/wp-content\/uploads\/2021\/10\/vis-300x300.jpg 300w, https:\/\/paradisevacationinsplitandcroatia.com\/wp-content\/uploads\/2021\/10\/vis-150x150.jpg 150w, https:\/\/paradisevacationinsplitandcroatia.com\/wp-content\/uploads\/2021\/10\/vis-100x100.jpg 100w\" sizes=\"auto, (max-width: 300px) 100vw, 300px\" \/><\/div>\n\t\t\t\t\t\n\t\t\t\t<\/a>\n\t\t\t\t\n\t\t\t\t\n\t\t\t\t\n\t\t\t<\/li><li class=\"wc-block-grid__product\">\n\t\t\t\t<a href=\"https:\/\/paradisevacationinsplitandcroatia.com\/en\/product\/brac\/\" class=\"wc-block-grid__product-link\">\n\t\t\t\t\t\n\t\t\t\t\t<div class=\"wc-block-grid__product-image\"><img loading=\"lazy\" decoding=\"async\" width=\"300\" height=\"300\" src=\"https:\/\/paradisevacationinsplitandcroatia.com\/wp-content\/uploads\/2021\/12\/5-brac.jpg\" class=\"attachment-woocommerce_thumbnail size-woocommerce_thumbnail\" alt=\"Bra\u010d\" srcset=\"https:\/\/paradisevacationinsplitandcroatia.com\/wp-content\/uploads\/2021\/12\/5-brac.jpg 300w, https:\/\/paradisevacationinsplitandcroatia.com\/wp-content\/uploads\/2021\/12\/5-brac-150x150.jpg 150w, https:\/\/paradisevacationinsplitandcroatia.com\/wp-content\/uploads\/2021\/12\/5-brac-12x12.jpg 12w, https:\/\/paradisevacationinsplitandcroatia.com\/wp-content\/uploads\/2021\/12\/5-brac-100x100.jpg 100w, https:\/\/paradisevacationinsplitandcroatia.com\/wp-content\/uploads\/2021\/12\/5-brac-116x116.jpg 116w\" sizes=\"auto, (max-width: 300px) 100vw, 300px\" \/><\/div>\n\t\t\t\t\t\n\t\t\t\t<\/a>\n\t\t\t\t\n\t\t\t\t\n\t\t\t\t\n\t\t\t<\/li><li class=\"wc-block-grid__product\">\n\t\t\t\t<a href=\"https:\/\/paradisevacationinsplitandcroatia.com\/en\/product\/lastovo\/\" class=\"wc-block-grid__product-link\">\n\t\t\t\t\t\n\t\t\t\t\t<div class=\"wc-block-grid__product-image\"><img loading=\"lazy\" decoding=\"async\" width=\"300\" height=\"300\" src=\"https:\/\/paradisevacationinsplitandcroatia.com\/wp-content\/uploads\/2021\/12\/12-lastovo.jpg\" class=\"attachment-woocommerce_thumbnail size-woocommerce_thumbnail\" alt=\"Lastovo\" srcset=\"https:\/\/paradisevacationinsplitandcroatia.com\/wp-content\/uploads\/2021\/12\/12-lastovo.jpg 300w, https:\/\/paradisevacationinsplitandcroatia.com\/wp-content\/uploads\/2021\/12\/12-lastovo-150x150.jpg 150w, https:\/\/paradisevacationinsplitandcroatia.com\/wp-content\/uploads\/2021\/12\/12-lastovo-12x12.jpg 12w, https:\/\/paradisevacationinsplitandcroatia.com\/wp-content\/uploads\/2021\/12\/12-lastovo-100x100.jpg 100w, https:\/\/paradisevacationinsplitandcroatia.com\/wp-content\/uploads\/2021\/12\/12-lastovo-116x116.jpg 116w\" sizes=\"auto, (max-width: 300px) 100vw, 300px\" \/><\/div>\n\t\t\t\t\t\n\t\t\t\t<\/a>\n\t\t\t\t\n\t\t\t\t\n\t\t\t\t\n\t\t\t<\/li><li class=\"wc-block-grid__product\">\n\t\t\t\t<a href=\"https:\/\/paradisevacationinsplitandcroatia.com\/en\/product\/nacionalni-park-plitvicka-jezera\/\" class=\"wc-block-grid__product-link\">\n\t\t\t\t\t\n\t\t\t\t\t<div class=\"wc-block-grid__product-image\"><img loading=\"lazy\" decoding=\"async\" width=\"300\" height=\"300\" src=\"https:\/\/paradisevacationinsplitandcroatia.com\/wp-content\/uploads\/2021\/07\/AB1_4467_01-300x300.jpg\" class=\"attachment-woocommerce_thumbnail size-woocommerce_thumbnail\" alt=\"NP Plitvi\u010dka jezera\" srcset=\"https:\/\/paradisevacationinsplitandcroatia.com\/wp-content\/uploads\/2021\/07\/AB1_4467_01-300x300.jpg 300w, https:\/\/paradisevacationinsplitandcroatia.com\/wp-content\/uploads\/2021\/07\/AB1_4467_01-150x150.jpg 150w, https:\/\/paradisevacationinsplitandcroatia.com\/wp-content\/uploads\/2021\/07\/AB1_4467_01-100x100.jpg 100w\" sizes=\"auto, (max-width: 300px) 100vw, 300px\" \/><\/div>\n\t\t\t\t\t\n\t\t\t\t<\/a>\n\t\t\t\t\n\t\t\t\t\n\t\t\t\t\n\t\t\t<\/li><li class=\"wc-block-grid__product\">\n\t\t\t\t<a href=\"https:\/\/paradisevacationinsplitandcroatia.com\/en\/product\/trogir\/\" class=\"wc-block-grid__product-link\">\n\t\t\t\t\t\n\t\t\t\t\t<div class=\"wc-block-grid__product-image\"><img loading=\"lazy\" decoding=\"async\" width=\"300\" height=\"300\" src=\"https:\/\/paradisevacationinsplitandcroatia.com\/wp-content\/uploads\/2021\/12\/6-trogir.jpg\" class=\"attachment-woocommerce_thumbnail size-woocommerce_thumbnail\" alt=\"Trogir\" srcset=\"https:\/\/paradisevacationinsplitandcroatia.com\/wp-content\/uploads\/2021\/12\/6-trogir.jpg 300w, https:\/\/paradisevacationinsplitandcroatia.com\/wp-content\/uploads\/2021\/12\/6-trogir-150x150.jpg 150w, https:\/\/paradisevacationinsplitandcroatia.com\/wp-content\/uploads\/2021\/12\/6-trogir-12x12.jpg 12w, https:\/\/paradisevacationinsplitandcroatia.com\/wp-content\/uploads\/2021\/12\/6-trogir-100x100.jpg 100w, https:\/\/paradisevacationinsplitandcroatia.com\/wp-content\/uploads\/2021\/12\/6-trogir-116x116.jpg 116w\" sizes=\"auto, (max-width: 300px) 100vw, 300px\" \/><\/div>\n\t\t\t\t\t\n\t\t\t\t<\/a>\n\t\t\t\t\n\t\t\t\t\n\t\t\t\t\n\t\t\t<\/li><li class=\"wc-block-grid__product\">\n\t\t\t\t<a href=\"https:\/\/paradisevacationinsplitandcroatia.com\/en\/product\/povijest-split\/\" class=\"wc-block-grid__product-link\">\n\t\t\t\t\t\n\t\t\t\t\t<div class=\"wc-block-grid__product-image\"><img loading=\"lazy\" decoding=\"async\" width=\"300\" height=\"300\" src=\"https:\/\/paradisevacationinsplitandcroatia.com\/wp-content\/uploads\/2021\/05\/MG_0571-preview-300x300.jpg\" class=\"attachment-woocommerce_thumbnail size-woocommerce_thumbnail\" alt=\"Povijest Splita\" srcset=\"https:\/\/paradisevacationinsplitandcroatia.com\/wp-content\/uploads\/2021\/05\/MG_0571-preview-300x300.jpg 300w, https:\/\/paradisevacationinsplitandcroatia.com\/wp-content\/uploads\/2021\/05\/MG_0571-preview-150x150.jpg 150w, https:\/\/paradisevacationinsplitandcroatia.com\/wp-content\/uploads\/2021\/05\/MG_0571-preview-100x100.jpg 100w\" sizes=\"auto, (max-width: 300px) 100vw, 300px\" \/><\/div>\n\t\t\t\t\t\n\t\t\t\t<\/a>\n\t\t\t\t\n\t\t\t\t\n\t\t\t\t\n\t\t\t<\/li><\/ul><\/div>\n\n\n<div class=\"wp-block-columns is-layout-flex wp-container-core-columns-is-layout-9d6595d7 wp-block-columns-is-layout-flex\">\n<div class=\"wp-block-column is-layout-flow wp-block-column-is-layout-flow\">\n<ul class=\"wp-block-list\"><li><strong>Popularne morske atrakcije:<\/strong><ul><li><a href=\"https:\/\/paradisevacationinsplitandcroatia.com\/product\/modra-spilja\/\" data-type=\"product\" data-id=\"1118\">Modra \u0161pilja<\/a><\/li><li><a href=\"https:\/\/paradisevacationinsplitandcroatia.com\/product\/zelena-spilja\/\" data-type=\"product\" data-id=\"792\">Zelena \u0161pilja<\/a><\/li><li><a href=\"https:\/\/paradisevacationinsplitandcroatia.com\/product\/stiniva\/\" data-type=\"product\" data-id=\"804\">Stiniva Vis<\/a><\/li><li><a href=\"https:\/\/paradisevacationinsplitandcroatia.com\/product\/blue-lagoo\/\" data-type=\"product\" data-id=\"778\">Plava laguna<\/a><\/li><\/ul><\/li><li><strong>Nacionalni parkovi:<\/strong><ul><li><a href=\"https:\/\/paradisevacationinsplitandcroatia.com\/product\/nacionalni-park-plitvicka-jezera\/\" data-type=\"product\" data-id=\"195\">Plitvi\u010dka jezera<\/a><\/li><li><a href=\"https:\/\/paradisevacationinsplitandcroatia.com\/product\/krka\/\" data-type=\"product\" data-id=\"910\">Slapovi krke<\/a><\/li><li><a href=\"https:\/\/paradisevacationinsplitandcroatia.com\/product\/kornati\/\" data-type=\"product\" data-id=\"1327\">Kornati<\/a><\/li><\/ul><\/li><li><strong>Prirodne \u0161pilje:<\/strong><ul><li><a href=\"https:\/\/paradisevacationinsplitandcroatia.com\/product\/spilja-vranjaca\/\" data-type=\"product\" data-id=\"1127\">\u0160pilja vranja\u010da<\/a><\/li><li><a href=\"https:\/\/paradisevacationinsplitandcroatia.com\/product\/baraceve-spilje\/\" data-type=\"product\" data-id=\"768\">Bara\u010deve \u0161pilje<\/a><\/li><\/ul><\/li><li><strong>Gradovi:<\/strong><ul><li><a href=\"https:\/\/paradisevacationinsplitandcroatia.com\/product\/split\/\" data-type=\"product\" data-id=\"26\">Split<\/a><\/li><li><a href=\"https:\/\/paradisevacationinsplitandcroatia.com\/product\/solin\/\" data-type=\"product\" data-id=\"22\">Solin<\/a><\/li><\/ul><ul><li><a href=\"https:\/\/paradisevacationinsplitandcroatia.com\/product\/trogir\/\" data-type=\"product\" data-id=\"79\">Trogir<\/a><\/li><li><a href=\"https:\/\/paradisevacationinsplitandcroatia.com\/product\/klis\/\" data-type=\"product\" data-id=\"1238\">Klis<\/a><\/li><li><a href=\"https:\/\/paradisevacationinsplitandcroatia.com\/product\/omis\/\" data-type=\"product\" data-id=\"1274\">Omi\u0161<\/a><\/li><li><a href=\"https:\/\/paradisevacationinsplitandcroatia.com\/product\/sinj\/\" data-type=\"product\" data-id=\"1293\">Sinj<\/a><\/li><li><a href=\"https:\/\/paradisevacationinsplitandcroatia.com\/product\/makarska\/\" data-type=\"product\" data-id=\"1249\">Makarska<\/a><\/li><li><a href=\"https:\/\/paradisevacationinsplitandcroatia.com\/product\/brela\/\" data-type=\"product\" data-id=\"1174\">Brela<\/a><\/li><\/ul><ul><li><a href=\"https:\/\/paradisevacationinsplitandcroatia.com\/product\/primosten\/\" data-type=\"product\" data-id=\"1280\">Primo\u0161ten<\/a><\/li><li><a href=\"https:\/\/paradisevacationinsplitandcroatia.com\/product\/sibenik\/\" data-type=\"product\" data-id=\"1303\">\u0160ibenik<\/a><\/li><li><a href=\"https:\/\/paradisevacationinsplitandcroatia.com\/product\/zadar\/\" data-type=\"product\" data-id=\"1316\">Zadar<\/a><\/li><li><a href=\"https:\/\/paradisevacationinsplitandcroatia.com\/product\/grad\/\" data-type=\"product\" data-id=\"1205\">Dubrovnik<\/a><\/li><li><a href=\"https:\/\/paradisevacationinsplitandcroatia.com\/product\/medugorje\/\" data-type=\"product\" data-id=\"1261\">Me\u0111ugorje<\/a><\/li><li><a href=\"https:\/\/paradisevacationinsplitandcroatia.com\/product\/mostar\/\" data-type=\"product\" data-id=\"1269\">Mostar<\/a><\/li><\/ul><\/li><li><strong>Otoci:<\/strong><ul><li><a href=\"https:\/\/paradisevacationinsplitandcroatia.com\/product\/solta\/\" data-type=\"product\" data-id=\"24\">\u0160olta<\/a><\/li><li><a href=\"https:\/\/paradisevacationinsplitandcroatia.com\/product\/brac\/\" data-type=\"product\" data-id=\"743\">Bra\u010d<\/a><\/li><li><a href=\"https:\/\/paradisevacationinsplitandcroatia.com\/product\/hvar-2\/\" data-type=\"product\" data-id=\"1130\">Hvar<\/a><\/li><li><a href=\"https:\/\/paradisevacationinsplitandcroatia.com\/product\/palmizana\/\" data-type=\"product\" data-id=\"864\">Palmi\u017eana<\/a><\/li><li><a href=\"https:\/\/paradisevacationinsplitandcroatia.com\/product\/budikovac\/\" data-type=\"product\" data-id=\"751\">Budikovac<\/a><\/li><li><a href=\"https:\/\/paradisevacationinsplitandcroatia.com\/product\/vis\/\" data-type=\"product\" data-id=\"745\">Vis<\/a><\/li><li><a href=\"https:\/\/paradisevacationinsplitandcroatia.com\/product\/korcula\/\" data-type=\"product\" data-id=\"257\">Kor\u010dula<\/a><\/li><li><a href=\"https:\/\/paradisevacationinsplitandcroatia.com\/product\/lastovo\/\" data-type=\"product\" data-id=\"282\">Lastovo<\/a><\/li><\/ul><\/li><\/ul>\n<\/div>\n\n\n\n<div class=\"wp-block-column is-layout-flow wp-block-column-is-layout-flow\">\n<ul class=\"wp-block-list\"><li><strong>Smje\u0161taj<\/strong>:<ul><li><a href=\"https:\/\/paradisevacationinsplitandcroatia.com\/product-category\/smjestaj\/vile\/\" data-type=\"product_cat\" data-id=\"38\">Vile sa bazenom<\/a><\/li><li><a href=\"https:\/\/paradisevacationinsplitandcroatia.com\/product-category\/smjestaj\/aparman\/\" data-type=\"product_cat\" data-id=\"39\">Apartmani<\/a><\/li><\/ul><\/li><li><strong>Plovidba<\/strong><ul><li><a href=\"https:\/\/paradisevacationinsplitandcroatia.com\/product-category\/gliseri\/\" data-type=\"product_cat\" data-id=\"24\">Gliseri<\/a><\/li><li>Jahte<\/li><li>Jedrilice<\/li><\/ul><\/li><li><strong>Sportski turizam<\/strong><ul><li>Big game fishing<\/li><\/ul><ul><li><a href=\"https:\/\/paradisevacationinsplitandcroatia.com\/product-category\/sport\/zipline\/\" data-type=\"product_cat\" data-id=\"46\">Zipline<\/a><\/li><li><a href=\"https:\/\/paradisevacationinsplitandcroatia.com\/product-category\/sport\/kite-surfing\/\" data-type=\"product_cat\" data-id=\"45\">Kite surf<\/a><\/li><li><a href=\"https:\/\/paradisevacationinsplitandcroatia.com\/product\/windsurf-sibenik\/\" data-type=\"product\" data-id=\"1011\">Jedrenje na vjetru<\/a><\/li><li><a href=\"https:\/\/paradisevacationinsplitandcroatia.com\/product\/rafting-cetina\/\" data-type=\"product\" data-id=\"996\">Rafting<\/a><\/li><li><a href=\"https:\/\/paradisevacationinsplitandcroatia.com\/product\/canyoning\/\" data-type=\"product\" data-id=\"1047\">Kanjoning<\/a><\/li><\/ul><\/li><li><strong>Zdravstveni turizam<\/strong><ul><li><a href=\"https:\/\/paradisevacationinsplitandcroatia.com\/product\/dentalni-centar-dentech\/\" data-type=\"product\" data-id=\"829\">Dentalna medicina<\/a><\/li><li><a href=\"https:\/\/paradisevacationinsplitandcroatia.com\/product\/dr-kiropraktike-bandalo\/\" data-type=\"product\" data-id=\"983\">Fizioterapeutska medicina<\/a><\/li><\/ul><\/li><li><strong>Komplenta ponuda<\/strong>:<ul><li><a href=\"https:\/\/paradisevacationinsplitandcroatia.com\/product-category\/transport\/\" data-type=\"product_cat\" data-id=\"28\">Transport<\/a><\/li><li><a href=\"https:\/\/paradisevacationinsplitandcroatia.com\/product\/elektricna-panoramska-vozila\/\" data-type=\"product\" data-id=\"699\">Elektri\u010dna panoramska vozila<\/a><\/li><li><a href=\"https:\/\/paradisevacationinsplitandcroatia.com\/product\/avio-panoramski-letovi\/\" data-type=\"product\" data-id=\"919\">Avioni za Razgledavanje Panorame<\/a><\/li><li><a href=\"https:\/\/paradisevacationinsplitandcroatia.com\/product-category\/obiteljska-gospodarstva\/\" data-type=\"product_cat\" data-id=\"27\">Obiteljska doma\u010dinstva<\/a><\/li><li><a href=\"https:\/\/paradisevacationinsplitandcroatia.com\/product-category\/restorani\/\" data-type=\"product_cat\" data-id=\"29\">Restorani<\/a><\/li><\/ul><ul><li><a href=\"https:\/\/paradisevacationinsplitandcroatia.com\/product-category\/vinogradi-i-maslinici\/\" data-type=\"product_cat\" data-id=\"31\">Vinogradi i maslenici<\/a><\/li><li><a href=\"https:\/\/paradisevacationinsplitandcroatia.com\/product-category\/fotograf\/\" data-type=\"product_cat\" data-id=\"47\">Profesionalni fotografi<\/a><\/li><li>Profesionalni kuhar<\/li><\/ul><\/li><li> <strong>Split i Dalmacija Info<\/strong>:<ul><li>Dalmatinski Specijaliteti<\/li><li>Dalmatinski Brendovi<\/li><li>Dalmatinske Tradicije<\/li><li>Ljekovito Bilje i preparati na biljnoj bazi<\/li><li>Split &#8211; povijest sporta<\/li><li>Split &#8211; Zanimljivosti<\/li><\/ul><\/li><\/ul>\n<\/div>\n<\/div>\n\n\n\n<p><\/p>\n","protected":false},"excerpt":{"rendered":"<p>O meni Zovem se Ivica Jer\u010di\u0107 i 15 godina radim u turizmu i iznajmljujem apartmane a zadnjih 3 godine i &hellip; <a href=\"https:\/\/paradisevacationinsplitandcroatia.com\/en\/english\/\" class=\"more-link\">Continue reading <span class=\"screen-reader-text\">Untitled<\/span><\/a><\/p>","protected":false},"author":1,"featured_media":0,"parent":0,"menu_order":0,"comment_status":"closed","ping_status":"closed","template":"full-width-template.php","meta":{"inline_featured_image":false,"footnotes":""},"class_list":["post-246","page","type-page","status-publish","hentry"],"_links":{"self":[{"href":"https:\/\/paradisevacationinsplitandcroatia.com\/en\/wp-json\/wp\/v2\/pages\/246","targetHints":{"allow":["GET"]}}],"collection":[{"href":"https:\/\/paradisevacationinsplitandcroatia.com\/en\/wp-json\/wp\/v2\/pages"}],"about":[{"href":"https:\/\/paradisevacationinsplitandcroatia.com\/en\/wp-json\/wp\/v2\/types\/page"}],"author":[{"embeddable":true,"href":"https:\/\/paradisevacationinsplitandcroatia.com\/en\/wp-json\/wp\/v2\/users\/1"}],"replies":[{"embeddable":true,"href":"https:\/\/paradisevacationinsplitandcroatia.com\/en\/wp-json\/wp\/v2\/comments?post=246"}],"version-history":[{"count":29,"href":"https:\/\/paradisevacationinsplitandcroatia.com\/en\/wp-json\/wp\/v2\/pages\/246\/revisions"}],"predecessor-version":[{"id":1347,"href":"https:\/\/paradisevacationinsplitandcroatia.com\/en\/wp-json\/wp\/v2\/pages\/246\/revisions\/1347"}],"wp:attachment":[{"href":"https:\/\/paradisevacationinsplitandcroatia.com\/en\/wp-json\/wp\/v2\/media?parent=246"}],"curies":[{"name":"wp","href":"https:\/\/api.w.org\/{rel}","templated":true}]}}