{"id":950,"date":"2021-11-14T09:17:11","date_gmt":"2021-11-14T09:17:11","guid":{"rendered":"https:\/\/paradisevacationinsplitandcroatia.com\/?page_id=950"},"modified":"2022-01-30T19:21:44","modified_gmt":"2022-01-30T19:21:44","slug":"primjeri-kompletnih-paketa","status":"publish","type":"page","link":"https:\/\/paradisevacationinsplitandcroatia.com\/en\/primjeri-kompletnih-paketa\/","title":{"rendered":"Examples of complete packages"},"content":{"rendered":"<p>Examples of packages are for 2 weeks but it is possible to organize 1 week or more, all as your preference.<\/p>\n\n\n\n<h2 class=\"wp-block-heading\" id=\"1-primjer-paketa\">1st example package<\/h2>\n\n\n\n<ol class=\"wp-block-list\"><li>day -&gt; hotel-villa-apartment<\/li><li>day -&gt; sightseeing of Diocletian's Palace-feel life in Split-lunch-swimming on one of the popular beaches<\/li><li>day -&gt; island trip. trip 5 islands with speedboat Hvar-Palmi\u017eana-Blue cave-Green cave-beach Stiniva Vis-Budikovac<\/li><li>day -&gt; hotel-villa-apartment<\/li><li>day -&gt; hotel-villa-apartment<\/li><li>day -&gt; historical trip Solin (old Salona)-Klis-Sinj-dinner at the family household Mustang<\/li><li>day -&gt; Natural trip. Plitvice Lakes-Bara\u010d Caves-dinner at the \u0160ari\u0107 family household in Primo\u0161ten<\/li><li>day -&gt; hotel, villa, apartment<\/li><li>day -&gt; hotel-villa-apartment<\/li><li>day -&gt; Historical trip. Zadar-\u0160ibenik-dinner at the \u0160ari\u0107 family household in Primo\u0161ten<\/li><li>day -&gt; hotel, villa, apartment<\/li><li>day -&gt; Natural trip. Krka waterfalls-lunch at the \u0160ari\u0107 family household in Primo\u0161ten-Trogir in the evening<\/li><li>day -&gt; hotel-villa-apartment<\/li><li>day -&gt; hotel-villa-apartment<\/li><\/ol>\n\n\n\n<h2 class=\"wp-block-heading\" id=\"2-primjer-paketa\">2nd example package<\/h2>\n\n\n\n<ol class=\"wp-block-list\"><li>day -&gt; hotel-villa-apartment<\/li><li>day -&gt; sightseeing of Diocletian's Palace-feel life in Split-lunch-swimming on one of the popular beaches<\/li><li>day -&gt; natural trip. Krka waterfalls - lunch at the \u0160ari\u0107-Trogir family household<\/li><li>day -&gt; hotel-villa-apartment<\/li><li>day -&gt; hotel-villa-apartment<\/li><li>day -&gt; Historical trip. Solin-Klis-cave Vranja\u010da-Sinj-dinner at a family household<\/li><li>day -&gt; island trip. Excursion of 5 islands with a speedboat Hvar-Palmi\u017eana-Blue Cave-Green Cave-popular beach Stiniva Vis-Budikovac<\/li><li>day -&gt; hotel-villa-apartment<\/li><li>day -&gt; Plitvice Lakes-7 Kastela-dinner in a restaurant in the cave Grota<\/li><li>day -&gt; hotel-villa-apartment<\/li><li>day -&gt; hotel-villa-apartment<\/li><li>day -&gt; Kornati National Park-\u0160ibenik-dinner in the \u0160ari\u0107 family household in Primo\u0161ten<\/li><li>day -&gt; hotel-villa-apartment<\/li><li>day -&gt; hotel-villa-apartment<\/li><\/ol>\n\n\n\n<h2 class=\"wp-block-heading\" id=\"3-primjer-paketa\">3rd example package<\/h2>\n\n\n\n<ol class=\"wp-block-list\"><li>day -&gt; hotel-villa-apartment<\/li><li>day -&gt; sports trip. Zip Line on Mosor-Zip Line on Cetina-swimming on Omis beaches-dinner at Kremenko restaurant<\/li><li>day -&gt; Sports trip. Rafting on the river Cetina-swimming in Cetina-lunch-swimming on one of the popular beaches in Split<\/li><li>day -&gt; hotel-villa-apartment<\/li><li>day -&gt; hotel-villa-apartment<\/li><li>day -&gt; island trip. Excursion 5 islands Hvar-Palmi\u017eana-Blue Cave-Green Cave-popular beach Stiniva Vis<\/li><li>day -&gt; Sports trip. Canyoning on the river Cetina-swimming in Cetina-lunch in the restaurant Kremenko-Omis- swimming on the beaches in Omis<\/li><li>day -&gt; hotel-villa-apartment<\/li><li>day -&gt; feel life in Split-lunch-swimming on one of the popular beaches in Split<\/li><li>day -&gt; hotel-villa-apartment<\/li><li>day -&gt; hotel-villa-apartment<\/li><li>day -&gt; Plitvice Lakes-\u0160ibenik-dinner at the \u0160ari\u0107 family household in Primo\u0161ten<\/li><li>day -&gt; hotel-villa-apartment<\/li><li>day -&gt; hotel-villa-apartment<\/li><\/ol>","protected":false},"excerpt":{"rendered":"<p>Primjeri paketa su za 2 tjedna ali mogu\u0107e je organizirati i 1 tjedan ili vi\u0161e tjedana, sve po va\u0161em izboru. &hellip; <a href=\"https:\/\/paradisevacationinsplitandcroatia.com\/en\/primjeri-kompletnih-paketa\/\" class=\"more-link\">Continue reading <span class=\"screen-reader-text\">Examples of complete packages<\/span><\/a><\/p>","protected":false},"author":2,"featured_media":0,"parent":0,"menu_order":0,"comment_status":"closed","ping_status":"closed","template":"page-templates\/no-sidebar.php","meta":{"inline_featured_image":false,"footnotes":""},"class_list":["post-950","page","type-page","status-publish","hentry"],"_links":{"self":[{"href":"https:\/\/paradisevacationinsplitandcroatia.com\/en\/wp-json\/wp\/v2\/pages\/950","targetHints":{"allow":["GET"]}}],"collection":[{"href":"https:\/\/paradisevacationinsplitandcroatia.com\/en\/wp-json\/wp\/v2\/pages"}],"about":[{"href":"https:\/\/paradisevacationinsplitandcroatia.com\/en\/wp-json\/wp\/v2\/types\/page"}],"author":[{"embeddable":true,"href":"https:\/\/paradisevacationinsplitandcroatia.com\/en\/wp-json\/wp\/v2\/users\/2"}],"replies":[{"embeddable":true,"href":"https:\/\/paradisevacationinsplitandcroatia.com\/en\/wp-json\/wp\/v2\/comments?post=950"}],"version-history":[{"count":6,"href":"https:\/\/paradisevacationinsplitandcroatia.com\/en\/wp-json\/wp\/v2\/pages\/950\/revisions"}],"predecessor-version":[{"id":7639,"href":"https:\/\/paradisevacationinsplitandcroatia.com\/en\/wp-json\/wp\/v2\/pages\/950\/revisions\/7639"}],"wp:attachment":[{"href":"https:\/\/paradisevacationinsplitandcroatia.com\/en\/wp-json\/wp\/v2\/media?parent=950"}],"curies":[{"name":"wp","href":"https:\/\/api.w.org\/{rel}","templated":true}]}}