{"id":1238,"date":"2021-11-14T19:25:42","date_gmt":"2021-11-14T19:25:42","guid":{"rendered":"https:\/\/paradisevacationinsplitandcroatia.com\/?post_type=product&#038;p=1238"},"modified":"2021-12-08T17:16:56","modified_gmt":"2021-12-08T17:16:56","slug":"klis","status":"publish","type":"product","link":"https:\/\/paradisevacationinsplitandcroatia.com\/en\/product\/klis\/","title":{"rendered":"Klis"},"content":{"rendered":"<p>Klis je povijesno naselje koje je dobilo ime po planini na kojoj je izra\u0111ena Kli\u0161ka tvr\u0111ava, jedna od 2 najzanimljivije tvr\u0111ave u Hrvatskoj povijesti. Druga najzanimljivija tvr\u0111ava je Senjska tvr\u0111ava, i u to vrijeme imala veliko zna\u010denje u obrani Kli\u0161ke tvr\u0111ave u dugogodi\u0161njim poku\u0161ajima Osmanlija(Turaka) da je osvoje.<\/p>\n<p>Kli\u0161ka tvr\u0111ava izgra\u0111ena je na strmoj hridi izme\u0111u 2 brda Kozjak i Mosor, i u povijesti je imala obrambeni polo\u017eaj i nadzirala put iz unutra\u0161njosti put Splita i mora.<br \/>\nPovijesna borba na Kli\u0161koj tvr\u0111avi de\u0161avala se 1524 godine kad je turska vojska opkolila tvr\u0111avu i poku\u0161ala je osvojiti.<br \/>\nTa borba je poznata kao najdu\u017ea borba u povijesti ratovanja. Ratnici koji su branili Klis zvali su se Kli\u0161ki uskoci. Turci su \u017eeljeli osvojiti Klis da bi imali slobodan prolaz na more.<\/p>\n<p>Turci su i osvojili Klis, ali je jedan Kli\u0161ki ratnik oti\u0161ao u Senj po pomo\u0107 i vratio se sa brodovima i 1500 ratnika i razbio tursku vojsku. Rat okolo Kli\u0161ke tvr\u0111ave trajao je 13 godina. I Mle\u010dani su radili probleme i \u017eeljeli zauzeti Klis, ali i papa Klementin i papa Pavao II su dosta pomagali Klisu, pa je i turski car Sulejman rekao da je Klis &#8220;Papinski grad&#8221;.<br \/>\nKlis je i u Rimsko doba imao va\u017enu strate\u0161ku ulogu jer je nalazio blizu Salone(Solin danas) koja je u to vrijeme bila centar Dalmacije ali i isto\u010dnog dijela svijeta jer je u to vrijeme bila rezidencija cara Dioklecijana.<br \/>\n7 i 8 stolje\u0107e Klis je bio naseljen Hrvatima, gdje su i prvi \u010dvrsti temelji Hrvata napravljeni 852 godine dolaskom kneza Trpimira, i od tada je Klis bio u vlasni\u0161tvu Hrvatskih feudalaca i plemi\u0107kih familija. Klis je bio prvi hrvatski grad i prijestolnica dinastije Trpimirovi\u0107. I do dan danas kroz povijest tu je \u017eivio samo hrvatski narod.<br \/>\nKli\u0161ka tvr\u0111ava je i danas dobro sa\u010duvana i velika je turisti\u010dka atrakcija.<\/p>\n<p><div  id=\"jtg-4094\" class=\"modula modula-gallery modula-creative-gallery\" data-config=\"{&quot;height&quot;:800,&quot;tabletHeight&quot;:800,&quot;mobileHeight&quot;:800,&quot;desktopHeight&quot;:800,&quot;enableTwitter&quot;:false,&quot;enableWhatsapp&quot;:false,&quot;enableFacebook&quot;:false,&quot;enablePinterest&quot;:false,&quot;enableLinkedin&quot;:false,&quot;enableEmail&quot;:false,&quot;randomFactor&quot;:0.5,&quot;type&quot;:&quot;creative-gallery&quot;,&quot;columns&quot;:12,&quot;gutter&quot;:10,&quot;mobileGutter&quot;:10,&quot;tabletGutter&quot;:10,&quot;desktopGutter&quot;:10,&quot;enableResponsive&quot;:&quot;0&quot;,&quot;tabletColumns&quot;:&quot;2&quot;,&quot;mobileColumns&quot;:&quot;1&quot;,&quot;lazyLoad&quot;:0,&quot;lightboxOpts&quot;:{&quot;animated&quot;:true,&quot;Thumbs&quot;:{&quot;type&quot;:&quot;modern&quot;,&quot;showOnStart&quot;:false},&quot;Toolbar&quot;:{&quot;display&quot;:{&quot;right&quot;:[&quot;close&quot;]},&quot;enabled&quot;:true},&quot;Carousel&quot;:{&quot;Panzoom&quot;:{&quot;touch&quot;:true},&quot;infinite&quot;:false},&quot;keyboard&quot;:{&quot;Escape&quot;:&quot;close&quot;,&quot;Delete&quot;:&quot;close&quot;,&quot;Backspace&quot;:&quot;close&quot;,&quot;PageUp&quot;:false,&quot;PageDown&quot;:false,&quot;ArrowUp&quot;:false,&quot;ArrowDown&quot;:false,&quot;ArrowRight&quot;:false,&quot;ArrowLeft&quot;:false},&quot;touch&quot;:false,&quot;backdropClick&quot;:false,&quot;l10n&quot;:{&quot;CLOSE&quot;:&quot;Close&quot;,&quot;NEXT&quot;:&quot;Next&quot;,&quot;PREV&quot;:&quot;Previous&quot;,&quot;Error&quot;:&quot;The requested content cannot be loaded. Please try again later.&quot;,&quot;PLAY_START&quot;:&quot;Start slideshow&quot;,&quot;PLAY_STOP&quot;:&quot;Pause slideshow&quot;,&quot;FULL_SCREEN&quot;:&quot;Full screen&quot;,&quot;THUMBS&quot;:&quot;Thumbnails&quot;,&quot;DOWNLOAD&quot;:&quot;Download&quot;,&quot;SHARE&quot;:&quot;Share&quot;,&quot;ZOOM&quot;:&quot;Zoom&quot;,&quot;EMAIL&quot;:&quot;Here is the link to the image : %%image_link%% and this is the link to the gallery : %%gallery_link%%&quot;,&quot;MODAL&quot;:&quot;You can close this modal content with the ESC key&quot;,&quot;ERROR&quot;:&quot;Something Went Wrong, Please Try Again Later&quot;,&quot;IMAGE_ERROR&quot;:&quot;Image Not Found&quot;,&quot;ELEMENT_NOT_FOUND&quot;:&quot;HTML Element Not Found&quot;,&quot;AJAX_NOT_FOUND&quot;:&quot;Error Loading AJAX : Not Found&quot;,&quot;AJAX_FORBIDDEN&quot;:&quot;Error Loading AJAX : Forbidden&quot;,&quot;IFRAME_ERROR&quot;:&quot;Error Loading Page&quot;,&quot;TOGGLE_ZOOM&quot;:&quot;Toggle zoom level&quot;,&quot;TOGGLE_THUMBS&quot;:&quot;Toggle thumbnails&quot;,&quot;TOGGLE_SLIDESHOW&quot;:&quot;Toggle slideshow&quot;,&quot;TOGGLE_FULLSCREEN&quot;:&quot;Toggle full-screen mode&quot;},&quot;Images&quot;:{&quot;Panzoom&quot;:{&quot;maxScale&quot;:2}},&quot;mainClass&quot;:&quot;modula-fancybox-container modula-lightbox-jtg-4094&quot;,&quot;Html&quot;:{&quot;videoAutoplay&quot;:0,&quot;videoTpl&quot;:&quot;&lt;video class=\\&quot;fancybox__html5video\\&quot; controls muted playsinline controlsList controlsList=\\&quot;nodownload\\&quot; poster=\\&quot;{{poster}}\\&quot; src=\\&quot;{{src}}\\&quot; type=\\&quot;{{format}}\\&quot; &gt;  Sorry, your browser doesn&#039;t support embedded videos, &lt;a href=\\&quot;{{src}}\\&quot;&gt; download &lt;\\\/a&gt; and watch with your favorite video player! &lt;\\\/video&gt;&quot;}},&quot;inView&quot;:false,&quot;email_subject&quot;:&quot;Check out this awesome image !!&quot;,&quot;email_message&quot;:&quot;Here is the link to the image : %%image_link%% and this is the link to the gallery : %%gallery_link%%&quot;,&quot;lightbox&quot;:&quot;fancybox&quot;}\">\n\n\t\n\t<div  class=\"modula-items\">\n\t\t<div class=\"modula-item effect-pufrobo\" >\n\t<div class=\"modula-item-overlay\"><\/div>\n\n\t<div class=\"modula-item-content\">\n\n\t\t<a data-image-id=\"4095\" role=\"button\" tabindex=\"0\" rel=\"jtg-4094\" data-caption=\"\" aria-label=\"Open image in lightbox\" class=\"tile-inner modula-item-link\"><\/a><img loading=\"lazy\" decoding=\"async\" class=\"pic wp-image-4095\"  data-valign=\"middle\" data-halign=\"center\" alt=\"\" data-full=\"https:\/\/paradisevacationinsplitandcroatia.com\/wp-content\/uploads\/2021\/11\/2af1d76c-37fb-4f41-aa82-9bb7fcfd52d9-1.jpg\" title=\"2af1d76c-37fb-4f41-aa82-9bb7fcfd52d9\" crop=\"\" width=\"258\" height=\"195\" src=\"https:\/\/paradisevacationinsplitandcroatia.com\/wp-content\/uploads\/2021\/11\/2af1d76c-37fb-4f41-aa82-9bb7fcfd52d9-1.jpg\" data-src=\"https:\/\/paradisevacationinsplitandcroatia.com\/wp-content\/uploads\/2021\/11\/2af1d76c-37fb-4f41-aa82-9bb7fcfd52d9-1.jpg\" data-caption=\"\" srcset=\"https:\/\/paradisevacationinsplitandcroatia.com\/wp-content\/uploads\/2021\/11\/2af1d76c-37fb-4f41-aa82-9bb7fcfd52d9-1.jpg 258w, https:\/\/paradisevacationinsplitandcroatia.com\/wp-content\/uploads\/2021\/11\/2af1d76c-37fb-4f41-aa82-9bb7fcfd52d9-1-16x12.jpg 16w, https:\/\/paradisevacationinsplitandcroatia.com\/wp-content\/uploads\/2021\/11\/2af1d76c-37fb-4f41-aa82-9bb7fcfd52d9-1-153x116.jpg 153w\" sizes=\"auto, (max-width: 258px) 100vw, 258px\" \/>\n\t\t<div class=\"figc no-description\">\n\t\t\t<div class=\"figc-inner\">\n\t\t\t\t\t\t\t\t\t\t\t\t\t\t\t<\/div>\n\t\t<\/div>\n\n\t<\/div>\n\n<\/div><div class=\"modula-item effect-pufrobo\" >\n\t<div class=\"modula-item-overlay\"><\/div>\n\n\t<div class=\"modula-item-content\">\n\n\t\t<a data-image-id=\"4096\" role=\"button\" tabindex=\"0\" rel=\"jtg-4094\" data-caption=\"\" aria-label=\"Open image in lightbox\" class=\"tile-inner modula-item-link\"><\/a><img loading=\"lazy\" decoding=\"async\" class=\"pic wp-image-4096\"  data-valign=\"middle\" data-halign=\"center\" alt=\"\" data-full=\"https:\/\/paradisevacationinsplitandcroatia.com\/wp-content\/uploads\/2021\/11\/0422a08d-6490-4e07-843a-2993a68d9622-1.jpg\" title=\"0422a08d-6490-4e07-843a-2993a68d9622\" crop=\"\" width=\"300\" height=\"152\" src=\"https:\/\/paradisevacationinsplitandcroatia.com\/wp-content\/uploads\/2021\/11\/0422a08d-6490-4e07-843a-2993a68d9622-1-300x152.jpg\" data-src=\"https:\/\/paradisevacationinsplitandcroatia.com\/wp-content\/uploads\/2021\/11\/0422a08d-6490-4e07-843a-2993a68d9622-1-300x152.jpg\" data-caption=\"\" srcset=\"https:\/\/paradisevacationinsplitandcroatia.com\/wp-content\/uploads\/2021\/11\/0422a08d-6490-4e07-843a-2993a68d9622-1.jpg 315w, https:\/\/paradisevacationinsplitandcroatia.com\/wp-content\/uploads\/2021\/11\/0422a08d-6490-4e07-843a-2993a68d9622-1-300x152.jpg 300w, https:\/\/paradisevacationinsplitandcroatia.com\/wp-content\/uploads\/2021\/11\/0422a08d-6490-4e07-843a-2993a68d9622-1-18x9.jpg 18w, https:\/\/paradisevacationinsplitandcroatia.com\/wp-content\/uploads\/2021\/11\/0422a08d-6490-4e07-843a-2993a68d9622-1-228x116.jpg 228w\" sizes=\"auto, (max-width: 300px) 100vw, 300px\" \/>\n\t\t<div class=\"figc no-description\">\n\t\t\t<div class=\"figc-inner\">\n\t\t\t\t\t\t\t\t\t\t\t\t\t\t\t<\/div>\n\t\t<\/div>\n\n\t<\/div>\n\n<\/div><div class=\"modula-item effect-pufrobo\" >\n\t<div class=\"modula-item-overlay\"><\/div>\n\n\t<div class=\"modula-item-content\">\n\n\t\t<a data-image-id=\"4099\" role=\"button\" tabindex=\"0\" rel=\"jtg-4094\" data-caption=\"\" aria-label=\"Open image in lightbox\" class=\"tile-inner modula-item-link\"><\/a><img loading=\"lazy\" decoding=\"async\" class=\"pic wp-image-4099\"  data-valign=\"middle\" data-halign=\"center\" alt=\"\" data-full=\"https:\/\/paradisevacationinsplitandcroatia.com\/wp-content\/uploads\/2021\/11\/WhatsApp-Image-2021-06-14-at-12.22.26-2.jpg\" title=\"WhatsApp Image 2021-06-14 at 12.22.26\" crop=\"\" width=\"300\" height=\"168\" src=\"https:\/\/paradisevacationinsplitandcroatia.com\/wp-content\/uploads\/2021\/11\/WhatsApp-Image-2021-06-14-at-12.22.26-2.jpg\" data-src=\"https:\/\/paradisevacationinsplitandcroatia.com\/wp-content\/uploads\/2021\/11\/WhatsApp-Image-2021-06-14-at-12.22.26-2.jpg\" data-caption=\"\" srcset=\"https:\/\/paradisevacationinsplitandcroatia.com\/wp-content\/uploads\/2021\/11\/WhatsApp-Image-2021-06-14-at-12.22.26-2.jpg 300w, https:\/\/paradisevacationinsplitandcroatia.com\/wp-content\/uploads\/2021\/11\/WhatsApp-Image-2021-06-14-at-12.22.26-2-18x10.jpg 18w, https:\/\/paradisevacationinsplitandcroatia.com\/wp-content\/uploads\/2021\/11\/WhatsApp-Image-2021-06-14-at-12.22.26-2-207x116.jpg 207w\" sizes=\"auto, (max-width: 300px) 100vw, 300px\" \/>\n\t\t<div class=\"figc no-description\">\n\t\t\t<div class=\"figc-inner\">\n\t\t\t\t\t\t\t\t\t\t\t\t\t\t\t<\/div>\n\t\t<\/div>\n\n\t<\/div>\n\n<\/div><div class=\"modula-item effect-pufrobo\" >\n\t<div class=\"modula-item-overlay\"><\/div>\n\n\t<div class=\"modula-item-content\">\n\n\t\t<a data-image-id=\"4100\" role=\"button\" tabindex=\"0\" rel=\"jtg-4094\" data-caption=\"\" aria-label=\"Open image in lightbox\" class=\"tile-inner modula-item-link\"><\/a><img loading=\"lazy\" decoding=\"async\" class=\"pic wp-image-4100\"  data-valign=\"middle\" data-halign=\"center\" alt=\"\" data-full=\"https:\/\/paradisevacationinsplitandcroatia.com\/wp-content\/uploads\/2021\/11\/WhatsApp-Image-2021-06-14-at-12.22.27-1-1.jpg\" title=\"WhatsApp Image 2021-06-14 at 12.22.27 (1)\" crop=\"\" width=\"276\" height=\"183\" src=\"https:\/\/paradisevacationinsplitandcroatia.com\/wp-content\/uploads\/2021\/11\/WhatsApp-Image-2021-06-14-at-12.22.27-1-1.jpg\" data-src=\"https:\/\/paradisevacationinsplitandcroatia.com\/wp-content\/uploads\/2021\/11\/WhatsApp-Image-2021-06-14-at-12.22.27-1-1.jpg\" data-caption=\"\" srcset=\"https:\/\/paradisevacationinsplitandcroatia.com\/wp-content\/uploads\/2021\/11\/WhatsApp-Image-2021-06-14-at-12.22.27-1-1.jpg 276w, https:\/\/paradisevacationinsplitandcroatia.com\/wp-content\/uploads\/2021\/11\/WhatsApp-Image-2021-06-14-at-12.22.27-1-1-18x12.jpg 18w, https:\/\/paradisevacationinsplitandcroatia.com\/wp-content\/uploads\/2021\/11\/WhatsApp-Image-2021-06-14-at-12.22.27-1-1-175x116.jpg 175w\" sizes=\"auto, (max-width: 276px) 100vw, 276px\" \/>\n\t\t<div class=\"figc no-description\">\n\t\t\t<div class=\"figc-inner\">\n\t\t\t\t\t\t\t\t\t\t\t\t\t\t\t<\/div>\n\t\t<\/div>\n\n\t<\/div>\n\n<\/div><div class=\"modula-item effect-pufrobo\" >\n\t<div class=\"modula-item-overlay\"><\/div>\n\n\t<div class=\"modula-item-content\">\n\n\t\t<a data-image-id=\"4101\" role=\"button\" tabindex=\"0\" rel=\"jtg-4094\" data-caption=\"\" aria-label=\"Open image in lightbox\" class=\"tile-inner modula-item-link\"><\/a><img loading=\"lazy\" decoding=\"async\" class=\"pic wp-image-4101\"  data-valign=\"middle\" data-halign=\"center\" alt=\"\" data-full=\"https:\/\/paradisevacationinsplitandcroatia.com\/wp-content\/uploads\/2021\/11\/WhatsApp-Image-2021-06-14-at-12.22.27-2-1.jpg\" title=\"WhatsApp Image 2021-06-14 at 12.22.27 (2)\" crop=\"\" width=\"275\" height=\"183\" src=\"https:\/\/paradisevacationinsplitandcroatia.com\/wp-content\/uploads\/2021\/11\/WhatsApp-Image-2021-06-14-at-12.22.27-2-1.jpg\" data-src=\"https:\/\/paradisevacationinsplitandcroatia.com\/wp-content\/uploads\/2021\/11\/WhatsApp-Image-2021-06-14-at-12.22.27-2-1.jpg\" data-caption=\"\" srcset=\"https:\/\/paradisevacationinsplitandcroatia.com\/wp-content\/uploads\/2021\/11\/WhatsApp-Image-2021-06-14-at-12.22.27-2-1.jpg 275w, https:\/\/paradisevacationinsplitandcroatia.com\/wp-content\/uploads\/2021\/11\/WhatsApp-Image-2021-06-14-at-12.22.27-2-1-18x12.jpg 18w, https:\/\/paradisevacationinsplitandcroatia.com\/wp-content\/uploads\/2021\/11\/WhatsApp-Image-2021-06-14-at-12.22.27-2-1-174x116.jpg 174w\" sizes=\"auto, (max-width: 275px) 100vw, 275px\" \/>\n\t\t<div class=\"figc no-description\">\n\t\t\t<div class=\"figc-inner\">\n\t\t\t\t\t\t\t\t\t\t\t\t\t\t\t<\/div>\n\t\t<\/div>\n\n\t<\/div>\n\n<\/div><div class=\"modula-item effect-pufrobo\" >\n\t<div class=\"modula-item-overlay\"><\/div>\n\n\t<div class=\"modula-item-content\">\n\n\t\t<a data-image-id=\"4102\" role=\"button\" tabindex=\"0\" rel=\"jtg-4094\" data-caption=\"\" aria-label=\"Open image in lightbox\" class=\"tile-inner modula-item-link\"><\/a><img loading=\"lazy\" decoding=\"async\" class=\"pic wp-image-4102\"  data-valign=\"middle\" data-halign=\"center\" alt=\"\" data-full=\"https:\/\/paradisevacationinsplitandcroatia.com\/wp-content\/uploads\/2021\/11\/WhatsApp-Image-2021-06-14-at-12.22.27-4.jpg\" title=\"WhatsApp Image 2021-06-14 at 12.22.27\" crop=\"\" width=\"276\" height=\"183\" src=\"https:\/\/paradisevacationinsplitandcroatia.com\/wp-content\/uploads\/2021\/11\/WhatsApp-Image-2021-06-14-at-12.22.27-4.jpg\" data-src=\"https:\/\/paradisevacationinsplitandcroatia.com\/wp-content\/uploads\/2021\/11\/WhatsApp-Image-2021-06-14-at-12.22.27-4.jpg\" data-caption=\"\" srcset=\"https:\/\/paradisevacationinsplitandcroatia.com\/wp-content\/uploads\/2021\/11\/WhatsApp-Image-2021-06-14-at-12.22.27-4.jpg 276w, https:\/\/paradisevacationinsplitandcroatia.com\/wp-content\/uploads\/2021\/11\/WhatsApp-Image-2021-06-14-at-12.22.27-4-18x12.jpg 18w, https:\/\/paradisevacationinsplitandcroatia.com\/wp-content\/uploads\/2021\/11\/WhatsApp-Image-2021-06-14-at-12.22.27-4-175x116.jpg 175w\" sizes=\"auto, (max-width: 276px) 100vw, 276px\" \/>\n\t\t<div class=\"figc no-description\">\n\t\t\t<div class=\"figc-inner\">\n\t\t\t\t\t\t\t\t\t\t\t\t\t\t\t<\/div>\n\t\t<\/div>\n\n\t<\/div>\n\n<\/div><div class=\"modula-item effect-pufrobo\" >\n\t<div class=\"modula-item-overlay\"><\/div>\n\n\t<div class=\"modula-item-content\">\n\n\t\t<a data-image-id=\"4104\" role=\"button\" tabindex=\"0\" rel=\"jtg-4094\" data-caption=\"\" aria-label=\"Open image in lightbox\" class=\"tile-inner modula-item-link\"><\/a><img loading=\"lazy\" decoding=\"async\" class=\"pic wp-image-4104\"  data-valign=\"middle\" data-halign=\"center\" alt=\"\" data-full=\"https:\/\/paradisevacationinsplitandcroatia.com\/wp-content\/uploads\/2021\/11\/WhatsApp-Image-2021-06-14-at-12.22.28-1-1.jpg\" title=\"WhatsApp Image 2021-06-14 at 12.22.28 (1)\" crop=\"\" width=\"245\" height=\"205\" src=\"https:\/\/paradisevacationinsplitandcroatia.com\/wp-content\/uploads\/2021\/11\/WhatsApp-Image-2021-06-14-at-12.22.28-1-1.jpg\" data-src=\"https:\/\/paradisevacationinsplitandcroatia.com\/wp-content\/uploads\/2021\/11\/WhatsApp-Image-2021-06-14-at-12.22.28-1-1.jpg\" data-caption=\"\" srcset=\"https:\/\/paradisevacationinsplitandcroatia.com\/wp-content\/uploads\/2021\/11\/WhatsApp-Image-2021-06-14-at-12.22.28-1-1.jpg 245w, https:\/\/paradisevacationinsplitandcroatia.com\/wp-content\/uploads\/2021\/11\/WhatsApp-Image-2021-06-14-at-12.22.28-1-1-14x12.jpg 14w, https:\/\/paradisevacationinsplitandcroatia.com\/wp-content\/uploads\/2021\/11\/WhatsApp-Image-2021-06-14-at-12.22.28-1-1-139x116.jpg 139w\" sizes=\"auto, (max-width: 245px) 100vw, 245px\" \/>\n\t\t<div class=\"figc no-description\">\n\t\t\t<div class=\"figc-inner\">\n\t\t\t\t\t\t\t\t\t\t\t\t\t\t\t<\/div>\n\t\t<\/div>\n\n\t<\/div>\n\n<\/div><div class=\"modula-item effect-pufrobo\" >\n\t<div class=\"modula-item-overlay\"><\/div>\n\n\t<div class=\"modula-item-content\">\n\n\t\t<a data-image-id=\"4105\" role=\"button\" tabindex=\"0\" rel=\"jtg-4094\" data-caption=\"\" aria-label=\"Open image in lightbox\" class=\"tile-inner modula-item-link\"><\/a><img loading=\"lazy\" decoding=\"async\" class=\"pic wp-image-4105\"  data-valign=\"middle\" data-halign=\"center\" alt=\"\" data-full=\"https:\/\/paradisevacationinsplitandcroatia.com\/wp-content\/uploads\/2021\/11\/WhatsApp-Image-2021-06-14-at-12.22.28-2.jpg\" title=\"WhatsApp Image 2021-06-14 at 12.22.28\" crop=\"\" width=\"275\" height=\"183\" src=\"https:\/\/paradisevacationinsplitandcroatia.com\/wp-content\/uploads\/2021\/11\/WhatsApp-Image-2021-06-14-at-12.22.28-2.jpg\" data-src=\"https:\/\/paradisevacationinsplitandcroatia.com\/wp-content\/uploads\/2021\/11\/WhatsApp-Image-2021-06-14-at-12.22.28-2.jpg\" data-caption=\"\" srcset=\"https:\/\/paradisevacationinsplitandcroatia.com\/wp-content\/uploads\/2021\/11\/WhatsApp-Image-2021-06-14-at-12.22.28-2.jpg 275w, https:\/\/paradisevacationinsplitandcroatia.com\/wp-content\/uploads\/2021\/11\/WhatsApp-Image-2021-06-14-at-12.22.28-2-18x12.jpg 18w, https:\/\/paradisevacationinsplitandcroatia.com\/wp-content\/uploads\/2021\/11\/WhatsApp-Image-2021-06-14-at-12.22.28-2-174x116.jpg 174w\" sizes=\"auto, (max-width: 275px) 100vw, 275px\" \/>\n\t\t<div class=\"figc no-description\">\n\t\t\t<div class=\"figc-inner\">\n\t\t\t\t\t\t\t\t\t\t\t\t\t\t\t<\/div>\n\t\t<\/div>\n\n\t<\/div>\n\n<\/div><div class=\"modula-item effect-pufrobo\" >\n\t<div class=\"modula-item-overlay\"><\/div>\n\n\t<div class=\"modula-item-content\">\n\n\t\t<a data-image-id=\"4106\" role=\"button\" tabindex=\"0\" rel=\"jtg-4094\" data-caption=\"\" aria-label=\"Open image in lightbox\" class=\"tile-inner modula-item-link\"><\/a><img loading=\"lazy\" decoding=\"async\" class=\"pic wp-image-4106\"  data-valign=\"middle\" data-halign=\"center\" alt=\"\" data-full=\"https:\/\/paradisevacationinsplitandcroatia.com\/wp-content\/uploads\/2021\/11\/WhatsApp-Image-2021-06-14-at-12.22.29-1.jpg\" title=\"WhatsApp Image 2021-06-14 at 12.22.29\" crop=\"\" width=\"274\" height=\"184\" src=\"https:\/\/paradisevacationinsplitandcroatia.com\/wp-content\/uploads\/2021\/11\/WhatsApp-Image-2021-06-14-at-12.22.29-1.jpg\" data-src=\"https:\/\/paradisevacationinsplitandcroatia.com\/wp-content\/uploads\/2021\/11\/WhatsApp-Image-2021-06-14-at-12.22.29-1.jpg\" data-caption=\"\" srcset=\"https:\/\/paradisevacationinsplitandcroatia.com\/wp-content\/uploads\/2021\/11\/WhatsApp-Image-2021-06-14-at-12.22.29-1.jpg 274w, https:\/\/paradisevacationinsplitandcroatia.com\/wp-content\/uploads\/2021\/11\/WhatsApp-Image-2021-06-14-at-12.22.29-1-18x12.jpg 18w, https:\/\/paradisevacationinsplitandcroatia.com\/wp-content\/uploads\/2021\/11\/WhatsApp-Image-2021-06-14-at-12.22.29-1-173x116.jpg 173w\" sizes=\"auto, (max-width: 274px) 100vw, 274px\" \/>\n\t\t<div class=\"figc no-description\">\n\t\t\t<div class=\"figc-inner\">\n\t\t\t\t\t\t\t\t\t\t\t\t\t\t\t<\/div>\n\t\t<\/div>\n\n\t<\/div>\n\n<\/div>\t\t\n\t<\/div>\n\n\t\n\t\n\t<script type=\"application\/ld+json\">\n\t{\n\t\t\"@context\": \"http:\/\/schema.org\",\n\t\t\"@type\"   : \"ImageGallery\",\n\t\t\"id\"      : \"https:\/\/paradisevacationinsplitandcroatia.com\/en\/product\/klis\/\",\n\t\t\"url\"     : \"https:\/\/paradisevacationinsplitandcroatia.com\/en\/product\/klis\/\"\n\t}\n\n\t<\/script>\n\n\t\n<\/div>\n<br \/>\n<small>Fotografije ustupila TZ Klis<\/small><\/p>\n","protected":false},"excerpt":{"rendered":"<p>Klis je povijesno naselje koje je dobilo ime po planini na kojoj je izra\u0111ena Kli\u0161ka tvr\u0111ava, jedna od 2 najzanimljivije &hellip; <a href=\"https:\/\/paradisevacationinsplitandcroatia.com\/en\/product\/klis\/\" class=\"more-link\">Continue reading <span class=\"screen-reader-text\">Klis<\/span><\/a><\/p>","protected":false},"featured_media":5954,"comment_status":"open","ping_status":"closed","template":"","meta":{"inline_featured_image":false},"product_brand":[],"product_cat":[22],"product_tag":[],"class_list":{"0":"post-1238","1":"product","2":"type-product","3":"status-publish","4":"has-post-thumbnail","6":"product_cat-gradovi","8":"first","9":"instock","10":"shipping-taxable","11":"purchasable","12":"product-type-simple"},"_links":{"self":[{"href":"https:\/\/paradisevacationinsplitandcroatia.com\/en\/wp-json\/wp\/v2\/product\/1238","targetHints":{"allow":["GET"]}}],"collection":[{"href":"https:\/\/paradisevacationinsplitandcroatia.com\/en\/wp-json\/wp\/v2\/product"}],"about":[{"href":"https:\/\/paradisevacationinsplitandcroatia.com\/en\/wp-json\/wp\/v2\/types\/product"}],"replies":[{"embeddable":true,"href":"https:\/\/paradisevacationinsplitandcroatia.com\/en\/wp-json\/wp\/v2\/comments?post=1238"}],"wp:featuredmedia":[{"embeddable":true,"href":"https:\/\/paradisevacationinsplitandcroatia.com\/en\/wp-json\/wp\/v2\/media\/5954"}],"wp:attachment":[{"href":"https:\/\/paradisevacationinsplitandcroatia.com\/en\/wp-json\/wp\/v2\/media?parent=1238"}],"wp:term":[{"taxonomy":"product_brand","embeddable":true,"href":"https:\/\/paradisevacationinsplitandcroatia.com\/en\/wp-json\/wp\/v2\/product_brand?post=1238"},{"taxonomy":"product_cat","embeddable":true,"href":"https:\/\/paradisevacationinsplitandcroatia.com\/en\/wp-json\/wp\/v2\/product_cat?post=1238"},{"taxonomy":"product_tag","embeddable":true,"href":"https:\/\/paradisevacationinsplitandcroatia.com\/en\/wp-json\/wp\/v2\/product_tag?post=1238"}],"curies":[{"name":"wp","href":"https:\/\/api.w.org\/{rel}","templated":true}]}}