{"id":1261,"date":"2021-11-14T19:36:44","date_gmt":"2021-11-14T19:36:44","guid":{"rendered":"https:\/\/paradisevacationinsplitandcroatia.com\/?post_type=product&#038;p=1261"},"modified":"2025-05-09T06:39:38","modified_gmt":"2025-05-09T06:39:38","slug":"medugorje","status":"publish","type":"product","link":"https:\/\/paradisevacationinsplitandcroatia.com\/en\/product\/medugorje\/","title":{"rendered":"Me\u0111ugorje"},"content":{"rendered":"<p>Me\u0111ugorje je u posljednja dva desetlje\u0107a XX. i isto tako na po\u010detku XXI. stolje\u0107a jedinstveno u svijetu: posje\u0107uju ga ljudi iz svih krajeva kugle zemaljske &#8211; bijeli i \u017euti i crni i crveni; bogati i siroma\u0161ni; mladi stari. Nema dana u godini niti godi\u0161njega doba, a da se u Me\u0111ugorju ne \u010duju razni jezici. Tako je s Me\u0111ugorjem od 24. lipnja 1981. godine, kada se u Podbrdu, zaseoku sela Bijakovi\u0107i, po svjedo\u010danstvu \u0160estero djece, ukazala Gospa. Od toga se dana, svjedo\u010de vidioci, Gospa ukazuje svakodnevno, pozivaju\u0107i cijeli svijet na mir i obra\u0107enje. Po broju hodo\u010dasnika koji posjete ovo mjesto (u 30 minulin godina preko 30 milijuna), mo\u017ee se kazati da je ono svjetsko molitveno sredi\u0161te, glavni grad molitve.<br \/>\nMe\u0111ugorje (ime je slavenskoga podrijetla: ozna\u010dava mjesto smje\u0161teno medu gorjima) sa selima Bijakovi\u0107i, Miledna, \u0160urmanci i Vionica \u010dini katoli\u010dku \u017eupu u kojoj danas \u017eivi oko 5000 stanovnika. Prvi put se spominje godine 1599. kao samostalna \u017eupa. Sada\u0161nja je \u017eupa utemeljena 1892. i posve\u0107ena je sv. Jakovu apostolu st., za\u0161titniku hodo\u010dasnika. Prva crkva izgra\u0111ena je 1897., ali je nakon I. svjetskog rata zbog trusnoga tla na kojemu se nalazila, postala ru\u0161evna i neuporabljiva. \u017eupu pastoralno slu\u017ee hercegova\u010dki franjevci.<\/p>\n<div  id=\"jtg-4345\" class=\"modula modula-gallery modula-creative-gallery\" data-config=\"{&quot;height&quot;:800,&quot;tabletHeight&quot;:800,&quot;mobileHeight&quot;:800,&quot;desktopHeight&quot;:800,&quot;enableTwitter&quot;:false,&quot;enableWhatsapp&quot;:false,&quot;enableFacebook&quot;:false,&quot;enablePinterest&quot;:false,&quot;enableLinkedin&quot;:false,&quot;enableEmail&quot;:false,&quot;randomFactor&quot;:0.5,&quot;type&quot;:&quot;creative-gallery&quot;,&quot;columns&quot;:12,&quot;gutter&quot;:10,&quot;mobileGutter&quot;:10,&quot;tabletGutter&quot;:10,&quot;desktopGutter&quot;:10,&quot;enableResponsive&quot;:&quot;0&quot;,&quot;tabletColumns&quot;:&quot;2&quot;,&quot;mobileColumns&quot;:&quot;1&quot;,&quot;lazyLoad&quot;:0,&quot;lightboxOpts&quot;:{&quot;animated&quot;:true,&quot;Thumbs&quot;:{&quot;type&quot;:&quot;modern&quot;,&quot;showOnStart&quot;:false},&quot;Toolbar&quot;:{&quot;display&quot;:{&quot;right&quot;:[&quot;close&quot;]},&quot;enabled&quot;:true},&quot;Carousel&quot;:{&quot;Panzoom&quot;:{&quot;touch&quot;:true},&quot;infinite&quot;:false},&quot;keyboard&quot;:{&quot;Escape&quot;:&quot;close&quot;,&quot;Delete&quot;:&quot;close&quot;,&quot;Backspace&quot;:&quot;close&quot;,&quot;PageUp&quot;:false,&quot;PageDown&quot;:false,&quot;ArrowUp&quot;:false,&quot;ArrowDown&quot;:false,&quot;ArrowRight&quot;:false,&quot;ArrowLeft&quot;:false},&quot;touch&quot;:false,&quot;backdropClick&quot;:false,&quot;l10n&quot;:{&quot;CLOSE&quot;:&quot;Close&quot;,&quot;NEXT&quot;:&quot;Next&quot;,&quot;PREV&quot;:&quot;Previous&quot;,&quot;Error&quot;:&quot;The requested content cannot be loaded. Please try again later.&quot;,&quot;PLAY_START&quot;:&quot;Start slideshow&quot;,&quot;PLAY_STOP&quot;:&quot;Pause slideshow&quot;,&quot;FULL_SCREEN&quot;:&quot;Full screen&quot;,&quot;THUMBS&quot;:&quot;Thumbnails&quot;,&quot;DOWNLOAD&quot;:&quot;Download&quot;,&quot;SHARE&quot;:&quot;Share&quot;,&quot;ZOOM&quot;:&quot;Zoom&quot;,&quot;EMAIL&quot;:&quot;Here is the link to the image : %%image_link%% and this is the link to the gallery : %%gallery_link%%&quot;,&quot;MODAL&quot;:&quot;You can close this modal content with the ESC key&quot;,&quot;ERROR&quot;:&quot;Something Went Wrong, Please Try Again Later&quot;,&quot;IMAGE_ERROR&quot;:&quot;Image Not Found&quot;,&quot;ELEMENT_NOT_FOUND&quot;:&quot;HTML Element Not Found&quot;,&quot;AJAX_NOT_FOUND&quot;:&quot;Error Loading AJAX : Not Found&quot;,&quot;AJAX_FORBIDDEN&quot;:&quot;Error Loading AJAX : Forbidden&quot;,&quot;IFRAME_ERROR&quot;:&quot;Error Loading Page&quot;,&quot;TOGGLE_ZOOM&quot;:&quot;Toggle zoom level&quot;,&quot;TOGGLE_THUMBS&quot;:&quot;Toggle thumbnails&quot;,&quot;TOGGLE_SLIDESHOW&quot;:&quot;Toggle slideshow&quot;,&quot;TOGGLE_FULLSCREEN&quot;:&quot;Toggle full-screen mode&quot;},&quot;Images&quot;:{&quot;Panzoom&quot;:{&quot;maxScale&quot;:2}},&quot;mainClass&quot;:&quot;modula-fancybox-container modula-lightbox-jtg-4345&quot;,&quot;Html&quot;:{&quot;videoAutoplay&quot;:0,&quot;videoTpl&quot;:&quot;&lt;video class=\\&quot;fancybox__html5video\\&quot; controls muted playsinline controlsList controlsList=\\&quot;nodownload\\&quot; poster=\\&quot;{{poster}}\\&quot; src=\\&quot;{{src}}\\&quot; type=\\&quot;{{format}}\\&quot; &gt;  Sorry, your browser doesn&#039;t support embedded videos, &lt;a href=\\&quot;{{src}}\\&quot;&gt; download &lt;\\\/a&gt; and watch with your favorite video player! &lt;\\\/video&gt;&quot;}},&quot;inView&quot;:false,&quot;email_subject&quot;:&quot;Check out this awesome image !!&quot;,&quot;email_message&quot;:&quot;Here is the link to the image : %%image_link%% and this is the link to the gallery : %%gallery_link%%&quot;,&quot;lightbox&quot;:&quot;fancybox&quot;}\">\n\n\t\n\t<div  class=\"modula-items\">\n\t\t<div class=\"modula-item effect-pufrobo\" >\n\t<div class=\"modula-item-overlay\"><\/div>\n\n\t<div class=\"modula-item-content\">\n\n\t\t<a data-image-id=\"4346\" role=\"button\" tabindex=\"0\" rel=\"jtg-4345\" data-caption=\"\" aria-label=\"Open image in lightbox\" class=\"tile-inner modula-item-link\"><\/a><img loading=\"lazy\" decoding=\"async\" class=\"pic wp-image-4346\"  data-valign=\"middle\" data-halign=\"center\" alt=\"\" data-full=\"https:\/\/paradisevacationinsplitandcroatia.com\/wp-content\/uploads\/2021\/11\/Cross-Hill-above-Medjugorje-1-1.jpg\" title=\"Cross Hill above Medjugorje 1\" crop=\"\" width=\"300\" height=\"225\" src=\"https:\/\/paradisevacationinsplitandcroatia.com\/wp-content\/uploads\/2021\/11\/Cross-Hill-above-Medjugorje-1-1-300x225.jpg\" data-src=\"https:\/\/paradisevacationinsplitandcroatia.com\/wp-content\/uploads\/2021\/11\/Cross-Hill-above-Medjugorje-1-1-300x225.jpg\" data-caption=\"\" srcset=\"https:\/\/paradisevacationinsplitandcroatia.com\/wp-content\/uploads\/2021\/11\/Cross-Hill-above-Medjugorje-1-1.jpg 1024w, https:\/\/paradisevacationinsplitandcroatia.com\/wp-content\/uploads\/2021\/11\/Cross-Hill-above-Medjugorje-1-1-300x225.jpg 300w, https:\/\/paradisevacationinsplitandcroatia.com\/wp-content\/uploads\/2021\/11\/Cross-Hill-above-Medjugorje-1-1-768x576.jpg 768w, https:\/\/paradisevacationinsplitandcroatia.com\/wp-content\/uploads\/2021\/11\/Cross-Hill-above-Medjugorje-1-1-16x12.jpg 16w, https:\/\/paradisevacationinsplitandcroatia.com\/wp-content\/uploads\/2021\/11\/Cross-Hill-above-Medjugorje-1-1-600x450.jpg 600w, https:\/\/paradisevacationinsplitandcroatia.com\/wp-content\/uploads\/2021\/11\/Cross-Hill-above-Medjugorje-1-1-155x116.jpg 155w\" sizes=\"auto, (max-width: 300px) 100vw, 300px\" \/>\n\t\t<div class=\"figc no-description\">\n\t\t\t<div class=\"figc-inner\">\n\t\t\t\t\t\t\t\t\t\t\t\t\t\t\t<\/div>\n\t\t<\/div>\n\n\t<\/div>\n\n<\/div><div class=\"modula-item effect-pufrobo\" >\n\t<div class=\"modula-item-overlay\"><\/div>\n\n\t<div class=\"modula-item-content\">\n\n\t\t<a data-image-id=\"4347\" role=\"button\" tabindex=\"0\" rel=\"jtg-4345\" data-caption=\"\" aria-label=\"Open image in lightbox\" class=\"tile-inner modula-item-link\"><\/a><img loading=\"lazy\" decoding=\"async\" class=\"pic wp-image-4347\"  data-valign=\"middle\" data-halign=\"center\" alt=\"\" data-full=\"https:\/\/paradisevacationinsplitandcroatia.com\/wp-content\/uploads\/2021\/11\/Medjugorje-Panorama-1-1.jpg\" title=\"Medjugorje Panorama 1\" crop=\"\" width=\"300\" height=\"191\" src=\"https:\/\/paradisevacationinsplitandcroatia.com\/wp-content\/uploads\/2021\/11\/Medjugorje-Panorama-1-1-300x191.jpg\" data-src=\"https:\/\/paradisevacationinsplitandcroatia.com\/wp-content\/uploads\/2021\/11\/Medjugorje-Panorama-1-1-300x191.jpg\" data-caption=\"\" srcset=\"https:\/\/paradisevacationinsplitandcroatia.com\/wp-content\/uploads\/2021\/11\/Medjugorje-Panorama-1-1.jpg 850w, https:\/\/paradisevacationinsplitandcroatia.com\/wp-content\/uploads\/2021\/11\/Medjugorje-Panorama-1-1-300x191.jpg 300w, https:\/\/paradisevacationinsplitandcroatia.com\/wp-content\/uploads\/2021\/11\/Medjugorje-Panorama-1-1-768x488.jpg 768w, https:\/\/paradisevacationinsplitandcroatia.com\/wp-content\/uploads\/2021\/11\/Medjugorje-Panorama-1-1-18x12.jpg 18w, https:\/\/paradisevacationinsplitandcroatia.com\/wp-content\/uploads\/2021\/11\/Medjugorje-Panorama-1-1-600x381.jpg 600w, https:\/\/paradisevacationinsplitandcroatia.com\/wp-content\/uploads\/2021\/11\/Medjugorje-Panorama-1-1-183x116.jpg 183w\" sizes=\"auto, (max-width: 300px) 100vw, 300px\" \/>\n\t\t<div class=\"figc no-description\">\n\t\t\t<div class=\"figc-inner\">\n\t\t\t\t\t\t\t\t\t\t\t\t\t\t\t<\/div>\n\t\t<\/div>\n\n\t<\/div>\n\n<\/div><div class=\"modula-item effect-pufrobo\" >\n\t<div class=\"modula-item-overlay\"><\/div>\n\n\t<div class=\"modula-item-content\">\n\n\t\t<a data-image-id=\"4348\" role=\"button\" tabindex=\"0\" rel=\"jtg-4345\" data-caption=\"\" aria-label=\"Open image in lightbox\" class=\"tile-inner modula-item-link\"><\/a><img loading=\"lazy\" decoding=\"async\" class=\"pic wp-image-4348\"  data-valign=\"middle\" data-halign=\"center\" alt=\"\" data-full=\"https:\/\/paradisevacationinsplitandcroatia.com\/wp-content\/uploads\/2021\/11\/St-james-Church-1-1.jpg\" title=\"St james Church 1\" crop=\"\" width=\"300\" height=\"230\" src=\"https:\/\/paradisevacationinsplitandcroatia.com\/wp-content\/uploads\/2021\/11\/St-james-Church-1-1-300x230.jpg\" data-src=\"https:\/\/paradisevacationinsplitandcroatia.com\/wp-content\/uploads\/2021\/11\/St-james-Church-1-1-300x230.jpg\" data-caption=\"\" srcset=\"https:\/\/paradisevacationinsplitandcroatia.com\/wp-content\/uploads\/2021\/11\/St-james-Church-1-1.jpg 850w, https:\/\/paradisevacationinsplitandcroatia.com\/wp-content\/uploads\/2021\/11\/St-james-Church-1-1-300x230.jpg 300w, https:\/\/paradisevacationinsplitandcroatia.com\/wp-content\/uploads\/2021\/11\/St-james-Church-1-1-768x589.jpg 768w, https:\/\/paradisevacationinsplitandcroatia.com\/wp-content\/uploads\/2021\/11\/St-james-Church-1-1-16x12.jpg 16w, https:\/\/paradisevacationinsplitandcroatia.com\/wp-content\/uploads\/2021\/11\/St-james-Church-1-1-600x460.jpg 600w, https:\/\/paradisevacationinsplitandcroatia.com\/wp-content\/uploads\/2021\/11\/St-james-Church-1-1-151x116.jpg 151w\" sizes=\"auto, (max-width: 300px) 100vw, 300px\" \/>\n\t\t<div class=\"figc no-description\">\n\t\t\t<div class=\"figc-inner\">\n\t\t\t\t\t\t\t\t\t\t\t\t\t\t\t<\/div>\n\t\t<\/div>\n\n\t<\/div>\n\n<\/div><div class=\"modula-item effect-pufrobo\" >\n\t<div class=\"modula-item-overlay\"><\/div>\n\n\t<div class=\"modula-item-content\">\n\n\t\t<a data-image-id=\"4349\" role=\"button\" tabindex=\"0\" rel=\"jtg-4345\" data-caption=\"\" aria-label=\"Open image in lightbox\" class=\"tile-inner modula-item-link\"><\/a><img loading=\"lazy\" decoding=\"async\" class=\"pic wp-image-4349\"  data-valign=\"middle\" data-halign=\"center\" alt=\"\" data-full=\"https:\/\/paradisevacationinsplitandcroatia.com\/wp-content\/uploads\/2021\/11\/St-james-Church-1980-1.jpg\" title=\"St james Church 1980\" crop=\"\" width=\"300\" height=\"226\" src=\"https:\/\/paradisevacationinsplitandcroatia.com\/wp-content\/uploads\/2021\/11\/St-james-Church-1980-1-300x226.jpg\" data-src=\"https:\/\/paradisevacationinsplitandcroatia.com\/wp-content\/uploads\/2021\/11\/St-james-Church-1980-1-300x226.jpg\" data-caption=\"\" srcset=\"https:\/\/paradisevacationinsplitandcroatia.com\/wp-content\/uploads\/2021\/11\/St-james-Church-1980-1.jpg 850w, https:\/\/paradisevacationinsplitandcroatia.com\/wp-content\/uploads\/2021\/11\/St-james-Church-1980-1-300x226.jpg 300w, https:\/\/paradisevacationinsplitandcroatia.com\/wp-content\/uploads\/2021\/11\/St-james-Church-1980-1-768x577.jpg 768w, https:\/\/paradisevacationinsplitandcroatia.com\/wp-content\/uploads\/2021\/11\/St-james-Church-1980-1-16x12.jpg 16w, https:\/\/paradisevacationinsplitandcroatia.com\/wp-content\/uploads\/2021\/11\/St-james-Church-1980-1-600x451.jpg 600w, https:\/\/paradisevacationinsplitandcroatia.com\/wp-content\/uploads\/2021\/11\/St-james-Church-1980-1-154x116.jpg 154w\" sizes=\"auto, (max-width: 300px) 100vw, 300px\" \/>\n\t\t<div class=\"figc no-description\">\n\t\t\t<div class=\"figc-inner\">\n\t\t\t\t\t\t\t\t\t\t\t\t\t\t\t<\/div>\n\t\t<\/div>\n\n\t<\/div>\n\n<\/div><div class=\"modula-item effect-pufrobo\" >\n\t<div class=\"modula-item-overlay\"><\/div>\n\n\t<div class=\"modula-item-content\">\n\n\t\t<a data-image-id=\"4350\" role=\"button\" tabindex=\"0\" rel=\"jtg-4345\" data-caption=\"\" aria-label=\"Open image in lightbox\" class=\"tile-inner modula-item-link\"><\/a><img loading=\"lazy\" decoding=\"async\" class=\"pic wp-image-4350\"  data-valign=\"middle\" data-halign=\"center\" alt=\"\" data-full=\"https:\/\/paradisevacationinsplitandcroatia.com\/wp-content\/uploads\/2021\/11\/Visionaries-1-1.jpg\" title=\"Visionaries 1\" crop=\"\" width=\"300\" height=\"228\" src=\"https:\/\/paradisevacationinsplitandcroatia.com\/wp-content\/uploads\/2021\/11\/Visionaries-1-1-300x228.jpg\" data-src=\"https:\/\/paradisevacationinsplitandcroatia.com\/wp-content\/uploads\/2021\/11\/Visionaries-1-1-300x228.jpg\" data-caption=\"\" srcset=\"https:\/\/paradisevacationinsplitandcroatia.com\/wp-content\/uploads\/2021\/11\/Visionaries-1-1.jpg 850w, https:\/\/paradisevacationinsplitandcroatia.com\/wp-content\/uploads\/2021\/11\/Visionaries-1-1-300x228.jpg 300w, https:\/\/paradisevacationinsplitandcroatia.com\/wp-content\/uploads\/2021\/11\/Visionaries-1-1-768x585.jpg 768w, https:\/\/paradisevacationinsplitandcroatia.com\/wp-content\/uploads\/2021\/11\/Visionaries-1-1-16x12.jpg 16w, https:\/\/paradisevacationinsplitandcroatia.com\/wp-content\/uploads\/2021\/11\/Visionaries-1-1-600x457.jpg 600w, https:\/\/paradisevacationinsplitandcroatia.com\/wp-content\/uploads\/2021\/11\/Visionaries-1-1-152x116.jpg 152w\" sizes=\"auto, (max-width: 300px) 100vw, 300px\" \/>\n\t\t<div class=\"figc no-description\">\n\t\t\t<div class=\"figc-inner\">\n\t\t\t\t\t\t\t\t\t\t\t\t\t\t\t<\/div>\n\t\t<\/div>\n\n\t<\/div>\n\n<\/div><div class=\"modula-item effect-pufrobo\" >\n\t<div class=\"modula-item-overlay\"><\/div>\n\n\t<div class=\"modula-item-content\">\n\n\t\t<a data-image-id=\"4351\" role=\"button\" tabindex=\"0\" rel=\"jtg-4345\" data-caption=\"\" aria-label=\"Open image in lightbox\" class=\"tile-inner modula-item-link\"><\/a><img loading=\"lazy\" decoding=\"async\" class=\"pic wp-image-4351\"  data-valign=\"middle\" data-halign=\"center\" alt=\"\" data-full=\"https:\/\/paradisevacationinsplitandcroatia.com\/wp-content\/uploads\/2021\/11\/130_3075-2-1.jpg\" title=\"130_3075 (2)\" crop=\"\" width=\"300\" height=\"225\" src=\"https:\/\/paradisevacationinsplitandcroatia.com\/wp-content\/uploads\/2021\/11\/130_3075-2-1-300x225.jpg\" data-src=\"https:\/\/paradisevacationinsplitandcroatia.com\/wp-content\/uploads\/2021\/11\/130_3075-2-1-300x225.jpg\" data-caption=\"\" srcset=\"https:\/\/paradisevacationinsplitandcroatia.com\/wp-content\/uploads\/2021\/11\/130_3075-2-1.jpg 1024w, https:\/\/paradisevacationinsplitandcroatia.com\/wp-content\/uploads\/2021\/11\/130_3075-2-1-300x225.jpg 300w, https:\/\/paradisevacationinsplitandcroatia.com\/wp-content\/uploads\/2021\/11\/130_3075-2-1-768x576.jpg 768w, https:\/\/paradisevacationinsplitandcroatia.com\/wp-content\/uploads\/2021\/11\/130_3075-2-1-16x12.jpg 16w, https:\/\/paradisevacationinsplitandcroatia.com\/wp-content\/uploads\/2021\/11\/130_3075-2-1-600x450.jpg 600w, https:\/\/paradisevacationinsplitandcroatia.com\/wp-content\/uploads\/2021\/11\/130_3075-2-1-155x116.jpg 155w\" sizes=\"auto, (max-width: 300px) 100vw, 300px\" \/>\n\t\t<div class=\"figc no-description\">\n\t\t\t<div class=\"figc-inner\">\n\t\t\t\t\t\t\t\t\t\t\t\t\t\t\t<\/div>\n\t\t<\/div>\n\n\t<\/div>\n\n<\/div><div class=\"modula-item effect-pufrobo\" >\n\t<div class=\"modula-item-overlay\"><\/div>\n\n\t<div class=\"modula-item-content\">\n\n\t\t<a data-image-id=\"4352\" role=\"button\" tabindex=\"0\" rel=\"jtg-4345\" data-caption=\"\" aria-label=\"Open image in lightbox\" class=\"tile-inner modula-item-link\"><\/a><img loading=\"lazy\" decoding=\"async\" class=\"pic wp-image-4352\"  data-valign=\"middle\" data-halign=\"center\" alt=\"\" data-full=\"https:\/\/paradisevacationinsplitandcroatia.com\/wp-content\/uploads\/2021\/11\/Apparition-Hill-1-1.jpg\" title=\"Apparition Hill 1\" crop=\"\" width=\"300\" height=\"220\" src=\"https:\/\/paradisevacationinsplitandcroatia.com\/wp-content\/uploads\/2021\/11\/Apparition-Hill-1-1-300x220.jpg\" data-src=\"https:\/\/paradisevacationinsplitandcroatia.com\/wp-content\/uploads\/2021\/11\/Apparition-Hill-1-1-300x220.jpg\" data-caption=\"\" srcset=\"https:\/\/paradisevacationinsplitandcroatia.com\/wp-content\/uploads\/2021\/11\/Apparition-Hill-1-1.jpg 850w, https:\/\/paradisevacationinsplitandcroatia.com\/wp-content\/uploads\/2021\/11\/Apparition-Hill-1-1-300x220.jpg 300w, https:\/\/paradisevacationinsplitandcroatia.com\/wp-content\/uploads\/2021\/11\/Apparition-Hill-1-1-768x562.jpg 768w, https:\/\/paradisevacationinsplitandcroatia.com\/wp-content\/uploads\/2021\/11\/Apparition-Hill-1-1-16x12.jpg 16w, https:\/\/paradisevacationinsplitandcroatia.com\/wp-content\/uploads\/2021\/11\/Apparition-Hill-1-1-600x439.jpg 600w, https:\/\/paradisevacationinsplitandcroatia.com\/wp-content\/uploads\/2021\/11\/Apparition-Hill-1-1-159x116.jpg 159w\" sizes=\"auto, (max-width: 300px) 100vw, 300px\" \/>\n\t\t<div class=\"figc no-description\">\n\t\t\t<div class=\"figc-inner\">\n\t\t\t\t\t\t\t\t\t\t\t\t\t\t\t<\/div>\n\t\t<\/div>\n\n\t<\/div>\n\n<\/div>\t\t\n\t<\/div>\n\n\t\n\t\n\t<script type=\"application\/ld+json\">\n\t{\n\t\t\"@context\": \"http:\/\/schema.org\",\n\t\t\"@type\"   : \"ImageGallery\",\n\t\t\"id\"      : \"https:\/\/paradisevacationinsplitandcroatia.com\/en\/product\/medugorje\/\",\n\t\t\"url\"     : \"https:\/\/paradisevacationinsplitandcroatia.com\/en\/product\/medugorje\/\"\n\t}\n\n\t<\/script>\n\n\t\n<\/div>\n\n","protected":false},"excerpt":{"rendered":"<p>Me\u0111ugorje je u posljednja dva desetlje\u0107a XX. i isto tako na po\u010detku XXI. stolje\u0107a jedinstveno u svijetu: posje\u0107uju ga ljudi &hellip; <a href=\"https:\/\/paradisevacationinsplitandcroatia.com\/en\/product\/medugorje\/\" class=\"more-link\">Continue reading <span class=\"screen-reader-text\">Me\u0111ugorje<\/span><\/a><\/p>","protected":false},"featured_media":5096,"comment_status":"open","ping_status":"closed","template":"","meta":{"inline_featured_image":false},"product_brand":[],"product_cat":[22],"product_tag":[],"class_list":{"0":"post-1261","1":"product","2":"type-product","3":"status-publish","4":"has-post-thumbnail","6":"product_cat-gradovi","8":"first","9":"instock","10":"shipping-taxable","11":"purchasable","12":"product-type-simple"},"_links":{"self":[{"href":"https:\/\/paradisevacationinsplitandcroatia.com\/en\/wp-json\/wp\/v2\/product\/1261","targetHints":{"allow":["GET"]}}],"collection":[{"href":"https:\/\/paradisevacationinsplitandcroatia.com\/en\/wp-json\/wp\/v2\/product"}],"about":[{"href":"https:\/\/paradisevacationinsplitandcroatia.com\/en\/wp-json\/wp\/v2\/types\/product"}],"replies":[{"embeddable":true,"href":"https:\/\/paradisevacationinsplitandcroatia.com\/en\/wp-json\/wp\/v2\/comments?post=1261"}],"wp:featuredmedia":[{"embeddable":true,"href":"https:\/\/paradisevacationinsplitandcroatia.com\/en\/wp-json\/wp\/v2\/media\/5096"}],"wp:attachment":[{"href":"https:\/\/paradisevacationinsplitandcroatia.com\/en\/wp-json\/wp\/v2\/media?parent=1261"}],"wp:term":[{"taxonomy":"product_brand","embeddable":true,"href":"https:\/\/paradisevacationinsplitandcroatia.com\/en\/wp-json\/wp\/v2\/product_brand?post=1261"},{"taxonomy":"product_cat","embeddable":true,"href":"https:\/\/paradisevacationinsplitandcroatia.com\/en\/wp-json\/wp\/v2\/product_cat?post=1261"},{"taxonomy":"product_tag","embeddable":true,"href":"https:\/\/paradisevacationinsplitandcroatia.com\/en\/wp-json\/wp\/v2\/product_tag?post=1261"}],"curies":[{"name":"wp","href":"https:\/\/api.w.org\/{rel}","templated":true}]}}