{"id":1523,"date":"2021-11-15T19:45:24","date_gmt":"2021-11-15T19:45:24","guid":{"rendered":"https:\/\/paradisevacationinsplitandcroatia.com\/?post_type=product&#038;p=1523"},"modified":"2021-11-15T22:36:27","modified_gmt":"2021-11-15T22:36:27","slug":"fizioterapeut-david-vrataric","status":"publish","type":"product","link":"https:\/\/paradisevacationinsplitandcroatia.com\/en\/product\/fizioterapeut-david-vrataric\/","title":{"rendered":"Physiotherapist David Vratari\u0107"},"content":{"rendered":"<p>David Vratari\u0107 2007. godine na Sveu\u010dili\u0161tu u Splitu \u2013 sveu\u010dili\u0161ni studijski centar za stru\u010dne studije \u2013 stekao vi\u0161u stru\u010dnu spremu i stru\u010dno zvanje \u2013 vi\u0161i fizioterapeut<br \/>\n2009. godine upisuje specijalisti\u010dki diplomski studij fizioterapije pri Zdravstvenom veleu\u010dili\u0161tu u Zagrebu te nakon dvogodi\u0161nje specijalizacije stje\u010de stru\u010dni naziv \u2013 diplomirani fizioterapeut. Od tada se neprestano usavr\u0161ava na raznim te\u010dajevima i stru\u010dnim predavanjima<br \/>\nPri McKenzie institutu \u2013 Centru za postdiplomske studije mehani\u010dke dijagnostike i terapije u Zagrebu \u2013 2009. godine polo\u017eio A te\u010daj (lumbalna kralje\u017enica) a 2010. polo\u017eio B te\u010daj (cervikalna i torakalna kralje\u017enica)<br \/>\nTako\u0111er 2009. godine zavr\u0161ava prvi i drugi stupanj kinesio taping metode pri Kinesio Taping Association International.<br \/>\nVi\u0161egodi\u0161nje iskustvo u radu sa vrhunskim sporta\u0161ima i rekreativcima, u radu sa djecom, te\u0161kim i nepokretnim bolesnicima<br \/>\n14. studenog 2019. zavr\u0161ava Level 1 \u2013 Dijagnosti\u010dki ultrazvuk mi\u0161i\u0107no ko\u0161tanog sustava<br \/>\n2020. zavr\u0161ava 6. stupanj Emmett tehnike te postaje licencirani Emmett terapeut<\/p>\n<p><img loading=\"lazy\" decoding=\"async\" class=\"alignnone size-full wp-image-1524\" src=\"https:\/\/paradisevacationinsplitandcroatia.com\/wp-content\/uploads\/2021\/11\/WhatsApp-Image-2021-10-02-at-10.45.35-PM-2-1.jpeg\" alt=\"\" width=\"850\" height=\"576\" srcset=\"https:\/\/paradisevacationinsplitandcroatia.com\/wp-content\/uploads\/2021\/11\/WhatsApp-Image-2021-10-02-at-10.45.35-PM-2-1.jpeg 850w, https:\/\/paradisevacationinsplitandcroatia.com\/wp-content\/uploads\/2021\/11\/WhatsApp-Image-2021-10-02-at-10.45.35-PM-2-1-300x203.jpeg 300w, https:\/\/paradisevacationinsplitandcroatia.com\/wp-content\/uploads\/2021\/11\/WhatsApp-Image-2021-10-02-at-10.45.35-PM-2-1-768x520.jpeg 768w, https:\/\/paradisevacationinsplitandcroatia.com\/wp-content\/uploads\/2021\/11\/WhatsApp-Image-2021-10-02-at-10.45.35-PM-2-1-18x12.jpeg 18w, https:\/\/paradisevacationinsplitandcroatia.com\/wp-content\/uploads\/2021\/11\/WhatsApp-Image-2021-10-02-at-10.45.35-PM-2-1-600x407.jpeg 600w, https:\/\/paradisevacationinsplitandcroatia.com\/wp-content\/uploads\/2021\/11\/WhatsApp-Image-2021-10-02-at-10.45.35-PM-2-1-171x116.jpeg 171w\" sizes=\"auto, (max-width: 850px) 100vw, 850px\" \/><\/p>\n<div style=\"padding:75% 0 0 0;position:relative;\"><iframe src=\"https:\/\/player.vimeo.com\/video\/646208661?h=6957bcf2d8&amp;badge=0&amp;autopause=0&amp;player_id=0&amp;app_id=58479\" frameborder=\"0\" allow=\"autoplay; fullscreen; picture-in-picture\" allowfullscreen style=\"position:absolute;top:0;left:0;width:100%;height:100%;\" title=\"dr Vrtaric.mp4\"><\/iframe><\/div>\n<p><script src=\"https:\/\/player.vimeo.com\/api\/player.js\"><\/script><\/p>","protected":false},"excerpt":{"rendered":"<p>David Vratari\u0107 2007. godine na Sveu\u010dili\u0161tu u Splitu \u2013 sveu\u010dili\u0161ni studijski centar za stru\u010dne studije \u2013 stekao vi\u0161u stru\u010dnu spremu &hellip; <a href=\"https:\/\/paradisevacationinsplitandcroatia.com\/en\/product\/fizioterapeut-david-vrataric\/\" class=\"more-link\">Continue reading <span class=\"screen-reader-text\">Physiotherapist David Vratari\u0107<\/span><\/a><\/p>","protected":false},"featured_media":1521,"comment_status":"open","ping_status":"closed","template":"","meta":{"inline_featured_image":false},"product_brand":[],"product_cat":[40],"product_tag":[],"class_list":{"0":"post-1523","1":"product","2":"type-product","3":"status-publish","4":"has-post-thumbnail","6":"product_cat-zdravstvo","8":"first","9":"instock","10":"shipping-taxable","11":"purchasable","12":"product-type-simple"},"_links":{"self":[{"href":"https:\/\/paradisevacationinsplitandcroatia.com\/en\/wp-json\/wp\/v2\/product\/1523","targetHints":{"allow":["GET"]}}],"collection":[{"href":"https:\/\/paradisevacationinsplitandcroatia.com\/en\/wp-json\/wp\/v2\/product"}],"about":[{"href":"https:\/\/paradisevacationinsplitandcroatia.com\/en\/wp-json\/wp\/v2\/types\/product"}],"replies":[{"embeddable":true,"href":"https:\/\/paradisevacationinsplitandcroatia.com\/en\/wp-json\/wp\/v2\/comments?post=1523"}],"wp:featuredmedia":[{"embeddable":true,"href":"https:\/\/paradisevacationinsplitandcroatia.com\/en\/wp-json\/wp\/v2\/media\/1521"}],"wp:attachment":[{"href":"https:\/\/paradisevacationinsplitandcroatia.com\/en\/wp-json\/wp\/v2\/media?parent=1523"}],"wp:term":[{"taxonomy":"product_brand","embeddable":true,"href":"https:\/\/paradisevacationinsplitandcroatia.com\/en\/wp-json\/wp\/v2\/product_brand?post=1523"},{"taxonomy":"product_cat","embeddable":true,"href":"https:\/\/paradisevacationinsplitandcroatia.com\/en\/wp-json\/wp\/v2\/product_cat?post=1523"},{"taxonomy":"product_tag","embeddable":true,"href":"https:\/\/paradisevacationinsplitandcroatia.com\/en\/wp-json\/wp\/v2\/product_tag?post=1523"}],"curies":[{"name":"wp","href":"https:\/\/api.w.org\/{rel}","templated":true}]}}