{"id":182,"date":"2021-07-10T19:09:53","date_gmt":"2021-07-10T19:09:53","guid":{"rendered":"https:\/\/paradisevacationinsplitandcroatia.com\/?post_type=product&#038;p=182"},"modified":"2021-12-07T23:06:08","modified_gmt":"2021-12-07T23:06:08","slug":"konoba-kremenko","status":"publish","type":"product","link":"https:\/\/paradisevacationinsplitandcroatia.com\/en\/product\/konoba-kremenko\/","title":{"rendered":"Tavern Flintstones"},"content":{"rendered":"<p>Na 11 km uzvodno od Omi\u0161a kanjonom rijeke Cetine smje\u0161tena je konoba Kremenko, u kamenitom okoli\u0161u starodalmatinskog sela. Vi\u0161egodi\u0161njim iskustvom stvorena je  tradicija ugo\u0161\u0107uju\u0107i turiste raznih govornih podru\u010dja koji se iznova vra\u0107aju.<br \/>\nOkru\u017eeni ugodnim ambijentom i izborom prave doma\u0107e kuhinje svaki va\u0161 obiteljski ru\u010dak ostati \u0107e Vam u nezaboravnom sje\u0107anju.<\/p>\n<div  id=\"jtg-5848\" class=\"modula modula-gallery modula-creative-gallery\" data-config=\"{&quot;height&quot;:800,&quot;tabletHeight&quot;:800,&quot;mobileHeight&quot;:800,&quot;desktopHeight&quot;:800,&quot;enableTwitter&quot;:false,&quot;enableWhatsapp&quot;:false,&quot;enableFacebook&quot;:false,&quot;enablePinterest&quot;:false,&quot;enableLinkedin&quot;:false,&quot;enableEmail&quot;:false,&quot;randomFactor&quot;:0.5,&quot;type&quot;:&quot;creative-gallery&quot;,&quot;columns&quot;:12,&quot;gutter&quot;:10,&quot;mobileGutter&quot;:10,&quot;tabletGutter&quot;:10,&quot;desktopGutter&quot;:10,&quot;enableResponsive&quot;:&quot;0&quot;,&quot;tabletColumns&quot;:&quot;2&quot;,&quot;mobileColumns&quot;:&quot;1&quot;,&quot;lazyLoad&quot;:0,&quot;lightboxOpts&quot;:{&quot;animated&quot;:true,&quot;Thumbs&quot;:{&quot;type&quot;:&quot;modern&quot;,&quot;showOnStart&quot;:false},&quot;Toolbar&quot;:{&quot;display&quot;:{&quot;right&quot;:[&quot;close&quot;]},&quot;enabled&quot;:true},&quot;Carousel&quot;:{&quot;Panzoom&quot;:{&quot;touch&quot;:true},&quot;infinite&quot;:false},&quot;keyboard&quot;:{&quot;Escape&quot;:&quot;close&quot;,&quot;Delete&quot;:&quot;close&quot;,&quot;Backspace&quot;:&quot;close&quot;,&quot;PageUp&quot;:false,&quot;PageDown&quot;:false,&quot;ArrowUp&quot;:false,&quot;ArrowDown&quot;:false,&quot;ArrowRight&quot;:false,&quot;ArrowLeft&quot;:false},&quot;touch&quot;:false,&quot;backdropClick&quot;:false,&quot;l10n&quot;:{&quot;CLOSE&quot;:&quot;Close&quot;,&quot;NEXT&quot;:&quot;Next&quot;,&quot;PREV&quot;:&quot;Previous&quot;,&quot;Error&quot;:&quot;The requested content cannot be loaded. Please try again later.&quot;,&quot;PLAY_START&quot;:&quot;Start slideshow&quot;,&quot;PLAY_STOP&quot;:&quot;Pause slideshow&quot;,&quot;FULL_SCREEN&quot;:&quot;Full screen&quot;,&quot;THUMBS&quot;:&quot;Thumbnails&quot;,&quot;DOWNLOAD&quot;:&quot;Download&quot;,&quot;SHARE&quot;:&quot;Share&quot;,&quot;ZOOM&quot;:&quot;Zoom&quot;,&quot;EMAIL&quot;:&quot;Here is the link to the image : %%image_link%% and this is the link to the gallery : %%gallery_link%%&quot;,&quot;MODAL&quot;:&quot;You can close this modal content with the ESC key&quot;,&quot;ERROR&quot;:&quot;Something Went Wrong, Please Try Again Later&quot;,&quot;IMAGE_ERROR&quot;:&quot;Image Not Found&quot;,&quot;ELEMENT_NOT_FOUND&quot;:&quot;HTML Element Not Found&quot;,&quot;AJAX_NOT_FOUND&quot;:&quot;Error Loading AJAX : Not Found&quot;,&quot;AJAX_FORBIDDEN&quot;:&quot;Error Loading AJAX : Forbidden&quot;,&quot;IFRAME_ERROR&quot;:&quot;Error Loading Page&quot;,&quot;TOGGLE_ZOOM&quot;:&quot;Toggle zoom level&quot;,&quot;TOGGLE_THUMBS&quot;:&quot;Toggle thumbnails&quot;,&quot;TOGGLE_SLIDESHOW&quot;:&quot;Toggle slideshow&quot;,&quot;TOGGLE_FULLSCREEN&quot;:&quot;Toggle full-screen mode&quot;},&quot;Images&quot;:{&quot;Panzoom&quot;:{&quot;maxScale&quot;:2}},&quot;mainClass&quot;:&quot;modula-fancybox-container modula-lightbox-jtg-5848&quot;,&quot;Html&quot;:{&quot;videoAutoplay&quot;:0,&quot;videoTpl&quot;:&quot;&lt;video class=\\&quot;fancybox__html5video\\&quot; controls muted playsinline controlsList controlsList=\\&quot;nodownload\\&quot; poster=\\&quot;{{poster}}\\&quot; src=\\&quot;{{src}}\\&quot; type=\\&quot;{{format}}\\&quot; &gt;  Sorry, your browser doesn&#039;t support embedded videos, &lt;a href=\\&quot;{{src}}\\&quot;&gt; download &lt;\\\/a&gt; and watch with your favorite video player! &lt;\\\/video&gt;&quot;}},&quot;inView&quot;:false,&quot;email_subject&quot;:&quot;Check out this awesome image !!&quot;,&quot;email_message&quot;:&quot;Here is the link to the image : %%image_link%% and this is the link to the gallery : %%gallery_link%%&quot;,&quot;lightbox&quot;:&quot;fancybox&quot;}\">\n\n\t\n\t<div  class=\"modula-items\">\n\t\t<div class=\"modula-item effect-pufrobo\" >\n\t<div class=\"modula-item-overlay\"><\/div>\n\n\t<div class=\"modula-item-content\">\n\n\t\t<a data-image-id=\"5853\" role=\"button\" tabindex=\"0\" rel=\"jtg-5848\" data-caption=\"\" aria-label=\"Open image in lightbox\" class=\"tile-inner modula-item-link\"><\/a><img loading=\"lazy\" decoding=\"async\" class=\"pic wp-image-5853\"  data-valign=\"middle\" data-halign=\"center\" alt=\"\" data-full=\"https:\/\/paradisevacationinsplitandcroatia.com\/wp-content\/uploads\/2021\/12\/shuttle-service-kremenko.jpg\" title=\"shuttle-service-kremenko\" crop=\"\" width=\"300\" height=\"225\" src=\"https:\/\/paradisevacationinsplitandcroatia.com\/wp-content\/uploads\/2021\/12\/shuttle-service-kremenko-300x225.jpg\" data-src=\"https:\/\/paradisevacationinsplitandcroatia.com\/wp-content\/uploads\/2021\/12\/shuttle-service-kremenko-300x225.jpg\" data-caption=\"\" srcset=\"https:\/\/paradisevacationinsplitandcroatia.com\/wp-content\/uploads\/2021\/12\/shuttle-service-kremenko.jpg 1024w, https:\/\/paradisevacationinsplitandcroatia.com\/wp-content\/uploads\/2021\/12\/shuttle-service-kremenko-300x225.jpg 300w, https:\/\/paradisevacationinsplitandcroatia.com\/wp-content\/uploads\/2021\/12\/shuttle-service-kremenko-768x576.jpg 768w, https:\/\/paradisevacationinsplitandcroatia.com\/wp-content\/uploads\/2021\/12\/shuttle-service-kremenko-16x12.jpg 16w, https:\/\/paradisevacationinsplitandcroatia.com\/wp-content\/uploads\/2021\/12\/shuttle-service-kremenko-600x450.jpg 600w, https:\/\/paradisevacationinsplitandcroatia.com\/wp-content\/uploads\/2021\/12\/shuttle-service-kremenko-155x116.jpg 155w\" sizes=\"auto, (max-width: 300px) 100vw, 300px\" \/>\n\t\t<div class=\"figc no-description\">\n\t\t\t<div class=\"figc-inner\">\n\t\t\t\t\t\t\t\t\t\t\t\t\t\t\t<\/div>\n\t\t<\/div>\n\n\t<\/div>\n\n<\/div><div class=\"modula-item effect-pufrobo\" >\n\t<div class=\"modula-item-overlay\"><\/div>\n\n\t<div class=\"modula-item-content\">\n\n\t\t<a data-image-id=\"5855\" role=\"button\" tabindex=\"0\" rel=\"jtg-5848\" data-caption=\"\" aria-label=\"Open image in lightbox\" class=\"tile-inner modula-item-link\"><\/a><img loading=\"lazy\" decoding=\"async\" class=\"pic wp-image-5855\"  data-valign=\"middle\" data-halign=\"center\" alt=\"\" data-full=\"https:\/\/paradisevacationinsplitandcroatia.com\/wp-content\/uploads\/2021\/12\/konoba-kremenko_flyer1.jpg\" title=\"konoba-kremenko_flyer1\" crop=\"\" width=\"300\" height=\"207\" src=\"https:\/\/paradisevacationinsplitandcroatia.com\/wp-content\/uploads\/2021\/12\/konoba-kremenko_flyer1-300x207.jpg\" data-src=\"https:\/\/paradisevacationinsplitandcroatia.com\/wp-content\/uploads\/2021\/12\/konoba-kremenko_flyer1-300x207.jpg\" data-caption=\"\" srcset=\"https:\/\/paradisevacationinsplitandcroatia.com\/wp-content\/uploads\/2021\/12\/konoba-kremenko_flyer1.jpg 697w, https:\/\/paradisevacationinsplitandcroatia.com\/wp-content\/uploads\/2021\/12\/konoba-kremenko_flyer1-300x207.jpg 300w, https:\/\/paradisevacationinsplitandcroatia.com\/wp-content\/uploads\/2021\/12\/konoba-kremenko_flyer1-18x12.jpg 18w, https:\/\/paradisevacationinsplitandcroatia.com\/wp-content\/uploads\/2021\/12\/konoba-kremenko_flyer1-600x413.jpg 600w, https:\/\/paradisevacationinsplitandcroatia.com\/wp-content\/uploads\/2021\/12\/konoba-kremenko_flyer1-168x116.jpg 168w\" sizes=\"auto, (max-width: 300px) 100vw, 300px\" \/>\n\t\t<div class=\"figc no-description\">\n\t\t\t<div class=\"figc-inner\">\n\t\t\t\t\t\t\t\t\t\t\t\t\t\t\t<\/div>\n\t\t<\/div>\n\n\t<\/div>\n\n<\/div><div class=\"modula-item effect-pufrobo\" >\n\t<div class=\"modula-item-overlay\"><\/div>\n\n\t<div class=\"modula-item-content\">\n\n\t\t<a data-image-id=\"5849\" role=\"button\" tabindex=\"0\" rel=\"jtg-5848\" data-caption=\"\" aria-label=\"Open image in lightbox\" class=\"tile-inner modula-item-link\"><\/a><img loading=\"lazy\" decoding=\"async\" class=\"pic wp-image-5849\"  data-valign=\"middle\" data-halign=\"center\" alt=\"\" data-full=\"https:\/\/paradisevacationinsplitandcroatia.com\/wp-content\/uploads\/2021\/12\/konoba-kremenko-wc.jpg\" title=\"konoba-kremenko-wc\" crop=\"\" width=\"225\" height=\"300\" src=\"https:\/\/paradisevacationinsplitandcroatia.com\/wp-content\/uploads\/2021\/12\/konoba-kremenko-wc-225x300.jpg\" data-src=\"https:\/\/paradisevacationinsplitandcroatia.com\/wp-content\/uploads\/2021\/12\/konoba-kremenko-wc-225x300.jpg\" data-caption=\"\" srcset=\"https:\/\/paradisevacationinsplitandcroatia.com\/wp-content\/uploads\/2021\/12\/konoba-kremenko-wc.jpg 768w, https:\/\/paradisevacationinsplitandcroatia.com\/wp-content\/uploads\/2021\/12\/konoba-kremenko-wc-225x300.jpg 225w, https:\/\/paradisevacationinsplitandcroatia.com\/wp-content\/uploads\/2021\/12\/konoba-kremenko-wc-9x12.jpg 9w, https:\/\/paradisevacationinsplitandcroatia.com\/wp-content\/uploads\/2021\/12\/konoba-kremenko-wc-600x800.jpg 600w, https:\/\/paradisevacationinsplitandcroatia.com\/wp-content\/uploads\/2021\/12\/konoba-kremenko-wc-87x116.jpg 87w\" sizes=\"auto, (max-width: 225px) 100vw, 225px\" \/>\n\t\t<div class=\"figc no-description\">\n\t\t\t<div class=\"figc-inner\">\n\t\t\t\t\t\t\t\t\t\t\t\t\t\t\t<\/div>\n\t\t<\/div>\n\n\t<\/div>\n\n<\/div><div class=\"modula-item effect-pufrobo\" >\n\t<div class=\"modula-item-overlay\"><\/div>\n\n\t<div class=\"modula-item-content\">\n\n\t\t<a data-image-id=\"5850\" role=\"button\" tabindex=\"0\" rel=\"jtg-5848\" data-caption=\"\" aria-label=\"Open image in lightbox\" class=\"tile-inner modula-item-link\"><\/a><img loading=\"lazy\" decoding=\"async\" class=\"pic wp-image-5850\"  data-valign=\"middle\" data-halign=\"center\" alt=\"\" data-full=\"https:\/\/paradisevacationinsplitandcroatia.com\/wp-content\/uploads\/2021\/12\/kremenko-kamin.jpg\" title=\"kremenko-kamin\" crop=\"\" width=\"300\" height=\"225\" src=\"https:\/\/paradisevacationinsplitandcroatia.com\/wp-content\/uploads\/2021\/12\/kremenko-kamin-300x225.jpg\" data-src=\"https:\/\/paradisevacationinsplitandcroatia.com\/wp-content\/uploads\/2021\/12\/kremenko-kamin-300x225.jpg\" data-caption=\"\" srcset=\"https:\/\/paradisevacationinsplitandcroatia.com\/wp-content\/uploads\/2021\/12\/kremenko-kamin.jpg 1024w, https:\/\/paradisevacationinsplitandcroatia.com\/wp-content\/uploads\/2021\/12\/kremenko-kamin-300x225.jpg 300w, https:\/\/paradisevacationinsplitandcroatia.com\/wp-content\/uploads\/2021\/12\/kremenko-kamin-768x576.jpg 768w, https:\/\/paradisevacationinsplitandcroatia.com\/wp-content\/uploads\/2021\/12\/kremenko-kamin-16x12.jpg 16w, https:\/\/paradisevacationinsplitandcroatia.com\/wp-content\/uploads\/2021\/12\/kremenko-kamin-600x450.jpg 600w, https:\/\/paradisevacationinsplitandcroatia.com\/wp-content\/uploads\/2021\/12\/kremenko-kamin-155x116.jpg 155w\" sizes=\"auto, (max-width: 300px) 100vw, 300px\" \/>\n\t\t<div class=\"figc no-description\">\n\t\t\t<div class=\"figc-inner\">\n\t\t\t\t\t\t\t\t\t\t\t\t\t\t\t<\/div>\n\t\t<\/div>\n\n\t<\/div>\n\n<\/div><div class=\"modula-item effect-pufrobo\" >\n\t<div class=\"modula-item-overlay\"><\/div>\n\n\t<div class=\"modula-item-content\">\n\n\t\t<a data-image-id=\"5851\" role=\"button\" tabindex=\"0\" rel=\"jtg-5848\" data-caption=\"\" aria-label=\"Open image in lightbox\" class=\"tile-inner modula-item-link\"><\/a><img loading=\"lazy\" decoding=\"async\" class=\"pic wp-image-5851\"  data-valign=\"middle\" data-halign=\"center\" alt=\"\" data-full=\"https:\/\/paradisevacationinsplitandcroatia.com\/wp-content\/uploads\/2021\/12\/kremenko-telefon.jpg\" title=\"kremenko-telefon\" crop=\"\" width=\"300\" height=\"225\" src=\"https:\/\/paradisevacationinsplitandcroatia.com\/wp-content\/uploads\/2021\/12\/kremenko-telefon-300x225.jpg\" data-src=\"https:\/\/paradisevacationinsplitandcroatia.com\/wp-content\/uploads\/2021\/12\/kremenko-telefon-300x225.jpg\" data-caption=\"\" srcset=\"https:\/\/paradisevacationinsplitandcroatia.com\/wp-content\/uploads\/2021\/12\/kremenko-telefon.jpg 1024w, https:\/\/paradisevacationinsplitandcroatia.com\/wp-content\/uploads\/2021\/12\/kremenko-telefon-300x225.jpg 300w, https:\/\/paradisevacationinsplitandcroatia.com\/wp-content\/uploads\/2021\/12\/kremenko-telefon-768x576.jpg 768w, https:\/\/paradisevacationinsplitandcroatia.com\/wp-content\/uploads\/2021\/12\/kremenko-telefon-16x12.jpg 16w, https:\/\/paradisevacationinsplitandcroatia.com\/wp-content\/uploads\/2021\/12\/kremenko-telefon-600x450.jpg 600w, https:\/\/paradisevacationinsplitandcroatia.com\/wp-content\/uploads\/2021\/12\/kremenko-telefon-155x116.jpg 155w\" sizes=\"auto, (max-width: 300px) 100vw, 300px\" \/>\n\t\t<div class=\"figc no-description\">\n\t\t\t<div class=\"figc-inner\">\n\t\t\t\t\t\t\t\t\t\t\t\t\t\t\t<\/div>\n\t\t<\/div>\n\n\t<\/div>\n\n<\/div><div class=\"modula-item effect-pufrobo\" >\n\t<div class=\"modula-item-overlay\"><\/div>\n\n\t<div class=\"modula-item-content\">\n\n\t\t<a data-image-id=\"5852\" role=\"button\" tabindex=\"0\" rel=\"jtg-5848\" data-caption=\"\" aria-label=\"Open image in lightbox\" class=\"tile-inner modula-item-link\"><\/a><img loading=\"lazy\" decoding=\"async\" class=\"pic wp-image-5852\"  data-valign=\"middle\" data-halign=\"center\" alt=\"\" data-full=\"https:\/\/paradisevacationinsplitandcroatia.com\/wp-content\/uploads\/2021\/12\/kremenko-tv.jpg\" title=\"kremenko-tv\" crop=\"\" width=\"300\" height=\"225\" src=\"https:\/\/paradisevacationinsplitandcroatia.com\/wp-content\/uploads\/2021\/12\/kremenko-tv-300x225.jpg\" data-src=\"https:\/\/paradisevacationinsplitandcroatia.com\/wp-content\/uploads\/2021\/12\/kremenko-tv-300x225.jpg\" data-caption=\"\" srcset=\"https:\/\/paradisevacationinsplitandcroatia.com\/wp-content\/uploads\/2021\/12\/kremenko-tv.jpg 1024w, https:\/\/paradisevacationinsplitandcroatia.com\/wp-content\/uploads\/2021\/12\/kremenko-tv-300x225.jpg 300w, https:\/\/paradisevacationinsplitandcroatia.com\/wp-content\/uploads\/2021\/12\/kremenko-tv-768x576.jpg 768w, https:\/\/paradisevacationinsplitandcroatia.com\/wp-content\/uploads\/2021\/12\/kremenko-tv-16x12.jpg 16w, https:\/\/paradisevacationinsplitandcroatia.com\/wp-content\/uploads\/2021\/12\/kremenko-tv-600x450.jpg 600w, https:\/\/paradisevacationinsplitandcroatia.com\/wp-content\/uploads\/2021\/12\/kremenko-tv-155x116.jpg 155w\" sizes=\"auto, (max-width: 300px) 100vw, 300px\" \/>\n\t\t<div class=\"figc no-description\">\n\t\t\t<div class=\"figc-inner\">\n\t\t\t\t\t\t\t\t\t\t\t\t\t\t\t<\/div>\n\t\t<\/div>\n\n\t<\/div>\n\n<\/div><div class=\"modula-item effect-pufrobo\" >\n\t<div class=\"modula-item-overlay\"><\/div>\n\n\t<div class=\"modula-item-content\">\n\n\t\t<a data-image-id=\"5854\" role=\"button\" tabindex=\"0\" rel=\"jtg-5848\" data-caption=\"\" aria-label=\"Open image in lightbox\" class=\"tile-inner modula-item-link\"><\/a><img loading=\"lazy\" decoding=\"async\" class=\"pic wp-image-5854\"  data-valign=\"middle\" data-halign=\"center\" alt=\"\" data-full=\"https:\/\/paradisevacationinsplitandcroatia.com\/wp-content\/uploads\/2021\/12\/eingang-kremenko-omis.jpg\" title=\"eingang-kremenko-omis\" crop=\"\" width=\"225\" height=\"300\" src=\"https:\/\/paradisevacationinsplitandcroatia.com\/wp-content\/uploads\/2021\/12\/eingang-kremenko-omis-225x300.jpg\" data-src=\"https:\/\/paradisevacationinsplitandcroatia.com\/wp-content\/uploads\/2021\/12\/eingang-kremenko-omis-225x300.jpg\" data-caption=\"\" srcset=\"https:\/\/paradisevacationinsplitandcroatia.com\/wp-content\/uploads\/2021\/12\/eingang-kremenko-omis.jpg 768w, https:\/\/paradisevacationinsplitandcroatia.com\/wp-content\/uploads\/2021\/12\/eingang-kremenko-omis-225x300.jpg 225w, https:\/\/paradisevacationinsplitandcroatia.com\/wp-content\/uploads\/2021\/12\/eingang-kremenko-omis-9x12.jpg 9w, https:\/\/paradisevacationinsplitandcroatia.com\/wp-content\/uploads\/2021\/12\/eingang-kremenko-omis-600x800.jpg 600w, https:\/\/paradisevacationinsplitandcroatia.com\/wp-content\/uploads\/2021\/12\/eingang-kremenko-omis-87x116.jpg 87w\" sizes=\"auto, (max-width: 225px) 100vw, 225px\" \/>\n\t\t<div class=\"figc no-description\">\n\t\t\t<div class=\"figc-inner\">\n\t\t\t\t\t\t\t\t\t\t\t\t\t\t\t<\/div>\n\t\t<\/div>\n\n\t<\/div>\n\n<\/div><div class=\"modula-item effect-pufrobo\" >\n\t<div class=\"modula-item-overlay\"><\/div>\n\n\t<div class=\"modula-item-content\">\n\n\t\t<a data-image-id=\"5857\" role=\"button\" tabindex=\"0\" rel=\"jtg-5848\" data-caption=\"\" aria-label=\"Open image in lightbox\" class=\"tile-inner modula-item-link\"><\/a><img loading=\"lazy\" decoding=\"async\" class=\"pic wp-image-5857\"  data-valign=\"middle\" data-halign=\"center\" alt=\"\" data-full=\"https:\/\/paradisevacationinsplitandcroatia.com\/wp-content\/uploads\/2021\/12\/konoba-kremenko-dalmatien.jpg\" title=\"konoba-kremenko-dalmatien\" crop=\"\" width=\"300\" height=\"225\" src=\"https:\/\/paradisevacationinsplitandcroatia.com\/wp-content\/uploads\/2021\/12\/konoba-kremenko-dalmatien-300x225.jpg\" data-src=\"https:\/\/paradisevacationinsplitandcroatia.com\/wp-content\/uploads\/2021\/12\/konoba-kremenko-dalmatien-300x225.jpg\" data-caption=\"\" srcset=\"https:\/\/paradisevacationinsplitandcroatia.com\/wp-content\/uploads\/2021\/12\/konoba-kremenko-dalmatien.jpg 1024w, https:\/\/paradisevacationinsplitandcroatia.com\/wp-content\/uploads\/2021\/12\/konoba-kremenko-dalmatien-300x225.jpg 300w, https:\/\/paradisevacationinsplitandcroatia.com\/wp-content\/uploads\/2021\/12\/konoba-kremenko-dalmatien-768x576.jpg 768w, https:\/\/paradisevacationinsplitandcroatia.com\/wp-content\/uploads\/2021\/12\/konoba-kremenko-dalmatien-16x12.jpg 16w, https:\/\/paradisevacationinsplitandcroatia.com\/wp-content\/uploads\/2021\/12\/konoba-kremenko-dalmatien-600x450.jpg 600w, https:\/\/paradisevacationinsplitandcroatia.com\/wp-content\/uploads\/2021\/12\/konoba-kremenko-dalmatien-155x116.jpg 155w\" sizes=\"auto, (max-width: 300px) 100vw, 300px\" \/>\n\t\t<div class=\"figc no-description\">\n\t\t\t<div class=\"figc-inner\">\n\t\t\t\t\t\t\t\t\t\t\t\t\t\t\t<\/div>\n\t\t<\/div>\n\n\t<\/div>\n\n<\/div><div class=\"modula-item effect-pufrobo\" >\n\t<div class=\"modula-item-overlay\"><\/div>\n\n\t<div class=\"modula-item-content\">\n\n\t\t<a data-image-id=\"5858\" role=\"button\" tabindex=\"0\" rel=\"jtg-5848\" data-caption=\"\" aria-label=\"Open image in lightbox\" class=\"tile-inner modula-item-link\"><\/a><img loading=\"lazy\" decoding=\"async\" class=\"pic wp-image-5858\"  data-valign=\"middle\" data-halign=\"center\" alt=\"\" data-full=\"https:\/\/paradisevacationinsplitandcroatia.com\/wp-content\/uploads\/2021\/12\/konoba-kremenko-flintstones.jpg\" title=\"konoba-kremenko-flintstones\" crop=\"\" width=\"300\" height=\"225\" src=\"https:\/\/paradisevacationinsplitandcroatia.com\/wp-content\/uploads\/2021\/12\/konoba-kremenko-flintstones-300x225.jpg\" data-src=\"https:\/\/paradisevacationinsplitandcroatia.com\/wp-content\/uploads\/2021\/12\/konoba-kremenko-flintstones-300x225.jpg\" data-caption=\"\" srcset=\"https:\/\/paradisevacationinsplitandcroatia.com\/wp-content\/uploads\/2021\/12\/konoba-kremenko-flintstones.jpg 1024w, https:\/\/paradisevacationinsplitandcroatia.com\/wp-content\/uploads\/2021\/12\/konoba-kremenko-flintstones-300x225.jpg 300w, https:\/\/paradisevacationinsplitandcroatia.com\/wp-content\/uploads\/2021\/12\/konoba-kremenko-flintstones-768x576.jpg 768w, https:\/\/paradisevacationinsplitandcroatia.com\/wp-content\/uploads\/2021\/12\/konoba-kremenko-flintstones-16x12.jpg 16w, https:\/\/paradisevacationinsplitandcroatia.com\/wp-content\/uploads\/2021\/12\/konoba-kremenko-flintstones-600x450.jpg 600w, https:\/\/paradisevacationinsplitandcroatia.com\/wp-content\/uploads\/2021\/12\/konoba-kremenko-flintstones-155x116.jpg 155w\" sizes=\"auto, (max-width: 300px) 100vw, 300px\" \/>\n\t\t<div class=\"figc no-description\">\n\t\t\t<div class=\"figc-inner\">\n\t\t\t\t\t\t\t\t\t\t\t\t\t\t\t<\/div>\n\t\t<\/div>\n\n\t<\/div>\n\n<\/div>\t\t\n\t<\/div>\n\n\t\n\t\n\t<script type=\"application\/ld+json\">\n\t{\n\t\t\"@context\": \"http:\/\/schema.org\",\n\t\t\"@type\"   : \"ImageGallery\",\n\t\t\"id\"      : \"https:\/\/paradisevacationinsplitandcroatia.com\/en\/product\/konoba-kremenko\/\",\n\t\t\"url\"     : \"https:\/\/paradisevacationinsplitandcroatia.com\/en\/product\/konoba-kremenko\/\"\n\t}\n\n\t<\/script>\n\n\t\n<\/div>\n\n","protected":false},"excerpt":{"rendered":"<p>Na 11 km uzvodno od Omi\u0161a kanjonom rijeke Cetine smje\u0161tena je konoba Kremenko, u kamenitom okoli\u0161u starodalmatinskog sela. Vi\u0161egodi\u0161njim iskustvom &hellip; <a href=\"https:\/\/paradisevacationinsplitandcroatia.com\/en\/product\/konoba-kremenko\/\" class=\"more-link\">Continue reading <span class=\"screen-reader-text\">Tavern Flintstones<\/span><\/a><\/p>","protected":false},"featured_media":191,"comment_status":"open","ping_status":"closed","template":"","meta":{"inline_featured_image":false},"product_brand":[],"product_cat":[29],"product_tag":[],"class_list":{"0":"post-182","1":"product","2":"type-product","3":"status-publish","4":"has-post-thumbnail","6":"product_cat-restorani","8":"first","9":"instock","10":"shipping-taxable","11":"purchasable","12":"product-type-simple"},"_links":{"self":[{"href":"https:\/\/paradisevacationinsplitandcroatia.com\/en\/wp-json\/wp\/v2\/product\/182","targetHints":{"allow":["GET"]}}],"collection":[{"href":"https:\/\/paradisevacationinsplitandcroatia.com\/en\/wp-json\/wp\/v2\/product"}],"about":[{"href":"https:\/\/paradisevacationinsplitandcroatia.com\/en\/wp-json\/wp\/v2\/types\/product"}],"replies":[{"embeddable":true,"href":"https:\/\/paradisevacationinsplitandcroatia.com\/en\/wp-json\/wp\/v2\/comments?post=182"}],"wp:featuredmedia":[{"embeddable":true,"href":"https:\/\/paradisevacationinsplitandcroatia.com\/en\/wp-json\/wp\/v2\/media\/191"}],"wp:attachment":[{"href":"https:\/\/paradisevacationinsplitandcroatia.com\/en\/wp-json\/wp\/v2\/media?parent=182"}],"wp:term":[{"taxonomy":"product_brand","embeddable":true,"href":"https:\/\/paradisevacationinsplitandcroatia.com\/en\/wp-json\/wp\/v2\/product_brand?post=182"},{"taxonomy":"product_cat","embeddable":true,"href":"https:\/\/paradisevacationinsplitandcroatia.com\/en\/wp-json\/wp\/v2\/product_cat?post=182"},{"taxonomy":"product_tag","embeddable":true,"href":"https:\/\/paradisevacationinsplitandcroatia.com\/en\/wp-json\/wp\/v2\/product_tag?post=182"}],"curies":[{"name":"wp","href":"https:\/\/api.w.org\/{rel}","templated":true}]}}