{"id":1991,"date":"2021-11-16T16:52:38","date_gmt":"2021-11-16T16:52:38","guid":{"rendered":"https:\/\/paradisevacationinsplitandcroatia.com\/?post_type=product&#038;p=1991"},"modified":"2025-05-09T06:39:18","modified_gmt":"2025-05-09T06:39:18","slug":"game-of-thrones","status":"publish","type":"product","link":"https:\/\/paradisevacationinsplitandcroatia.com\/en\/product\/game-of-thrones\/","title":{"rendered":"Igre Prijestolja"},"content":{"rendered":"<p>The coastal area, with its abundance of green islands, serene pebbly beaches and the clearest water in the entire Mediterranean, sheltered by the mountains, along with the green \u201cheart\u201d of Cetina and Jadro rivers\u2019 valleys, is the area of central Adriatic coast from Marina in the north to Gradac in the south. It is a place where tourism has been living for over a century. Just as every visitor during the millennium-long history of Central Dalmatia has been mesmerized by a view of bays and islands, picturesque hills and mountains, this region continues to mesmerize its visitors not only with the same natural beauty but also with its rich historical heritage. This is a littoral region that houses as many as three UNESCO world cultural heritage sites in the area of only 20 miles: Diocletian\u2019s Palace in Split, Stari Grad Plain on the island of Hvar and the City of Trogir\u2019s historical centre. Salona is positioned in the middle of these sites, the largest archaeological site on eastern Adriatic coast today and a former capitol of the Roman province Dalmatia. Cultural heritage in Central Dalmatia has been created and left to future generations by inspired artists who carved their skills in wood, marble and stones of walls and palaces of Central Dalmatian cities.<br \/>\nIt is no surprise that such picturesque locations of this region have been selected as filming sites for the fourth season of the popular TV series \u201cGame of Thrones,\u201d an adaptation of the third book from \u201cA Song of Ice and Fire\u201d cycles written by an American writer George R. R: Martin.<br \/>\nCellars of antique Roman Emperor Diocletian\u2019s Palace in Split, beautiful river landscapes of \u017drnovnica and the green hinterland of Biokovo Nature Park overlooking Ba\u0161ka Voda and Klis Fort created natural sets for attractive fight scenes, intrigues, betrayals and revenges depicted in this adaptation of a modern fantasy novel that you will surely enjoy watching.<br \/>\nPlaces and locations of filming can be visited by coming to Central Dalmatia which, in its beautiful natural and historical environment, lives a modern life of attractive tourism region, one of the leading tourism regions in the Republic of Croatia. Great hotels, private apartments, camps and marinas, gastronomical specialties and warm-hearted hosts are waiting for you. It is easy to reach us via direct flights from Barcelona to Split, a city where lots of fun, songs and events will make your holidays unforgettable.<br \/>\nWelcome to Central Dalmatia \u2013 the heart of the Adriatic!<br \/>\nJo\u0161ko Stella<br \/>\nDirector of Split-Dalmatia County Tourist Board<\/p>\n<hr \/>\n<p>Split<br \/>\nIn the streets of this 17 century-old city, the second largest city in Croatia which has its historical centre in the Roman Emperor Diocletian\u2019s Palace, and where its historical heritage is within a hand\u2019s grasp, you can visit numerous museums and galleries that are rich in history, and lots of fun and interesting events await you in the streets and squares. It is worthwhile to venture under the vaults and listen to the bells of one of the world\u2019s oldest cathedrals, to touch an Egyptian sphinx located at Imperial Square and rub a toe of a bronze statue dedicated to Bishop Gregory of Nin for good luck. What makes this city recognizable is its style and culture of living in open public areas since the City of Split has the fortune of offering its visitors the true experience of sunny and sheltered streets and squares, bays and walkways, regardless of the season. And when you decide to treat yourselves in one of the numerous restaurants, buffets and Dalmatian taverns, you will realize why Split is not only the place of exquisite gastronomical experiences but also of lively parties, clubs and festivals. A dynamic city that grew from a palace and turned into the heart of a modern Adriatic metropolis, this unique city will give you a reason to stay and live in it regardless of how little time you have to stay. Just give Split a chance and this city will surely win your heart.<\/p>\n<p>&nbsp;<\/p>\n<p>Klis<br \/>\nLike a silent witness to centuries-old history on a stone cliff overlooking Split, the medieval Klis Fort, one of the most beautiful fortifications in Croatia, proudly stands. With a long history, this strongest Dalmatian fort has been a centre for the first Croatian rulers, noble families and royal protection, and it has also been a place where heroes fought and died defending its walls. This fort has been a symbol of Croatian resistance against Turkish invasion and those glory days are preserved to this day in a form of historical spectacles and \u201cKli\u0161ki uskoci\u201d unit.<\/p>\n<p>&nbsp;<\/p>\n<p>\u017drnovnica<br \/>\nAt the southern approach to Split, under Mosor Mountain, there is a place where a picturesque \u017drnonvica settlement is located with its nature, river and forests that attract visitors to come and enjoy unique beauty. Old water mills that have been for centuries the main economic driver for the local population and which today, sheltered by willows, serve as a reminder of days passed, are especially worth visiting.<\/p>\n<p>&nbsp;<\/p>\n<p>Ba\u0161ka Voda<br \/>\nFresh water sources have attracted settlers to the area of Ba\u0161ka Voda as early as four thousand years before Christ. Today, Ba\u0161ka Voda is a modern tourism centre located at Makarska Riviera that has been nurturing a tourism tradition for over a century. Located on the green foothills of the Bikovo Nature Park, whose highest peak reaches 1,762 meters above sea level, Ba\u0161ka Voda offers archaeological and museum collections and numerous interesting attractions that attest to its rich history. Today, Ba\u0161ka Voda is most recognized for its pebbly beaches.  It is one of the numerous beaches on the sixty kilometres long Makarska Riviera that is covered with picturesque tourist settlements. Especially interesting are stone settlements located at the foothills of the mountain which today are converted into ethnological villages with interesting tourist appeal.<\/p>\n<p>&nbsp;<\/p>\n<p>Ka\u0161tela<br \/>\nKa\u0161tela\u201ds  peculiarity lies in the fact that it developed around fortifications \u2013 citadels (ka\u0161tela), in seven villages (Ka\u0161tel Su\u0107urac, Ka\u0161tel Gomilica, Ka\u0161tel Kambelovac, Ka\u0161tel Luk\u0161i\u0107, Ka\u0161tel Stari, Ka\u0161tel Novi and Ka\u0161tel \u0160tafili\u0107), each of them with its own specific traits so typical of this Mediterranean area.<br \/>\nAn interesting village is Ka\u0161tel Gomilica that developed around the historic fortification Ka\u0161tilac, which from the 16th century stands nearly intact on a small island, surrounded by sea and connected with the mainland by a stone bridge. The entrance to the citadel is protected by a high tower entered across a drawbridge.<br \/>\nThis unique, romantic and mysterious fortification in Ka\u0161tel Gomilica was chosen as the setting for the fourth season of the popular television series Game of Thrones, based on the third book from the series A Song of Ice and Fire by American author George R. R. Martin.<\/p>\n<p>&nbsp;<\/p>","protected":false},"excerpt":{"rendered":"<p>Priobalje i niska zelenih otoka, pitome \u0161ljun\u010dane pla\u017ee s najbistrijim morem Sredozemlja uvu\u010dene pod skute planina, zeleno &#8220;srce&#8221; u dolinama &hellip; <a href=\"https:\/\/paradisevacationinsplitandcroatia.com\/en\/product\/game-of-thrones\/\" class=\"more-link\">Continue reading <span class=\"screen-reader-text\">Igre Prijestolja<\/span><\/a><\/p>","protected":false},"featured_media":3788,"comment_status":"open","ping_status":"closed","template":"","meta":{"inline_featured_image":false},"product_brand":[],"product_cat":[41],"product_tag":[],"class_list":{"0":"post-1991","1":"product","2":"type-product","3":"status-publish","4":"has-post-thumbnail","6":"product_cat-split-i-dalmacija-info","8":"first","9":"instock","10":"shipping-taxable","11":"purchasable","12":"product-type-simple"},"_links":{"self":[{"href":"https:\/\/paradisevacationinsplitandcroatia.com\/en\/wp-json\/wp\/v2\/product\/1991","targetHints":{"allow":["GET"]}}],"collection":[{"href":"https:\/\/paradisevacationinsplitandcroatia.com\/en\/wp-json\/wp\/v2\/product"}],"about":[{"href":"https:\/\/paradisevacationinsplitandcroatia.com\/en\/wp-json\/wp\/v2\/types\/product"}],"replies":[{"embeddable":true,"href":"https:\/\/paradisevacationinsplitandcroatia.com\/en\/wp-json\/wp\/v2\/comments?post=1991"}],"wp:featuredmedia":[{"embeddable":true,"href":"https:\/\/paradisevacationinsplitandcroatia.com\/en\/wp-json\/wp\/v2\/media\/3788"}],"wp:attachment":[{"href":"https:\/\/paradisevacationinsplitandcroatia.com\/en\/wp-json\/wp\/v2\/media?parent=1991"}],"wp:term":[{"taxonomy":"product_brand","embeddable":true,"href":"https:\/\/paradisevacationinsplitandcroatia.com\/en\/wp-json\/wp\/v2\/product_brand?post=1991"},{"taxonomy":"product_cat","embeddable":true,"href":"https:\/\/paradisevacationinsplitandcroatia.com\/en\/wp-json\/wp\/v2\/product_cat?post=1991"},{"taxonomy":"product_tag","embeddable":true,"href":"https:\/\/paradisevacationinsplitandcroatia.com\/en\/wp-json\/wp\/v2\/product_tag?post=1991"}],"curies":[{"name":"wp","href":"https:\/\/api.w.org\/{rel}","templated":true}]}}