{"id":214,"date":"2021-07-10T19:43:45","date_gmt":"2021-07-10T19:43:45","guid":{"rendered":"https:\/\/paradisevacationinsplitandcroatia.com\/?post_type=product&#038;p=214"},"modified":"2025-05-09T06:38:58","modified_gmt":"2025-05-09T06:38:58","slug":"vinograd","status":"publish","type":"product","link":"https:\/\/paradisevacationinsplitandcroatia.com\/en\/product\/vinograd\/","title":{"rendered":"Vineyard"},"content":{"rendered":"<p>The blessed climate with a Mediterranean climate, a top country with a large amount of water, gives great opportunities to people who love and want to grow fruits and vegetables, and all this gives opportunities to grow first class products that are more valued in the world than in Croatia. Several brands have been created in this area that are valued at the highest world level, and it is possible to get acquainted with these products of fruits and other crops, and you can also taste these products and participate in harvesting and observing production.<br \/>\nSeveral brands have been created in this area that are valued at the highest world level, and it is possible to get acquainted with these products of fruits and other crops, and you can also taste these products and participate in harvesting and observing production.<\/p>\n<p><img loading=\"lazy\" decoding=\"async\" class=\"size-medium wp-image-213 alignright\" src=\"https:\/\/paradisevacationinsplitandcroatia.com\/wp-content\/uploads\/2021\/07\/2-1-243x300.jpg\" alt=\"\" width=\"243\" height=\"300\" srcset=\"https:\/\/paradisevacationinsplitandcroatia.com\/wp-content\/uploads\/2021\/07\/2-1-243x300.jpg 243w, https:\/\/paradisevacationinsplitandcroatia.com\/wp-content\/uploads\/2021\/07\/2-1-10x12.jpg 10w, https:\/\/paradisevacationinsplitandcroatia.com\/wp-content\/uploads\/2021\/07\/2-1-600x741.jpg 600w, https:\/\/paradisevacationinsplitandcroatia.com\/wp-content\/uploads\/2021\/07\/2-1.jpg 720w\" sizes=\"auto, (max-width: 243px) 100vw, 243px\" \/>The 200-year-old history of the authentic Crljenak wine originates from Ka\u0161tela, a place 15.20 km from the center of Split, called Zinfandel, the same grape variety, transferred from Ka\u0161tela and grown in California, recognized as the best wine in the world. the grapevine is in Ka\u0161tela, then you can imagine what kind of wine from the grapes grown in Ka\u0161tela from its true climate. It is possible to get acquainted in Ka\u0161tela with the top quality wine of Mali Plavac, also a first class wine. Another well-known autochthonous wine variety Babi\u0107 from Primo\u0161ten is something that wine fans in the original area of that vine will surely want to taste.<br \/>\nIt is possible to get acquainted in Ka\u0161tela with the top quality wine of Mali Plavac, also a first class wine. Another well-known autochthonous wine variety Babi\u0107 from Primo\u0161ten is something that wine fans in the original area of that vine will surely want to taste.<\/p>\n<p>Olive oil is also a quality story of this part of Croatia. Selected olive varieties and quality cultivation create first-class organic olive oil, and these oil varieties have received the highest awards at world competitions.<\/p>\n<p><img loading=\"lazy\" decoding=\"async\" class=\"alignnone size-large wp-image-215\" src=\"https:\/\/paradisevacationinsplitandcroatia.com\/wp-content\/uploads\/2021\/07\/1623614744752-1024x768.jpg\" alt=\"\" width=\"1024\" height=\"768\" srcset=\"https:\/\/paradisevacationinsplitandcroatia.com\/wp-content\/uploads\/2021\/07\/1623614744752-1024x768.jpg 1024w, https:\/\/paradisevacationinsplitandcroatia.com\/wp-content\/uploads\/2021\/07\/1623614744752-300x225.jpg 300w, https:\/\/paradisevacationinsplitandcroatia.com\/wp-content\/uploads\/2021\/07\/1623614744752-768x576.jpg 768w, https:\/\/paradisevacationinsplitandcroatia.com\/wp-content\/uploads\/2021\/07\/1623614744752-1536x1152.jpg 1536w, https:\/\/paradisevacationinsplitandcroatia.com\/wp-content\/uploads\/2021\/07\/1623614744752-16x12.jpg 16w, https:\/\/paradisevacationinsplitandcroatia.com\/wp-content\/uploads\/2021\/07\/1623614744752-600x450.jpg 600w, https:\/\/paradisevacationinsplitandcroatia.com\/wp-content\/uploads\/2021\/07\/1623614744752.jpg 1600w\" sizes=\"auto, (max-width: 1024px) 100vw, 1024px\" \/>For lovers of wine and olive oil, it is possible to visit vineyards and olive groves, talk to the owners of these top products, participate in picking grapes and olives, as well as taste all these products, and see the production of grapes and olive oil in oil mills.<br \/>\nGrapes in the vineyards are harvested in 9 months and olives are harvested in 11 months and the first part in 12 months.<\/p>\n<p><img loading=\"lazy\" decoding=\"async\" class=\"alignnone size-large wp-image-216\" src=\"https:\/\/paradisevacationinsplitandcroatia.com\/wp-content\/uploads\/2021\/07\/unnamed-1024x763.jpg\" alt=\"\" width=\"1024\" height=\"763\" srcset=\"https:\/\/paradisevacationinsplitandcroatia.com\/wp-content\/uploads\/2021\/07\/unnamed-1024x763.jpg 1024w, https:\/\/paradisevacationinsplitandcroatia.com\/wp-content\/uploads\/2021\/07\/unnamed-300x224.jpg 300w, https:\/\/paradisevacationinsplitandcroatia.com\/wp-content\/uploads\/2021\/07\/unnamed-768x572.jpg 768w, https:\/\/paradisevacationinsplitandcroatia.com\/wp-content\/uploads\/2021\/07\/unnamed-16x12.jpg 16w, https:\/\/paradisevacationinsplitandcroatia.com\/wp-content\/uploads\/2021\/07\/unnamed-600x447.jpg 600w, https:\/\/paradisevacationinsplitandcroatia.com\/wp-content\/uploads\/2021\/07\/unnamed.jpg 1079w\" sizes=\"auto, (max-width: 1024px) 100vw, 1024px\" \/><\/p>","protected":false},"excerpt":{"rendered":"<p>Blagoslovljeno podneblje sa mediteranskom klimom, vrhunskom zemljom prirodom opskrbljenom velikom koli\u010dinom vode, daje velike mogu\u0107nosti ljudima koji vole i \u017eele &hellip; <a href=\"https:\/\/paradisevacationinsplitandcroatia.com\/en\/product\/vinograd\/\" class=\"more-link\">Continue reading <span class=\"screen-reader-text\">Vineyard<\/span><\/a><\/p>","protected":false},"featured_media":213,"comment_status":"open","ping_status":"closed","template":"","meta":{"inline_featured_image":false},"product_brand":[],"product_cat":[31],"product_tag":[],"class_list":{"0":"post-214","1":"product","2":"type-product","3":"status-publish","4":"has-post-thumbnail","6":"product_cat-vinogradi-i-maslinici","8":"first","9":"instock","10":"shipping-taxable","11":"purchasable","12":"product-type-simple"},"_links":{"self":[{"href":"https:\/\/paradisevacationinsplitandcroatia.com\/en\/wp-json\/wp\/v2\/product\/214","targetHints":{"allow":["GET"]}}],"collection":[{"href":"https:\/\/paradisevacationinsplitandcroatia.com\/en\/wp-json\/wp\/v2\/product"}],"about":[{"href":"https:\/\/paradisevacationinsplitandcroatia.com\/en\/wp-json\/wp\/v2\/types\/product"}],"replies":[{"embeddable":true,"href":"https:\/\/paradisevacationinsplitandcroatia.com\/en\/wp-json\/wp\/v2\/comments?post=214"}],"wp:featuredmedia":[{"embeddable":true,"href":"https:\/\/paradisevacationinsplitandcroatia.com\/en\/wp-json\/wp\/v2\/media\/213"}],"wp:attachment":[{"href":"https:\/\/paradisevacationinsplitandcroatia.com\/en\/wp-json\/wp\/v2\/media?parent=214"}],"wp:term":[{"taxonomy":"product_brand","embeddable":true,"href":"https:\/\/paradisevacationinsplitandcroatia.com\/en\/wp-json\/wp\/v2\/product_brand?post=214"},{"taxonomy":"product_cat","embeddable":true,"href":"https:\/\/paradisevacationinsplitandcroatia.com\/en\/wp-json\/wp\/v2\/product_cat?post=214"},{"taxonomy":"product_tag","embeddable":true,"href":"https:\/\/paradisevacationinsplitandcroatia.com\/en\/wp-json\/wp\/v2\/product_tag?post=214"}],"curies":[{"name":"wp","href":"https:\/\/api.w.org\/{rel}","templated":true}]}}