{"id":26,"date":"2021-05-11T18:26:29","date_gmt":"2021-05-11T18:26:29","guid":{"rendered":"https:\/\/paradisevacationinsplitandcroatia.com\/?post_type=product&#038;p=26"},"modified":"2021-12-22T20:18:52","modified_gmt":"2021-12-22T20:18:52","slug":"povijest-split","status":"publish","type":"product","link":"https:\/\/paradisevacationinsplitandcroatia.com\/en\/product\/povijest-split\/","title":{"rendered":"History of Split"},"content":{"rendered":"<p>Split je grad sa najstarijom katedralom na svijetu Katedrala Saint Domnius(Sveti Dujam) i jednom od najstarijih o\u010duvanih gra\u0111evina na svijetu Dioklecijanovom Pala\u010dom. Jedna od najneobi\u010dnijih pri\u010da iz svjetske povijesti i jedan od najljep\u0161ih gradova na svijetu, od 1979 godine pod za\u0161titom Unesca.<br \/>\n<img loading=\"lazy\" decoding=\"async\" class=\"alignnone size-large wp-image-228\" src=\"https:\/\/paradisevacationinsplitandcroatia.com\/wp-content\/uploads\/2021\/05\/peristil-duje-1-1024x732.jpg\" alt=\"\" width=\"1024\" height=\"732\" srcset=\"https:\/\/paradisevacationinsplitandcroatia.com\/wp-content\/uploads\/2021\/05\/peristil-duje-1-1024x732.jpg 1024w, https:\/\/paradisevacationinsplitandcroatia.com\/wp-content\/uploads\/2021\/05\/peristil-duje-1-300x214.jpg 300w, https:\/\/paradisevacationinsplitandcroatia.com\/wp-content\/uploads\/2021\/05\/peristil-duje-1-768x549.jpg 768w, https:\/\/paradisevacationinsplitandcroatia.com\/wp-content\/uploads\/2021\/05\/peristil-duje-1-1536x1098.jpg 1536w, https:\/\/paradisevacationinsplitandcroatia.com\/wp-content\/uploads\/2021\/05\/peristil-duje-1-16x12.jpg 16w, https:\/\/paradisevacationinsplitandcroatia.com\/wp-content\/uploads\/2021\/05\/peristil-duje-1-600x429.jpg 600w, https:\/\/paradisevacationinsplitandcroatia.com\/wp-content\/uploads\/2021\/05\/peristil-duje-1.jpg 1672w\" sizes=\"auto, (max-width: 1024px) 100vw, 1024px\" \/>O povijesti Rimskog cara Dioklecijana se malo zna jer su se tada de\u0161avale razne misterije i uni\u0161tena je ve\u0107ina povijesnih dokumenata. Dioklecijan se kroz \u017eivot slavio kao reformator koji je nakon 50 godina ratovanja donio stabilnost Rimskom carstvu. A kroz povijest je bio zapam\u0107en kao najve\u0107i progonitelj kr\u0161\u0107ana, iako je bio iz velike kr\u0161\u0107anske obitelji. Nakon smrti Dioklecijana uni\u0161ten je svaki njegov trag i statua i njegovo se ime nije smjelo spominjati, izbrisan je iz velikog dijela povijesnih zapisa. Ni danas se ne zna kako je preminuo, niti njegova to\u010dna godina smrti, preminuo je 313-316 godine.<br \/>\nJedini rimski car koji se odrekao prijestolja, abdicirao iz Salone i povukao se u Split. Svi ostali rimski carevi ili su ubijeni ili umrli na toj poziciji.<br \/>\nGaj Aurelije Valerije Dioklecijan je ro\u0111en 245 godine u saloni, iz velike kr\u0161\u0107anske familije. Bio je ujak Svetog Kaje koji je bio papa od 284 godine, ro\u0111ak biskupa Gabijija i Svete Suzane koju je dao ubiti jer se nije \u017ealila vjen\u010dat sa njegovim sinom. Carom postaje nakon \u0161ta je car Numerijan preminuo pod nerazja\u0161njenim okolnostima.<\/p>\n<p><img loading=\"lazy\" decoding=\"async\" class=\"alignnone wp-image-1777 size-large\" src=\"https:\/\/paradisevacationinsplitandcroatia.com\/wp-content\/uploads\/2021\/05\/TZ_Peristil_print1-bez-ljudi-1024x662.jpg\" alt=\"\" width=\"1024\" height=\"662\" srcset=\"https:\/\/paradisevacationinsplitandcroatia.com\/wp-content\/uploads\/2021\/05\/TZ_Peristil_print1-bez-ljudi-1024x662.jpg 1024w, https:\/\/paradisevacationinsplitandcroatia.com\/wp-content\/uploads\/2021\/05\/TZ_Peristil_print1-bez-ljudi-300x194.jpg 300w, https:\/\/paradisevacationinsplitandcroatia.com\/wp-content\/uploads\/2021\/05\/TZ_Peristil_print1-bez-ljudi-768x497.jpg 768w, https:\/\/paradisevacationinsplitandcroatia.com\/wp-content\/uploads\/2021\/05\/TZ_Peristil_print1-bez-ljudi-18x12.jpg 18w, https:\/\/paradisevacationinsplitandcroatia.com\/wp-content\/uploads\/2021\/05\/TZ_Peristil_print1-bez-ljudi-600x388.jpg 600w, https:\/\/paradisevacationinsplitandcroatia.com\/wp-content\/uploads\/2021\/05\/TZ_Peristil_print1-bez-ljudi-179x116.jpg 179w, https:\/\/paradisevacationinsplitandcroatia.com\/wp-content\/uploads\/2021\/05\/TZ_Peristil_print1-bez-ljudi.jpg 1280w\" sizes=\"auto, (max-width: 1024px) 100vw, 1024px\" \/><br \/>\nDioklecijan je bio antikr\u0161\u0107anin i kroz svoju vladavinu dao je ubiti cijelu familiju i sve najva\u017enije osobe vezane za crkvu i kr\u0161\u0107anstvo jer je bio lo\u0161 ekonomi\u010dan i sve je oko sebe osje\u0107ao kao prijetnju. Nov\u010dana kovanica je imala ve\u0107u vrijednost u izradi nego u opticaju.<br \/>\nPrvu \u017eenu Serenu koja mu je bila \u017eena prije nego postaje carem, dao je ubiti kad je saznao da je kr\u0161\u0107anka a sa njom je imao k\u0107er za koju legenda ka\u017ee da je nestala. Prethodno je za suprugu \u017eelio Gr\u010dku princezu koja ga je odbila pa ju je dao ubiti.<br \/>\nZA vrijeme svoje vladavine zakonita druga \u017eena Priska je bila kr\u0161\u0107anka i sa njom je imao sina i k\u0107er, o kojoj se i dan danas pri\u010da. Sina je ubio, \u017eenu Prisku potjerao, koja je lutala po raznim provincijama i na\u0161li su je u Solunu u Gr\u010dkoj i ubili, a drugu k\u0107er prokleo i potjerao jer se nije \u017ealila udati za jednog kraljevi\u0107a, niti za ikoga drugoga, a kad je \u017eelio ubiti, k\u0107er je nestala i legenda govori da ona jo\u0161 nije mrtva i da se jednom u 100g pojavljuje u zlatnoj ko\u010diji oko Solina i Splita i tra\u017ei \u017eenu koja ju je voljela. I dan danas se svako ljeto prikazuju predstave o Dioklecijanovoj k\u0107eri Valeriji.<br \/>\nDioklecijana se optu\u017eivalo i da je ubija Svetog Dojma, kasnije za\u0161titnika grada Splita ,koji je kao osobni izaslanik apostola Svetog Petra u 1 stolje\u0107u poslan da Pokrsti stanovni\u0161tvo Dalmacije.<\/p>\n<p><img loading=\"lazy\" decoding=\"async\" class=\"alignnone size-large wp-image-226\" src=\"https:\/\/paradisevacationinsplitandcroatia.com\/wp-content\/uploads\/2021\/05\/PODRUMI_Panorama1-1024x370.jpg\" alt=\"\" width=\"1024\" height=\"370\" srcset=\"https:\/\/paradisevacationinsplitandcroatia.com\/wp-content\/uploads\/2021\/05\/PODRUMI_Panorama1-1024x370.jpg 1024w, https:\/\/paradisevacationinsplitandcroatia.com\/wp-content\/uploads\/2021\/05\/PODRUMI_Panorama1-300x108.jpg 300w, https:\/\/paradisevacationinsplitandcroatia.com\/wp-content\/uploads\/2021\/05\/PODRUMI_Panorama1-768x278.jpg 768w, https:\/\/paradisevacationinsplitandcroatia.com\/wp-content\/uploads\/2021\/05\/PODRUMI_Panorama1-1536x555.jpg 1536w, https:\/\/paradisevacationinsplitandcroatia.com\/wp-content\/uploads\/2021\/05\/PODRUMI_Panorama1-2048x740.jpg 2048w, https:\/\/paradisevacationinsplitandcroatia.com\/wp-content\/uploads\/2021\/05\/PODRUMI_Panorama1-16x6.jpg 16w, https:\/\/paradisevacationinsplitandcroatia.com\/wp-content\/uploads\/2021\/05\/PODRUMI_Panorama1-600x217.jpg 600w\" sizes=\"auto, (max-width: 1024px) 100vw, 1024px\" \/><br \/>\nZanimljiv su i podrumi Dioklecijanove Pala\u010de koji su napravljeni za vojsku i 1 podrum dug 6km vodi iz Dioklecijanove pala\u010de u Salonu. Jedan dio podruma je i dan danas neistra\u017een.<br \/>\nPovijest Splita je puno starija od vladavine Dioklecijana, u 3 i 4 stolje\u0107u prije Krista je sagra\u0111eno naselje imenom Aspalatos gdje su gr\u010dke kolonije naselili prostore u kojima su \u017eivjeli prva plemena Iliri, i u 1 stolje\u0107u postaje Rimska provincija i glavni grad provincije Dalmacije, i u to vrijeme centar svijeta.<br \/>\nU 7. stolje\u0107u Avari i Slaveni su sru\u0161ili staru Salonu(danas Solin),stanovnici su pobjegli na obli\u017enje otoke i nakon nekog vremena se vratili sa otoka u Dioklecijanovu pala\u010du i Dioklecijanov mauzolej pretvorili u katedralu, uni\u0161tili Dioklecijanov sarkofag u kojem je po\u010divao car i iz sru\u0161enih bazilika Salone u katedralu prenijeli kosti prvog biskupa Salone svetog Dujma po kojem se i danas zove katedrala.<\/p>\n<p><img loading=\"lazy\" decoding=\"async\" class=\"alignnone size-large wp-image-227\" src=\"https:\/\/paradisevacationinsplitandcroatia.com\/wp-content\/uploads\/2021\/05\/PERISTIL_kolonada_3-1024x494.jpg\" alt=\"\" width=\"1024\" height=\"494\" srcset=\"https:\/\/paradisevacationinsplitandcroatia.com\/wp-content\/uploads\/2021\/05\/PERISTIL_kolonada_3-1024x494.jpg 1024w, https:\/\/paradisevacationinsplitandcroatia.com\/wp-content\/uploads\/2021\/05\/PERISTIL_kolonada_3-300x145.jpg 300w, https:\/\/paradisevacationinsplitandcroatia.com\/wp-content\/uploads\/2021\/05\/PERISTIL_kolonada_3-768x370.jpg 768w, https:\/\/paradisevacationinsplitandcroatia.com\/wp-content\/uploads\/2021\/05\/PERISTIL_kolonada_3-1536x741.jpg 1536w, https:\/\/paradisevacationinsplitandcroatia.com\/wp-content\/uploads\/2021\/05\/PERISTIL_kolonada_3-16x8.jpg 16w, https:\/\/paradisevacationinsplitandcroatia.com\/wp-content\/uploads\/2021\/05\/PERISTIL_kolonada_3-600x289.jpg 600w, https:\/\/paradisevacationinsplitandcroatia.com\/wp-content\/uploads\/2021\/05\/PERISTIL_kolonada_3.jpg 2036w\" sizes=\"auto, (max-width: 1024px) 100vw, 1024px\" \/><br \/>\nOd tada do danas katedrala Svetog Dujma \u017eivi i u njoj se odra\u017eavaju vjen\u010danja i mise i svake godine 5.05 u Splitu se odr\u017eava procesija Svetog Dujma.<br \/>\nOd 14-17 stolje\u0107a Split je pod vla\u0161\u0107u Mleta\u010dke republike, a u 18 stolje\u0107u nakon pada Mleta\u010dke republike Split dolazi pod vlast Austrije i Habsbur\u0161ke monarhije, u 19 stoje\u0107u u sastavu Jugoslavije da bi od 1991 godine postao dio Hrvatske Republike.<br \/>\nU gradu se jo\u0161 odvija \u017eivot u Dioklecijanovoj pala\u010di i jo\u0161 tu ljudi \u017eive kao prije 1700 godina. Svi va\u017eni dijelovi Dioklecijanove pala\u010de su o\u010duvani tako da su sva obilje\u017eja starog Splita sastavni dio na\u0161eg \u017eivota.<br \/>\nSplit je u novije vrijeme otkriven kao turisti\u010dka destinacija i sa svojom povije\u0161\u0107u, obalom, prirodnim ljepotama i geografskom pozicijom i otocima okolo Splita postaje jedna od najpo\u017eeljnijih turisti\u010dkih destinacija u svijetu koju su prepoznali i organizatori Ultra Music Festivala i od 2010 godine u Splitu se odr\u017eava Ultra Music Festival i sigurno narednih nekoliko godina.<\/p>\n<p><img loading=\"lazy\" decoding=\"async\" class=\"alignnone wp-image-4556 size-large\" src=\"https:\/\/paradisevacationinsplitandcroatia.com\/wp-content\/uploads\/2021\/05\/29c904c5-f064-4412-a902-9bb4f38e1ed6-1024x838.jpg\" alt=\"\" width=\"1024\" height=\"838\" srcset=\"https:\/\/paradisevacationinsplitandcroatia.com\/wp-content\/uploads\/2021\/05\/29c904c5-f064-4412-a902-9bb4f38e1ed6-1024x838.jpg 1024w, https:\/\/paradisevacationinsplitandcroatia.com\/wp-content\/uploads\/2021\/05\/29c904c5-f064-4412-a902-9bb4f38e1ed6-300x245.jpg 300w, https:\/\/paradisevacationinsplitandcroatia.com\/wp-content\/uploads\/2021\/05\/29c904c5-f064-4412-a902-9bb4f38e1ed6-768x628.jpg 768w, https:\/\/paradisevacationinsplitandcroatia.com\/wp-content\/uploads\/2021\/05\/29c904c5-f064-4412-a902-9bb4f38e1ed6-15x12.jpg 15w, https:\/\/paradisevacationinsplitandcroatia.com\/wp-content\/uploads\/2021\/05\/29c904c5-f064-4412-a902-9bb4f38e1ed6-600x491.jpg 600w, https:\/\/paradisevacationinsplitandcroatia.com\/wp-content\/uploads\/2021\/05\/29c904c5-f064-4412-a902-9bb4f38e1ed6-142x116.jpg 142w, https:\/\/paradisevacationinsplitandcroatia.com\/wp-content\/uploads\/2021\/05\/29c904c5-f064-4412-a902-9bb4f38e1ed6.jpg 1252w\" sizes=\"auto, (max-width: 1024px) 100vw, 1024px\" \/><\/p>\n<p>&nbsp;<\/p>\n<div  id=\"jtg-3895\" class=\"modula modula-gallery modula-creative-gallery\" data-config=\"{&quot;height&quot;:800,&quot;tabletHeight&quot;:800,&quot;mobileHeight&quot;:800,&quot;desktopHeight&quot;:800,&quot;enableTwitter&quot;:false,&quot;enableWhatsapp&quot;:false,&quot;enableFacebook&quot;:false,&quot;enablePinterest&quot;:false,&quot;enableLinkedin&quot;:false,&quot;enableEmail&quot;:false,&quot;randomFactor&quot;:0.5,&quot;type&quot;:&quot;creative-gallery&quot;,&quot;columns&quot;:12,&quot;gutter&quot;:10,&quot;mobileGutter&quot;:10,&quot;tabletGutter&quot;:10,&quot;desktopGutter&quot;:10,&quot;enableResponsive&quot;:&quot;0&quot;,&quot;tabletColumns&quot;:&quot;2&quot;,&quot;mobileColumns&quot;:&quot;1&quot;,&quot;lazyLoad&quot;:0,&quot;lightboxOpts&quot;:{&quot;animated&quot;:true,&quot;Thumbs&quot;:{&quot;type&quot;:&quot;modern&quot;,&quot;showOnStart&quot;:false},&quot;Toolbar&quot;:{&quot;display&quot;:{&quot;right&quot;:[&quot;close&quot;]},&quot;enabled&quot;:true},&quot;Carousel&quot;:{&quot;Panzoom&quot;:{&quot;touch&quot;:true},&quot;infinite&quot;:false},&quot;keyboard&quot;:{&quot;Escape&quot;:&quot;close&quot;,&quot;Delete&quot;:&quot;close&quot;,&quot;Backspace&quot;:&quot;close&quot;,&quot;PageUp&quot;:false,&quot;PageDown&quot;:false,&quot;ArrowUp&quot;:false,&quot;ArrowDown&quot;:false,&quot;ArrowRight&quot;:false,&quot;ArrowLeft&quot;:false},&quot;touch&quot;:false,&quot;backdropClick&quot;:false,&quot;l10n&quot;:{&quot;CLOSE&quot;:&quot;Close&quot;,&quot;NEXT&quot;:&quot;Next&quot;,&quot;PREV&quot;:&quot;Previous&quot;,&quot;Error&quot;:&quot;The requested content cannot be loaded. Please try again later.&quot;,&quot;PLAY_START&quot;:&quot;Start slideshow&quot;,&quot;PLAY_STOP&quot;:&quot;Pause slideshow&quot;,&quot;FULL_SCREEN&quot;:&quot;Full screen&quot;,&quot;THUMBS&quot;:&quot;Thumbnails&quot;,&quot;DOWNLOAD&quot;:&quot;Download&quot;,&quot;SHARE&quot;:&quot;Share&quot;,&quot;ZOOM&quot;:&quot;Zoom&quot;,&quot;EMAIL&quot;:&quot;Here is the link to the image : %%image_link%% and this is the link to the gallery : %%gallery_link%%&quot;,&quot;MODAL&quot;:&quot;You can close this modal content with the ESC key&quot;,&quot;ERROR&quot;:&quot;Something Went Wrong, Please Try Again Later&quot;,&quot;IMAGE_ERROR&quot;:&quot;Image Not Found&quot;,&quot;ELEMENT_NOT_FOUND&quot;:&quot;HTML Element Not Found&quot;,&quot;AJAX_NOT_FOUND&quot;:&quot;Error Loading AJAX : Not Found&quot;,&quot;AJAX_FORBIDDEN&quot;:&quot;Error Loading AJAX : Forbidden&quot;,&quot;IFRAME_ERROR&quot;:&quot;Error Loading Page&quot;,&quot;TOGGLE_ZOOM&quot;:&quot;Toggle zoom level&quot;,&quot;TOGGLE_THUMBS&quot;:&quot;Toggle thumbnails&quot;,&quot;TOGGLE_SLIDESHOW&quot;:&quot;Toggle slideshow&quot;,&quot;TOGGLE_FULLSCREEN&quot;:&quot;Toggle full-screen mode&quot;},&quot;Images&quot;:{&quot;Panzoom&quot;:{&quot;maxScale&quot;:2}},&quot;mainClass&quot;:&quot;modula-fancybox-container modula-lightbox-jtg-3895&quot;,&quot;Html&quot;:{&quot;videoAutoplay&quot;:0,&quot;videoTpl&quot;:&quot;&lt;video class=\\&quot;fancybox__html5video\\&quot; controls muted playsinline controlsList controlsList=\\&quot;nodownload\\&quot; poster=\\&quot;{{poster}}\\&quot; src=\\&quot;{{src}}\\&quot; type=\\&quot;{{format}}\\&quot; &gt;  Sorry, your browser doesn&#039;t support embedded videos, &lt;a href=\\&quot;{{src}}\\&quot;&gt; download &lt;\\\/a&gt; and watch with your favorite video player! &lt;\\\/video&gt;&quot;}},&quot;inView&quot;:false,&quot;email_subject&quot;:&quot;Check out this awesome image !!&quot;,&quot;email_message&quot;:&quot;Here is the link to the image : %%image_link%% and this is the link to the gallery : %%gallery_link%%&quot;,&quot;lightbox&quot;:&quot;fancybox&quot;}\">\n\n\t\n\t<div  class=\"modula-items\">\n\t\t<div class=\"modula-item effect-pufrobo\" >\n\t<div class=\"modula-item-overlay\"><\/div>\n\n\t<div class=\"modula-item-content\">\n\n\t\t<a data-image-id=\"2124\" role=\"button\" tabindex=\"0\" rel=\"jtg-3895\" data-caption=\"\" aria-label=\"Open image in lightbox\" class=\"tile-inner modula-item-link\"><\/a><img loading=\"lazy\" decoding=\"async\" class=\"pic wp-image-2124\"  data-valign=\"middle\" data-halign=\"center\" alt=\"\" data-full=\"https:\/\/paradisevacationinsplitandcroatia.com\/wp-content\/uploads\/2021\/11\/TZ_Split_2021_Max131.jpg\" title=\"TZ_Split_2021_Max131\" crop=\"\" width=\"300\" height=\"248\" src=\"https:\/\/paradisevacationinsplitandcroatia.com\/wp-content\/uploads\/2021\/11\/TZ_Split_2021_Max131-300x248.jpg\" data-src=\"https:\/\/paradisevacationinsplitandcroatia.com\/wp-content\/uploads\/2021\/11\/TZ_Split_2021_Max131-300x248.jpg\" data-caption=\"\" srcset=\"https:\/\/paradisevacationinsplitandcroatia.com\/wp-content\/uploads\/2021\/11\/TZ_Split_2021_Max131.jpg 1239w, https:\/\/paradisevacationinsplitandcroatia.com\/wp-content\/uploads\/2021\/11\/TZ_Split_2021_Max131-300x248.jpg 300w, https:\/\/paradisevacationinsplitandcroatia.com\/wp-content\/uploads\/2021\/11\/TZ_Split_2021_Max131-1024x846.jpg 1024w, https:\/\/paradisevacationinsplitandcroatia.com\/wp-content\/uploads\/2021\/11\/TZ_Split_2021_Max131-768x635.jpg 768w, https:\/\/paradisevacationinsplitandcroatia.com\/wp-content\/uploads\/2021\/11\/TZ_Split_2021_Max131-15x12.jpg 15w, https:\/\/paradisevacationinsplitandcroatia.com\/wp-content\/uploads\/2021\/11\/TZ_Split_2021_Max131-600x496.jpg 600w, https:\/\/paradisevacationinsplitandcroatia.com\/wp-content\/uploads\/2021\/11\/TZ_Split_2021_Max131-140x116.jpg 140w\" sizes=\"auto, (max-width: 300px) 100vw, 300px\" \/>\n\t\t<div class=\"figc no-description\">\n\t\t\t<div class=\"figc-inner\">\n\t\t\t\t\t\t\t\t\t\t\t\t\t\t\t<\/div>\n\t\t<\/div>\n\n\t<\/div>\n\n<\/div><div class=\"modula-item effect-pufrobo\" >\n\t<div class=\"modula-item-overlay\"><\/div>\n\n\t<div class=\"modula-item-content\">\n\n\t\t<a data-image-id=\"2123\" role=\"button\" tabindex=\"0\" rel=\"jtg-3895\" data-caption=\"\" aria-label=\"Open image in lightbox\" class=\"tile-inner modula-item-link\"><\/a><img loading=\"lazy\" decoding=\"async\" class=\"pic wp-image-2123\"  data-valign=\"middle\" data-halign=\"center\" alt=\"\" data-full=\"https:\/\/paradisevacationinsplitandcroatia.com\/wp-content\/uploads\/2021\/11\/TZ_Split_2021_Max129.jpg\" title=\"TZ_Split_2021_Max129\" crop=\"\" width=\"300\" height=\"141\" src=\"https:\/\/paradisevacationinsplitandcroatia.com\/wp-content\/uploads\/2021\/11\/TZ_Split_2021_Max129-300x141.jpg\" data-src=\"https:\/\/paradisevacationinsplitandcroatia.com\/wp-content\/uploads\/2021\/11\/TZ_Split_2021_Max129-300x141.jpg\" data-caption=\"\" srcset=\"https:\/\/paradisevacationinsplitandcroatia.com\/wp-content\/uploads\/2021\/11\/TZ_Split_2021_Max129.jpg 1280w, https:\/\/paradisevacationinsplitandcroatia.com\/wp-content\/uploads\/2021\/11\/TZ_Split_2021_Max129-300x141.jpg 300w, https:\/\/paradisevacationinsplitandcroatia.com\/wp-content\/uploads\/2021\/11\/TZ_Split_2021_Max129-1024x480.jpg 1024w, https:\/\/paradisevacationinsplitandcroatia.com\/wp-content\/uploads\/2021\/11\/TZ_Split_2021_Max129-768x360.jpg 768w, https:\/\/paradisevacationinsplitandcroatia.com\/wp-content\/uploads\/2021\/11\/TZ_Split_2021_Max129-18x8.jpg 18w, https:\/\/paradisevacationinsplitandcroatia.com\/wp-content\/uploads\/2021\/11\/TZ_Split_2021_Max129-600x281.jpg 600w, https:\/\/paradisevacationinsplitandcroatia.com\/wp-content\/uploads\/2021\/11\/TZ_Split_2021_Max129-228x107.jpg 228w\" sizes=\"auto, (max-width: 300px) 100vw, 300px\" \/>\n\t\t<div class=\"figc no-description\">\n\t\t\t<div class=\"figc-inner\">\n\t\t\t\t\t\t\t\t\t\t\t\t\t\t\t<\/div>\n\t\t<\/div>\n\n\t<\/div>\n\n<\/div><div class=\"modula-item effect-pufrobo\" >\n\t<div class=\"modula-item-overlay\"><\/div>\n\n\t<div class=\"modula-item-content\">\n\n\t\t<a data-image-id=\"2113\" role=\"button\" tabindex=\"0\" rel=\"jtg-3895\" data-caption=\"\" aria-label=\"Open image in lightbox\" class=\"tile-inner modula-item-link\"><\/a><img loading=\"lazy\" decoding=\"async\" class=\"pic wp-image-2113\"  data-valign=\"middle\" data-halign=\"center\" alt=\"\" data-full=\"https:\/\/paradisevacationinsplitandcroatia.com\/wp-content\/uploads\/2021\/11\/TZ_Split_2021_Max70.jpg\" title=\"TZ_Split_2021_Max70\" crop=\"\" width=\"300\" height=\"200\" src=\"https:\/\/paradisevacationinsplitandcroatia.com\/wp-content\/uploads\/2021\/11\/TZ_Split_2021_Max70-300x200.jpg\" data-src=\"https:\/\/paradisevacationinsplitandcroatia.com\/wp-content\/uploads\/2021\/11\/TZ_Split_2021_Max70-300x200.jpg\" data-caption=\"\" srcset=\"https:\/\/paradisevacationinsplitandcroatia.com\/wp-content\/uploads\/2021\/11\/TZ_Split_2021_Max70.jpg 1280w, https:\/\/paradisevacationinsplitandcroatia.com\/wp-content\/uploads\/2021\/11\/TZ_Split_2021_Max70-300x200.jpg 300w, https:\/\/paradisevacationinsplitandcroatia.com\/wp-content\/uploads\/2021\/11\/TZ_Split_2021_Max70-1024x682.jpg 1024w, https:\/\/paradisevacationinsplitandcroatia.com\/wp-content\/uploads\/2021\/11\/TZ_Split_2021_Max70-768x512.jpg 768w, https:\/\/paradisevacationinsplitandcroatia.com\/wp-content\/uploads\/2021\/11\/TZ_Split_2021_Max70-18x12.jpg 18w, https:\/\/paradisevacationinsplitandcroatia.com\/wp-content\/uploads\/2021\/11\/TZ_Split_2021_Max70-600x400.jpg 600w, https:\/\/paradisevacationinsplitandcroatia.com\/wp-content\/uploads\/2021\/11\/TZ_Split_2021_Max70-174x116.jpg 174w\" sizes=\"auto, (max-width: 300px) 100vw, 300px\" \/>\n\t\t<div class=\"figc no-description\">\n\t\t\t<div class=\"figc-inner\">\n\t\t\t\t\t\t\t\t\t\t\t\t\t\t\t<\/div>\n\t\t<\/div>\n\n\t<\/div>\n\n<\/div><div class=\"modula-item effect-pufrobo\" >\n\t<div class=\"modula-item-overlay\"><\/div>\n\n\t<div class=\"modula-item-content\">\n\n\t\t<a data-image-id=\"2112\" role=\"button\" tabindex=\"0\" rel=\"jtg-3895\" data-caption=\"\" aria-label=\"Open image in lightbox\" class=\"tile-inner modula-item-link\"><\/a><img loading=\"lazy\" decoding=\"async\" class=\"pic wp-image-2112\"  data-valign=\"middle\" data-halign=\"center\" alt=\"\" data-full=\"https:\/\/paradisevacationinsplitandcroatia.com\/wp-content\/uploads\/2021\/11\/TZ_Split_2021_Max64.jpg\" title=\"TZ_Split_2021_Max64\" crop=\"\" width=\"300\" height=\"200\" src=\"https:\/\/paradisevacationinsplitandcroatia.com\/wp-content\/uploads\/2021\/11\/TZ_Split_2021_Max64-300x200.jpg\" data-src=\"https:\/\/paradisevacationinsplitandcroatia.com\/wp-content\/uploads\/2021\/11\/TZ_Split_2021_Max64-300x200.jpg\" data-caption=\"\" srcset=\"https:\/\/paradisevacationinsplitandcroatia.com\/wp-content\/uploads\/2021\/11\/TZ_Split_2021_Max64.jpg 1280w, https:\/\/paradisevacationinsplitandcroatia.com\/wp-content\/uploads\/2021\/11\/TZ_Split_2021_Max64-300x200.jpg 300w, https:\/\/paradisevacationinsplitandcroatia.com\/wp-content\/uploads\/2021\/11\/TZ_Split_2021_Max64-1024x682.jpg 1024w, https:\/\/paradisevacationinsplitandcroatia.com\/wp-content\/uploads\/2021\/11\/TZ_Split_2021_Max64-768x512.jpg 768w, https:\/\/paradisevacationinsplitandcroatia.com\/wp-content\/uploads\/2021\/11\/TZ_Split_2021_Max64-18x12.jpg 18w, https:\/\/paradisevacationinsplitandcroatia.com\/wp-content\/uploads\/2021\/11\/TZ_Split_2021_Max64-600x400.jpg 600w, https:\/\/paradisevacationinsplitandcroatia.com\/wp-content\/uploads\/2021\/11\/TZ_Split_2021_Max64-174x116.jpg 174w\" sizes=\"auto, (max-width: 300px) 100vw, 300px\" \/>\n\t\t<div class=\"figc no-description\">\n\t\t\t<div class=\"figc-inner\">\n\t\t\t\t\t\t\t\t\t\t\t\t\t\t\t<\/div>\n\t\t<\/div>\n\n\t<\/div>\n\n<\/div><div class=\"modula-item effect-pufrobo\" >\n\t<div class=\"modula-item-overlay\"><\/div>\n\n\t<div class=\"modula-item-content\">\n\n\t\t<a data-image-id=\"2111\" role=\"button\" tabindex=\"0\" rel=\"jtg-3895\" data-caption=\"\" aria-label=\"Open image in lightbox\" class=\"tile-inner modula-item-link\"><\/a><img loading=\"lazy\" decoding=\"async\" class=\"pic wp-image-2111\"  data-valign=\"middle\" data-halign=\"center\" alt=\"\" data-full=\"https:\/\/paradisevacationinsplitandcroatia.com\/wp-content\/uploads\/2021\/11\/TZ_Split_2021_Max53.jpg\" title=\"TZ_Split_2021_Max53\" crop=\"\" width=\"170\" height=\"300\" src=\"https:\/\/paradisevacationinsplitandcroatia.com\/wp-content\/uploads\/2021\/11\/TZ_Split_2021_Max53-170x300.jpg\" data-src=\"https:\/\/paradisevacationinsplitandcroatia.com\/wp-content\/uploads\/2021\/11\/TZ_Split_2021_Max53-170x300.jpg\" data-caption=\"\" srcset=\"https:\/\/paradisevacationinsplitandcroatia.com\/wp-content\/uploads\/2021\/11\/TZ_Split_2021_Max53.jpg 580w, https:\/\/paradisevacationinsplitandcroatia.com\/wp-content\/uploads\/2021\/11\/TZ_Split_2021_Max53-170x300.jpg 170w, https:\/\/paradisevacationinsplitandcroatia.com\/wp-content\/uploads\/2021\/11\/TZ_Split_2021_Max53-7x12.jpg 7w, https:\/\/paradisevacationinsplitandcroatia.com\/wp-content\/uploads\/2021\/11\/TZ_Split_2021_Max53-66x116.jpg 66w\" sizes=\"auto, (max-width: 170px) 100vw, 170px\" \/>\n\t\t<div class=\"figc no-description\">\n\t\t\t<div class=\"figc-inner\">\n\t\t\t\t\t\t\t\t\t\t\t\t\t\t\t<\/div>\n\t\t<\/div>\n\n\t<\/div>\n\n<\/div>\t\t\n\t<\/div>\n\n\t\n\t\n\t<script type=\"application\/ld+json\">\n\t{\n\t\t\"@context\": \"http:\/\/schema.org\",\n\t\t\"@type\"   : \"ImageGallery\",\n\t\t\"id\"      : \"https:\/\/paradisevacationinsplitandcroatia.com\/en\/product\/povijest-split\/\",\n\t\t\"url\"     : \"https:\/\/paradisevacationinsplitandcroatia.com\/en\/product\/povijest-split\/\"\n\t}\n\n\t<\/script>\n\n\t\n<\/div>\n\n<p><small>Fotografije ustupila TZ Split<\/small><\/p>\n","protected":false},"excerpt":{"rendered":"<p>Take a tour to visit and view all old parts of Split and Diocletian&#8217;s palace.<\/p>","protected":false},"featured_media":225,"comment_status":"open","ping_status":"closed","template":"","meta":{"inline_featured_image":false},"product_brand":[],"product_cat":[22,41],"product_tag":[],"class_list":{"0":"post-26","1":"product","2":"type-product","3":"status-publish","4":"has-post-thumbnail","6":"product_cat-gradovi","7":"product_cat-split-i-dalmacija-info","9":"first","10":"instock","11":"shipping-taxable","12":"purchasable","13":"product-type-simple"},"_links":{"self":[{"href":"https:\/\/paradisevacationinsplitandcroatia.com\/en\/wp-json\/wp\/v2\/product\/26","targetHints":{"allow":["GET"]}}],"collection":[{"href":"https:\/\/paradisevacationinsplitandcroatia.com\/en\/wp-json\/wp\/v2\/product"}],"about":[{"href":"https:\/\/paradisevacationinsplitandcroatia.com\/en\/wp-json\/wp\/v2\/types\/product"}],"replies":[{"embeddable":true,"href":"https:\/\/paradisevacationinsplitandcroatia.com\/en\/wp-json\/wp\/v2\/comments?post=26"}],"wp:featuredmedia":[{"embeddable":true,"href":"https:\/\/paradisevacationinsplitandcroatia.com\/en\/wp-json\/wp\/v2\/media\/225"}],"wp:attachment":[{"href":"https:\/\/paradisevacationinsplitandcroatia.com\/en\/wp-json\/wp\/v2\/media?parent=26"}],"wp:term":[{"taxonomy":"product_brand","embeddable":true,"href":"https:\/\/paradisevacationinsplitandcroatia.com\/en\/wp-json\/wp\/v2\/product_brand?post=26"},{"taxonomy":"product_cat","embeddable":true,"href":"https:\/\/paradisevacationinsplitandcroatia.com\/en\/wp-json\/wp\/v2\/product_cat?post=26"},{"taxonomy":"product_tag","embeddable":true,"href":"https:\/\/paradisevacationinsplitandcroatia.com\/en\/wp-json\/wp\/v2\/product_tag?post=26"}],"curies":[{"name":"wp","href":"https:\/\/api.w.org\/{rel}","templated":true}]}}