{"id":4709,"date":"2021-12-01T19:36:02","date_gmt":"2021-12-01T19:36:02","guid":{"rendered":"https:\/\/paradisevacationinsplitandcroatia.com\/?post_type=product&#038;p=4709"},"modified":"2021-12-01T19:37:10","modified_gmt":"2021-12-01T19:37:10","slug":"cetina-river-adventure","status":"publish","type":"product","link":"https:\/\/paradisevacationinsplitandcroatia.com\/en\/product\/cetina-river-adventure\/","title":{"rendered":"Cetina river adventure"},"content":{"rendered":"<p>Ova SUP tura na rijeci Cetini po\u010dinje u prekrasnom gradu Omi\u0161u koji je nekada bio gusarski grad. Gradski krajolik je jedinstvena kombinacija mora, rijeke i ogromnog planinskog lanca.<\/p>\n<p>Tura se zaustavlja u malom prekrasnom rije\u010dnom naselju Radmanove Mlinice gdje \u0107ete se upoznati s opremom i pripremiti za veslanje. To je skrovito mjesto gdje se domoroci kupaju u rijeci.<\/p>\n<p>Klize\u0107i prema dolje, rijeka se opu\u0161ta i vesla bez napora. Na po\u010detku je kanjon uzak, a rijeka br\u017ea, ali uskoro \u0107ete biti okru\u017eeni ogromnim planinama i netaknutom prirodom.<\/p>\n<p>Napravit \u0107emo nekoliko zaustavljanja niz kanjon gdje se mo\u017eete samo opustiti i u\u017eivati \u200b\u200bu krajoliku ili se upustiti u neko osvje\u017eavaju\u0107e kupanje na rijeci.<\/p>\n<p>Spu\u0161taju\u0107i se krajem kanjona, ubrzo se za kraj ture otkriva grad Omi\u0161. Zavr\u0161no stajati \u0107emo tamo gdje rijeka spaja more na prekrasnoj pje\u0161\u010danoj pla\u017ei. Ovdje mo\u017eete parkirati svoju dasku i u\u017eivati \u200b\u200bu lijepom plivanju dok se mi spremamo za povratak u Split.<\/p>\n<div  id=\"jtg-4710\" class=\"modula modula-gallery modula-creative-gallery\" data-config=\"{&quot;height&quot;:800,&quot;tabletHeight&quot;:800,&quot;mobileHeight&quot;:800,&quot;desktopHeight&quot;:800,&quot;enableTwitter&quot;:false,&quot;enableWhatsapp&quot;:false,&quot;enableFacebook&quot;:false,&quot;enablePinterest&quot;:false,&quot;enableLinkedin&quot;:false,&quot;enableEmail&quot;:false,&quot;randomFactor&quot;:0.5,&quot;type&quot;:&quot;creative-gallery&quot;,&quot;columns&quot;:12,&quot;gutter&quot;:10,&quot;mobileGutter&quot;:10,&quot;tabletGutter&quot;:10,&quot;desktopGutter&quot;:10,&quot;enableResponsive&quot;:&quot;0&quot;,&quot;tabletColumns&quot;:&quot;2&quot;,&quot;mobileColumns&quot;:&quot;1&quot;,&quot;lazyLoad&quot;:0,&quot;lightboxOpts&quot;:{&quot;animated&quot;:true,&quot;Thumbs&quot;:{&quot;type&quot;:&quot;modern&quot;,&quot;showOnStart&quot;:false},&quot;Toolbar&quot;:{&quot;display&quot;:{&quot;right&quot;:[&quot;close&quot;]},&quot;enabled&quot;:true},&quot;Carousel&quot;:{&quot;Panzoom&quot;:{&quot;touch&quot;:true},&quot;infinite&quot;:false},&quot;keyboard&quot;:{&quot;Escape&quot;:&quot;close&quot;,&quot;Delete&quot;:&quot;close&quot;,&quot;Backspace&quot;:&quot;close&quot;,&quot;PageUp&quot;:false,&quot;PageDown&quot;:false,&quot;ArrowUp&quot;:false,&quot;ArrowDown&quot;:false,&quot;ArrowRight&quot;:false,&quot;ArrowLeft&quot;:false},&quot;touch&quot;:false,&quot;backdropClick&quot;:false,&quot;l10n&quot;:{&quot;CLOSE&quot;:&quot;Close&quot;,&quot;NEXT&quot;:&quot;Next&quot;,&quot;PREV&quot;:&quot;Previous&quot;,&quot;Error&quot;:&quot;The requested content cannot be loaded. Please try again later.&quot;,&quot;PLAY_START&quot;:&quot;Start slideshow&quot;,&quot;PLAY_STOP&quot;:&quot;Pause slideshow&quot;,&quot;FULL_SCREEN&quot;:&quot;Full screen&quot;,&quot;THUMBS&quot;:&quot;Thumbnails&quot;,&quot;DOWNLOAD&quot;:&quot;Download&quot;,&quot;SHARE&quot;:&quot;Share&quot;,&quot;ZOOM&quot;:&quot;Zoom&quot;,&quot;EMAIL&quot;:&quot;Here is the link to the image : %%image_link%% and this is the link to the gallery : %%gallery_link%%&quot;,&quot;MODAL&quot;:&quot;You can close this modal content with the ESC key&quot;,&quot;ERROR&quot;:&quot;Something Went Wrong, Please Try Again Later&quot;,&quot;IMAGE_ERROR&quot;:&quot;Image Not Found&quot;,&quot;ELEMENT_NOT_FOUND&quot;:&quot;HTML Element Not Found&quot;,&quot;AJAX_NOT_FOUND&quot;:&quot;Error Loading AJAX : Not Found&quot;,&quot;AJAX_FORBIDDEN&quot;:&quot;Error Loading AJAX : Forbidden&quot;,&quot;IFRAME_ERROR&quot;:&quot;Error Loading Page&quot;,&quot;TOGGLE_ZOOM&quot;:&quot;Toggle zoom level&quot;,&quot;TOGGLE_THUMBS&quot;:&quot;Toggle thumbnails&quot;,&quot;TOGGLE_SLIDESHOW&quot;:&quot;Toggle slideshow&quot;,&quot;TOGGLE_FULLSCREEN&quot;:&quot;Toggle full-screen mode&quot;},&quot;Images&quot;:{&quot;Panzoom&quot;:{&quot;maxScale&quot;:2}},&quot;mainClass&quot;:&quot;modula-fancybox-container modula-lightbox-jtg-4710&quot;,&quot;Html&quot;:{&quot;videoAutoplay&quot;:0,&quot;videoTpl&quot;:&quot;&lt;video class=\\&quot;fancybox__html5video\\&quot; controls muted playsinline controlsList controlsList=\\&quot;nodownload\\&quot; poster=\\&quot;{{poster}}\\&quot; src=\\&quot;{{src}}\\&quot; type=\\&quot;{{format}}\\&quot; &gt;  Sorry, your browser doesn&#039;t support embedded videos, &lt;a href=\\&quot;{{src}}\\&quot;&gt; download &lt;\\\/a&gt; and watch with your favorite video player! &lt;\\\/video&gt;&quot;}},&quot;inView&quot;:false,&quot;email_subject&quot;:&quot;Check out this awesome image !!&quot;,&quot;email_message&quot;:&quot;Here is the link to the image : %%image_link%% and this is the link to the gallery : %%gallery_link%%&quot;,&quot;lightbox&quot;:&quot;fancybox&quot;}\">\n\n\t\n\t<div  class=\"modula-items\">\n\t\t<div class=\"modula-item effect-pufrobo\" >\n\t<div class=\"modula-item-overlay\"><\/div>\n\n\t<div class=\"modula-item-content\">\n\n\t\t<a data-image-id=\"4711\" role=\"button\" tabindex=\"0\" rel=\"jtg-4710\" data-caption=\"sup split adventure\" aria-label=\"Open image in lightbox\" class=\"tile-inner modula-item-link\"><\/a><img loading=\"lazy\" decoding=\"async\" class=\"pic wp-image-4711\"  data-valign=\"middle\" data-halign=\"center\" alt=\"\" data-full=\"https:\/\/paradisevacationinsplitandcroatia.com\/wp-content\/uploads\/2021\/12\/sup-split-adventure.jpg\" title=\"sup split adventure\" crop=\"\" width=\"300\" height=\"225\" src=\"https:\/\/paradisevacationinsplitandcroatia.com\/wp-content\/uploads\/2021\/12\/sup-split-adventure-300x225.jpg\" data-src=\"https:\/\/paradisevacationinsplitandcroatia.com\/wp-content\/uploads\/2021\/12\/sup-split-adventure-300x225.jpg\" data-caption=\"sup split adventure\" srcset=\"https:\/\/paradisevacationinsplitandcroatia.com\/wp-content\/uploads\/2021\/12\/sup-split-adventure.jpg 1000w, https:\/\/paradisevacationinsplitandcroatia.com\/wp-content\/uploads\/2021\/12\/sup-split-adventure-300x225.jpg 300w, https:\/\/paradisevacationinsplitandcroatia.com\/wp-content\/uploads\/2021\/12\/sup-split-adventure-768x576.jpg 768w, https:\/\/paradisevacationinsplitandcroatia.com\/wp-content\/uploads\/2021\/12\/sup-split-adventure-16x12.jpg 16w, https:\/\/paradisevacationinsplitandcroatia.com\/wp-content\/uploads\/2021\/12\/sup-split-adventure-600x450.jpg 600w, https:\/\/paradisevacationinsplitandcroatia.com\/wp-content\/uploads\/2021\/12\/sup-split-adventure-155x116.jpg 155w\" sizes=\"auto, (max-width: 300px) 100vw, 300px\" \/>\n\t\t<div class=\"figc\">\n\t\t\t<div class=\"figc-inner\">\n\t\t\t\t\t\t\t\t\t\t\t\t\t\t\t<\/div>\n\t\t<\/div>\n\n\t<\/div>\n\n<\/div><div class=\"modula-item effect-pufrobo\" >\n\t<div class=\"modula-item-overlay\"><\/div>\n\n\t<div class=\"modula-item-content\">\n\n\t\t<a data-image-id=\"4712\" role=\"button\" tabindex=\"0\" rel=\"jtg-4710\" data-caption=\"Cetina Omi\u0161 Sup\" aria-label=\"Open image in lightbox\" class=\"tile-inner modula-item-link\"><\/a><img loading=\"lazy\" decoding=\"async\" class=\"pic wp-image-4712\"  data-valign=\"middle\" data-halign=\"center\" alt=\"\" data-full=\"https:\/\/paradisevacationinsplitandcroatia.com\/wp-content\/uploads\/2021\/12\/Cetina-Omis-Sup.jpg\" title=\"Cetina Omi\u0161 Sup\" crop=\"\" width=\"300\" height=\"225\" src=\"https:\/\/paradisevacationinsplitandcroatia.com\/wp-content\/uploads\/2021\/12\/Cetina-Omis-Sup-300x225.jpg\" data-src=\"https:\/\/paradisevacationinsplitandcroatia.com\/wp-content\/uploads\/2021\/12\/Cetina-Omis-Sup-300x225.jpg\" data-caption=\"Cetina Omi\u0161 Sup\" srcset=\"https:\/\/paradisevacationinsplitandcroatia.com\/wp-content\/uploads\/2021\/12\/Cetina-Omis-Sup.jpg 1000w, https:\/\/paradisevacationinsplitandcroatia.com\/wp-content\/uploads\/2021\/12\/Cetina-Omis-Sup-300x225.jpg 300w, https:\/\/paradisevacationinsplitandcroatia.com\/wp-content\/uploads\/2021\/12\/Cetina-Omis-Sup-768x576.jpg 768w, https:\/\/paradisevacationinsplitandcroatia.com\/wp-content\/uploads\/2021\/12\/Cetina-Omis-Sup-16x12.jpg 16w, https:\/\/paradisevacationinsplitandcroatia.com\/wp-content\/uploads\/2021\/12\/Cetina-Omis-Sup-600x450.jpg 600w, https:\/\/paradisevacationinsplitandcroatia.com\/wp-content\/uploads\/2021\/12\/Cetina-Omis-Sup-155x116.jpg 155w\" sizes=\"auto, (max-width: 300px) 100vw, 300px\" \/>\n\t\t<div class=\"figc\">\n\t\t\t<div class=\"figc-inner\">\n\t\t\t\t\t\t\t\t\t\t\t\t\t\t\t<\/div>\n\t\t<\/div>\n\n\t<\/div>\n\n<\/div><div class=\"modula-item effect-pufrobo\" >\n\t<div class=\"modula-item-overlay\"><\/div>\n\n\t<div class=\"modula-item-content\">\n\n\t\t<a data-image-id=\"4713\" role=\"button\" tabindex=\"0\" rel=\"jtg-4710\" data-caption=\"\" aria-label=\"Open image in lightbox\" class=\"tile-inner modula-item-link\"><\/a><img loading=\"lazy\" decoding=\"async\" class=\"pic wp-image-4713\"  data-valign=\"middle\" data-halign=\"center\" alt=\"\" data-full=\"https:\/\/paradisevacationinsplitandcroatia.com\/wp-content\/uploads\/2021\/12\/Cetina-Paddle-1024x768-1.jpg\" title=\"Cetina-Paddle-1024x768\" crop=\"\" width=\"300\" height=\"225\" src=\"https:\/\/paradisevacationinsplitandcroatia.com\/wp-content\/uploads\/2021\/12\/Cetina-Paddle-1024x768-1-300x225.jpg\" data-src=\"https:\/\/paradisevacationinsplitandcroatia.com\/wp-content\/uploads\/2021\/12\/Cetina-Paddle-1024x768-1-300x225.jpg\" data-caption=\"\" srcset=\"https:\/\/paradisevacationinsplitandcroatia.com\/wp-content\/uploads\/2021\/12\/Cetina-Paddle-1024x768-1.jpg 1024w, https:\/\/paradisevacationinsplitandcroatia.com\/wp-content\/uploads\/2021\/12\/Cetina-Paddle-1024x768-1-300x225.jpg 300w, https:\/\/paradisevacationinsplitandcroatia.com\/wp-content\/uploads\/2021\/12\/Cetina-Paddle-1024x768-1-768x576.jpg 768w, https:\/\/paradisevacationinsplitandcroatia.com\/wp-content\/uploads\/2021\/12\/Cetina-Paddle-1024x768-1-16x12.jpg 16w, https:\/\/paradisevacationinsplitandcroatia.com\/wp-content\/uploads\/2021\/12\/Cetina-Paddle-1024x768-1-600x450.jpg 600w, https:\/\/paradisevacationinsplitandcroatia.com\/wp-content\/uploads\/2021\/12\/Cetina-Paddle-1024x768-1-155x116.jpg 155w\" sizes=\"auto, (max-width: 300px) 100vw, 300px\" \/>\n\t\t<div class=\"figc no-description\">\n\t\t\t<div class=\"figc-inner\">\n\t\t\t\t\t\t\t\t\t\t\t\t\t\t\t<\/div>\n\t\t<\/div>\n\n\t<\/div>\n\n<\/div><div class=\"modula-item effect-pufrobo\" >\n\t<div class=\"modula-item-overlay\"><\/div>\n\n\t<div class=\"modula-item-content\">\n\n\t\t<a data-image-id=\"4714\" role=\"button\" tabindex=\"0\" rel=\"jtg-4710\" data-caption=\"\" aria-label=\"Open image in lightbox\" class=\"tile-inner modula-item-link\"><\/a><img loading=\"lazy\" decoding=\"async\" class=\"pic wp-image-4714\"  data-valign=\"middle\" data-halign=\"center\" alt=\"\" data-full=\"https:\/\/paradisevacationinsplitandcroatia.com\/wp-content\/uploads\/2021\/12\/Cetina-river-sup-boarding-1024x768-1.jpg\" title=\"Cetina-river-sup-boarding-1024x768\" crop=\"\" width=\"300\" height=\"225\" src=\"https:\/\/paradisevacationinsplitandcroatia.com\/wp-content\/uploads\/2021\/12\/Cetina-river-sup-boarding-1024x768-1-300x225.jpg\" data-src=\"https:\/\/paradisevacationinsplitandcroatia.com\/wp-content\/uploads\/2021\/12\/Cetina-river-sup-boarding-1024x768-1-300x225.jpg\" data-caption=\"\" srcset=\"https:\/\/paradisevacationinsplitandcroatia.com\/wp-content\/uploads\/2021\/12\/Cetina-river-sup-boarding-1024x768-1.jpg 1024w, https:\/\/paradisevacationinsplitandcroatia.com\/wp-content\/uploads\/2021\/12\/Cetina-river-sup-boarding-1024x768-1-300x225.jpg 300w, https:\/\/paradisevacationinsplitandcroatia.com\/wp-content\/uploads\/2021\/12\/Cetina-river-sup-boarding-1024x768-1-768x576.jpg 768w, https:\/\/paradisevacationinsplitandcroatia.com\/wp-content\/uploads\/2021\/12\/Cetina-river-sup-boarding-1024x768-1-16x12.jpg 16w, https:\/\/paradisevacationinsplitandcroatia.com\/wp-content\/uploads\/2021\/12\/Cetina-river-sup-boarding-1024x768-1-600x450.jpg 600w, https:\/\/paradisevacationinsplitandcroatia.com\/wp-content\/uploads\/2021\/12\/Cetina-river-sup-boarding-1024x768-1-155x116.jpg 155w\" sizes=\"auto, (max-width: 300px) 100vw, 300px\" \/>\n\t\t<div class=\"figc no-description\">\n\t\t\t<div class=\"figc-inner\">\n\t\t\t\t\t\t\t\t\t\t\t\t\t\t\t<\/div>\n\t\t<\/div>\n\n\t<\/div>\n\n<\/div><div class=\"modula-item effect-pufrobo\" >\n\t<div class=\"modula-item-overlay\"><\/div>\n\n\t<div class=\"modula-item-content\">\n\n\t\t<a data-image-id=\"4715\" role=\"button\" tabindex=\"0\" rel=\"jtg-4710\" data-caption=\"\" aria-label=\"Open image in lightbox\" class=\"tile-inner modula-item-link\"><\/a><img loading=\"lazy\" decoding=\"async\" class=\"pic wp-image-4715\"  data-valign=\"middle\" data-halign=\"center\" alt=\"\" data-full=\"https:\/\/paradisevacationinsplitandcroatia.com\/wp-content\/uploads\/2021\/12\/Split-dish-1024x768-1.jpg\" title=\"Split-dish-1024x768\" crop=\"\" width=\"300\" height=\"225\" src=\"https:\/\/paradisevacationinsplitandcroatia.com\/wp-content\/uploads\/2021\/12\/Split-dish-1024x768-1-300x225.jpg\" data-src=\"https:\/\/paradisevacationinsplitandcroatia.com\/wp-content\/uploads\/2021\/12\/Split-dish-1024x768-1-300x225.jpg\" data-caption=\"\" srcset=\"https:\/\/paradisevacationinsplitandcroatia.com\/wp-content\/uploads\/2021\/12\/Split-dish-1024x768-1.jpg 1024w, https:\/\/paradisevacationinsplitandcroatia.com\/wp-content\/uploads\/2021\/12\/Split-dish-1024x768-1-300x225.jpg 300w, https:\/\/paradisevacationinsplitandcroatia.com\/wp-content\/uploads\/2021\/12\/Split-dish-1024x768-1-768x576.jpg 768w, https:\/\/paradisevacationinsplitandcroatia.com\/wp-content\/uploads\/2021\/12\/Split-dish-1024x768-1-16x12.jpg 16w, https:\/\/paradisevacationinsplitandcroatia.com\/wp-content\/uploads\/2021\/12\/Split-dish-1024x768-1-600x450.jpg 600w, https:\/\/paradisevacationinsplitandcroatia.com\/wp-content\/uploads\/2021\/12\/Split-dish-1024x768-1-155x116.jpg 155w\" sizes=\"auto, (max-width: 300px) 100vw, 300px\" \/>\n\t\t<div class=\"figc no-description\">\n\t\t\t<div class=\"figc-inner\">\n\t\t\t\t\t\t\t\t\t\t\t\t\t\t\t<\/div>\n\t\t<\/div>\n\n\t<\/div>\n\n<\/div><div class=\"modula-item effect-pufrobo\" >\n\t<div class=\"modula-item-overlay\"><\/div>\n\n\t<div class=\"modula-item-content\">\n\n\t\t<a data-image-id=\"4716\" role=\"button\" tabindex=\"0\" rel=\"jtg-4710\" data-caption=\"stand up paddleboarding Croatia\" aria-label=\"Open image in lightbox\" class=\"tile-inner modula-item-link\"><\/a><img loading=\"lazy\" decoding=\"async\" class=\"pic wp-image-4716\"  data-valign=\"middle\" data-halign=\"center\" alt=\"\" data-full=\"https:\/\/paradisevacationinsplitandcroatia.com\/wp-content\/uploads\/2021\/12\/stand-up-paddleboarding-Croatia.jpg\" title=\"stand up paddleboarding Croatia\" crop=\"\" width=\"300\" height=\"225\" src=\"https:\/\/paradisevacationinsplitandcroatia.com\/wp-content\/uploads\/2021\/12\/stand-up-paddleboarding-Croatia-300x225.jpg\" data-src=\"https:\/\/paradisevacationinsplitandcroatia.com\/wp-content\/uploads\/2021\/12\/stand-up-paddleboarding-Croatia-300x225.jpg\" data-caption=\"stand up paddleboarding Croatia\" srcset=\"https:\/\/paradisevacationinsplitandcroatia.com\/wp-content\/uploads\/2021\/12\/stand-up-paddleboarding-Croatia.jpg 1000w, https:\/\/paradisevacationinsplitandcroatia.com\/wp-content\/uploads\/2021\/12\/stand-up-paddleboarding-Croatia-300x225.jpg 300w, https:\/\/paradisevacationinsplitandcroatia.com\/wp-content\/uploads\/2021\/12\/stand-up-paddleboarding-Croatia-768x576.jpg 768w, https:\/\/paradisevacationinsplitandcroatia.com\/wp-content\/uploads\/2021\/12\/stand-up-paddleboarding-Croatia-16x12.jpg 16w, https:\/\/paradisevacationinsplitandcroatia.com\/wp-content\/uploads\/2021\/12\/stand-up-paddleboarding-Croatia-600x450.jpg 600w, https:\/\/paradisevacationinsplitandcroatia.com\/wp-content\/uploads\/2021\/12\/stand-up-paddleboarding-Croatia-155x116.jpg 155w\" sizes=\"auto, (max-width: 300px) 100vw, 300px\" \/>\n\t\t<div class=\"figc\">\n\t\t\t<div class=\"figc-inner\">\n\t\t\t\t\t\t\t\t\t\t\t\t\t\t\t<\/div>\n\t\t<\/div>\n\n\t<\/div>\n\n<\/div><div class=\"modula-item effect-pufrobo\" >\n\t<div class=\"modula-item-overlay\"><\/div>\n\n\t<div class=\"modula-item-content\">\n\n\t\t<a data-image-id=\"4717\" role=\"button\" tabindex=\"0\" rel=\"jtg-4710\" data-caption=\"Stand up Padling Cetina Omi\u0161\" aria-label=\"Open image in lightbox\" class=\"tile-inner modula-item-link\"><\/a><img loading=\"lazy\" decoding=\"async\" class=\"pic wp-image-4717\"  data-valign=\"middle\" data-halign=\"center\" alt=\"\" data-full=\"https:\/\/paradisevacationinsplitandcroatia.com\/wp-content\/uploads\/2021\/12\/Stand-up-Padling-Cetina-Omis.jpg\" title=\"Stand up Padling Cetina Omi\u0161\" crop=\"\" width=\"300\" height=\"225\" src=\"https:\/\/paradisevacationinsplitandcroatia.com\/wp-content\/uploads\/2021\/12\/Stand-up-Padling-Cetina-Omis-300x225.jpg\" data-src=\"https:\/\/paradisevacationinsplitandcroatia.com\/wp-content\/uploads\/2021\/12\/Stand-up-Padling-Cetina-Omis-300x225.jpg\" data-caption=\"Stand up Padling Cetina Omi\u0161\" srcset=\"https:\/\/paradisevacationinsplitandcroatia.com\/wp-content\/uploads\/2021\/12\/Stand-up-Padling-Cetina-Omis.jpg 1000w, https:\/\/paradisevacationinsplitandcroatia.com\/wp-content\/uploads\/2021\/12\/Stand-up-Padling-Cetina-Omis-300x225.jpg 300w, https:\/\/paradisevacationinsplitandcroatia.com\/wp-content\/uploads\/2021\/12\/Stand-up-Padling-Cetina-Omis-768x576.jpg 768w, https:\/\/paradisevacationinsplitandcroatia.com\/wp-content\/uploads\/2021\/12\/Stand-up-Padling-Cetina-Omis-16x12.jpg 16w, https:\/\/paradisevacationinsplitandcroatia.com\/wp-content\/uploads\/2021\/12\/Stand-up-Padling-Cetina-Omis-600x450.jpg 600w, https:\/\/paradisevacationinsplitandcroatia.com\/wp-content\/uploads\/2021\/12\/Stand-up-Padling-Cetina-Omis-155x116.jpg 155w\" sizes=\"auto, (max-width: 300px) 100vw, 300px\" \/>\n\t\t<div class=\"figc\">\n\t\t\t<div class=\"figc-inner\">\n\t\t\t\t\t\t\t\t\t\t\t\t\t\t\t<\/div>\n\t\t<\/div>\n\n\t<\/div>\n\n<\/div>\t\t\n\t<\/div>\n\n\t\n\t\n\t<script type=\"application\/ld+json\">\n\t{\n\t\t\"@context\": \"http:\/\/schema.org\",\n\t\t\"@type\"   : \"ImageGallery\",\n\t\t\"id\"      : \"https:\/\/paradisevacationinsplitandcroatia.com\/en\/product\/cetina-river-adventure\/\",\n\t\t\"url\"     : \"https:\/\/paradisevacationinsplitandcroatia.com\/en\/product\/cetina-river-adventure\/\"\n\t}\n\n\t<\/script>\n\n\t\n<\/div>\n\n","protected":false},"excerpt":{"rendered":"<p>Ova SUP tura na rijeci Cetini po\u010dinje u prekrasnom gradu Omi\u0161u koji je nekada bio gusarski grad. Gradski krajolik je &hellip; <a href=\"https:\/\/paradisevacationinsplitandcroatia.com\/en\/product\/cetina-river-adventure\/\" class=\"more-link\">Continue reading <span class=\"screen-reader-text\">Cetina river adventure<\/span><\/a><\/p>","protected":false},"featured_media":4712,"comment_status":"open","ping_status":"closed","template":"","meta":{"inline_featured_image":false},"product_brand":[],"product_cat":[42],"product_tag":[],"class_list":{"0":"post-4709","1":"product","2":"type-product","3":"status-publish","4":"has-post-thumbnail","6":"product_cat-sport","8":"first","9":"instock","10":"shipping-taxable","11":"purchasable","12":"product-type-simple"},"_links":{"self":[{"href":"https:\/\/paradisevacationinsplitandcroatia.com\/en\/wp-json\/wp\/v2\/product\/4709","targetHints":{"allow":["GET"]}}],"collection":[{"href":"https:\/\/paradisevacationinsplitandcroatia.com\/en\/wp-json\/wp\/v2\/product"}],"about":[{"href":"https:\/\/paradisevacationinsplitandcroatia.com\/en\/wp-json\/wp\/v2\/types\/product"}],"replies":[{"embeddable":true,"href":"https:\/\/paradisevacationinsplitandcroatia.com\/en\/wp-json\/wp\/v2\/comments?post=4709"}],"wp:featuredmedia":[{"embeddable":true,"href":"https:\/\/paradisevacationinsplitandcroatia.com\/en\/wp-json\/wp\/v2\/media\/4712"}],"wp:attachment":[{"href":"https:\/\/paradisevacationinsplitandcroatia.com\/en\/wp-json\/wp\/v2\/media?parent=4709"}],"wp:term":[{"taxonomy":"product_brand","embeddable":true,"href":"https:\/\/paradisevacationinsplitandcroatia.com\/en\/wp-json\/wp\/v2\/product_brand?post=4709"},{"taxonomy":"product_cat","embeddable":true,"href":"https:\/\/paradisevacationinsplitandcroatia.com\/en\/wp-json\/wp\/v2\/product_cat?post=4709"},{"taxonomy":"product_tag","embeddable":true,"href":"https:\/\/paradisevacationinsplitandcroatia.com\/en\/wp-json\/wp\/v2\/product_tag?post=4709"}],"curies":[{"name":"wp","href":"https:\/\/api.w.org\/{rel}","templated":true}]}}