{"id":5157,"date":"2021-12-03T21:10:28","date_gmt":"2021-12-03T21:10:28","guid":{"rendered":"https:\/\/paradisevacationinsplitandcroatia.com\/?post_type=product&#038;p=5157"},"modified":"2025-05-09T06:39:00","modified_gmt":"2025-05-09T06:39:00","slug":"turisticki-vodic-lea","status":"publish","type":"product","link":"https:\/\/paradisevacationinsplitandcroatia.com\/en\/product\/turisticki-vodic-lea\/","title":{"rendered":"Professional guide"},"content":{"rendered":"<p>Hi everyone!<\/p>\n<p>My name is Lea. I am a licensed tour guide in Croatia for \u0160ibenik, Split and Dubrovnik area and member of the Association of Tourist Guides Split.\u00a0I have offical licence to guide in Croatian, English, Spanish and Portuguese language.<\/p>\n<p>I absolutely adore my job and cannot wait to share with you all the beauties that Croatia has to offer! If you were looking for a private guide to experience the region like a true local \u2013 you are right where you should be!<\/p>\n<p>I love to travel and I enjoy introducing my country to guests from typical local point of view and beyond well-known tourist paths.<\/p>","protected":false},"excerpt":{"rendered":"<p>Pozdrav svima! Moje ime je Lea. Ovla\u0161teni sam turisti\u010dki vodi\u010d u Hrvatskoj za podru\u010dje \u0160ibenika, Splita i Dubrovnika te \u010dlan &hellip; <a href=\"https:\/\/paradisevacationinsplitandcroatia.com\/en\/product\/turisticki-vodic-lea\/\" class=\"more-link\">Continue reading <span class=\"screen-reader-text\">Professional guide<\/span><\/a><\/p>","protected":false},"featured_media":5158,"comment_status":"open","ping_status":"closed","template":"","meta":{"inline_featured_image":false},"product_brand":[],"product_cat":[222],"product_tag":[],"class_list":{"0":"post-5157","1":"product","2":"type-product","3":"status-publish","4":"has-post-thumbnail","6":"product_cat-turisticki-vodic","8":"first","9":"instock","10":"shipping-taxable","11":"purchasable","12":"product-type-simple"},"_links":{"self":[{"href":"https:\/\/paradisevacationinsplitandcroatia.com\/en\/wp-json\/wp\/v2\/product\/5157","targetHints":{"allow":["GET"]}}],"collection":[{"href":"https:\/\/paradisevacationinsplitandcroatia.com\/en\/wp-json\/wp\/v2\/product"}],"about":[{"href":"https:\/\/paradisevacationinsplitandcroatia.com\/en\/wp-json\/wp\/v2\/types\/product"}],"replies":[{"embeddable":true,"href":"https:\/\/paradisevacationinsplitandcroatia.com\/en\/wp-json\/wp\/v2\/comments?post=5157"}],"wp:featuredmedia":[{"embeddable":true,"href":"https:\/\/paradisevacationinsplitandcroatia.com\/en\/wp-json\/wp\/v2\/media\/5158"}],"wp:attachment":[{"href":"https:\/\/paradisevacationinsplitandcroatia.com\/en\/wp-json\/wp\/v2\/media?parent=5157"}],"wp:term":[{"taxonomy":"product_brand","embeddable":true,"href":"https:\/\/paradisevacationinsplitandcroatia.com\/en\/wp-json\/wp\/v2\/product_brand?post=5157"},{"taxonomy":"product_cat","embeddable":true,"href":"https:\/\/paradisevacationinsplitandcroatia.com\/en\/wp-json\/wp\/v2\/product_cat?post=5157"},{"taxonomy":"product_tag","embeddable":true,"href":"https:\/\/paradisevacationinsplitandcroatia.com\/en\/wp-json\/wp\/v2\/product_tag?post=5157"}],"curies":[{"name":"wp","href":"https:\/\/api.w.org\/{rel}","templated":true}]}}