{"id":983,"date":"2021-11-14T11:23:27","date_gmt":"2021-11-14T11:23:27","guid":{"rendered":"https:\/\/paradisevacationinsplitandcroatia.com\/?post_type=product&#038;p=983"},"modified":"2021-12-06T21:47:37","modified_gmt":"2021-12-06T21:47:37","slug":"dr-kiropraktike-bandalo","status":"publish","type":"product","link":"https:\/\/paradisevacationinsplitandcroatia.com\/en\/product\/dr-kiropraktike-bandalo\/","title":{"rendered":"Dr. Chiropractic Banalo"},"content":{"rendered":"<p>Dr. Miro Bandalo je doktor kiropraktike \u010dija je misija da pomogne ljudima ostvariti svoj Bogom dani \u017eivotni potencijal kroz zdravi na\u010din \u017eivota. Nakon dva zavr\u0161ena fakulteta u SAD-u je diplomirao kao doktor kiropraktike na presti\u017enom Life University, te je vodio tj otvorio dva ureda za kiropraktiku (San Luis Obispo, California te u Nolensville, Tennessee).<br \/>\nBandalo Kiropraktika je njegov tre\u0107i ured koji je otvorio u Splitu jer je njegov cilj kroz kiropraktiku pomo\u0107i te obrazovati \u0161to vi\u0161e ljudi u Splitu i Hrvatskoj o va\u017enosti zdrave kralje\u017enice, i to po\u010dev\u0161i od najmla\u0111eg doba. Zbog ovog razloga se specijalizirao za rad s trudnicama i djecom, jer ako po\u010dnemo zdravo i podr\u017eavamo to zdravlje od najranijih godina, onda razvijamo ljude koji zaista imaju priliku ostvariti svoj genetski potencijal, i imati puno godina u svom \u017eivotu, a i puno \u017eivota u svojim godinama.<br \/>\nDr Bandalo je svojim predanim radom pomogao te znatno pobolj\u0161ao funkcionalnost i performansu \u010dlanovima Hrvatske i Kanadske Olimpijske reprezentacije u atletici, svjetskim prvacima u Brazilskom Jiu jitsu-u, MMA, skoku u vis, squashu, olimpijskom dizanju utega te brojnim profesionalnim i rekreativnim sporta\u0161ima.<\/p>\n<p><iframe loading=\"lazy\" width=\"560\" height=\"315\" src=\"https:\/\/www.youtube-nocookie.com\/embed\/ixRdbRkYBU8?controls=0?rel=0\" title=\"YouTube video player\" frameborder=\"0\" allow=\"accelerometer; autoplay; clipboard-write; encrypted-media; gyroscope; picture-in-picture\" allowfullscreen><\/iframe><\/p>","protected":false},"excerpt":{"rendered":"<p>Dr. Miro Bandalo je doktor kiropraktike \u010dija je misija da pomogne ljudima ostvariti svoj Bogom dani \u017eivotni potencijal kroz zdravi &hellip; <a href=\"https:\/\/paradisevacationinsplitandcroatia.com\/en\/product\/dr-kiropraktike-bandalo\/\" class=\"more-link\">Continue reading <span class=\"screen-reader-text\">Dr. Chiropractic Banalo<\/span><\/a><\/p>","protected":false},"featured_media":984,"comment_status":"open","ping_status":"closed","template":"","meta":{"inline_featured_image":false},"product_brand":[],"product_cat":[40],"product_tag":[],"class_list":{"0":"post-983","1":"product","2":"type-product","3":"status-publish","4":"has-post-thumbnail","6":"product_cat-zdravstvo","8":"first","9":"instock","10":"shipping-taxable","11":"purchasable","12":"product-type-simple"},"_links":{"self":[{"href":"https:\/\/paradisevacationinsplitandcroatia.com\/en\/wp-json\/wp\/v2\/product\/983","targetHints":{"allow":["GET"]}}],"collection":[{"href":"https:\/\/paradisevacationinsplitandcroatia.com\/en\/wp-json\/wp\/v2\/product"}],"about":[{"href":"https:\/\/paradisevacationinsplitandcroatia.com\/en\/wp-json\/wp\/v2\/types\/product"}],"replies":[{"embeddable":true,"href":"https:\/\/paradisevacationinsplitandcroatia.com\/en\/wp-json\/wp\/v2\/comments?post=983"}],"wp:featuredmedia":[{"embeddable":true,"href":"https:\/\/paradisevacationinsplitandcroatia.com\/en\/wp-json\/wp\/v2\/media\/984"}],"wp:attachment":[{"href":"https:\/\/paradisevacationinsplitandcroatia.com\/en\/wp-json\/wp\/v2\/media?parent=983"}],"wp:term":[{"taxonomy":"product_brand","embeddable":true,"href":"https:\/\/paradisevacationinsplitandcroatia.com\/en\/wp-json\/wp\/v2\/product_brand?post=983"},{"taxonomy":"product_cat","embeddable":true,"href":"https:\/\/paradisevacationinsplitandcroatia.com\/en\/wp-json\/wp\/v2\/product_cat?post=983"},{"taxonomy":"product_tag","embeddable":true,"href":"https:\/\/paradisevacationinsplitandcroatia.com\/en\/wp-json\/wp\/v2\/product_tag?post=983"}],"curies":[{"name":"wp","href":"https:\/\/api.w.org\/{rel}","templated":true}]}}