{"id":996,"date":"2021-11-14T12:04:23","date_gmt":"2021-11-14T12:04:23","guid":{"rendered":"https:\/\/paradisevacationinsplitandcroatia.com\/?post_type=product&#038;p=996"},"modified":"2021-12-08T00:03:18","modified_gmt":"2021-12-08T00:03:18","slug":"rafting-cetina","status":"publish","type":"product","link":"https:\/\/paradisevacationinsplitandcroatia.com\/en\/product\/rafting-cetina\/","title":{"rendered":"Cetina rafting"},"content":{"rendered":"<p>Prilago\u0111eno iskustvo organizirano promi\u0161ljeno u skladu s bilo kojom dobi i bilo kojim ukusom. Odre\u0111ivanje savr\u0161enog vremena za privatni prolazak rijekom, u\u017eivanje u njoj u potpunosti, ne ometaju\u0107i druge komercijalne tvrtke.<br \/>\nOvo putovanje nije samo rafting; to je skakanje s litice, plutanje brzacima i jo\u0161 mnogo toga; sve skupa smatra se lijepom prigodom za upoznavanje novih ljudi i iskustvo onoga \u0161to je odmor.<\/p>\n<p>Plan puta:<br \/>\nNa\u0111emo se u centru grada Splita ili pokupiti goste ispred smje\u0161taja. Zatim se vozimo panoramskim putem kroz okolicu i za cca. 50 minuta smo na po\u010detnoj to\u010dki. Tamo pripremamo opremu i pola\u017eemo brzi te\u010daj vje\u0161tina raftinga.<br \/>\nSam rafting traje 3,5 sata. Na\u0161i gosti osjete dinamiku vode od mirnih i bistrih do ludih brzaca. (Klasa 2-3)<br \/>\nNapravimo nekoliko zaustavljanja kad doru\u010dkujemo svje\u017eim vo\u0107em, ska\u010demo s litice, plivamo pod vodopadom ili se jednostavno opustimo i u\u017eivamo u krajoliku.<br \/>\nZa spremanje najboljih trenutaka poput sretnih, uzbudljivih lica uhva\u0107enih u brzacima ili kupke usred slapa, nudimo GoPro Hero 9 crnu akcijsku kameru.<br \/>\nNa\u0161e ciljno mjesto je u blizini grada zvanog Omi\u0161 odakle kre\u0107emo prema Splitu<br \/>\nOstale stvari koje treba napomenuti<br \/>\nPromjena vremena sastanka mogu\u0107a je zbog prometa u \u0161pici sezone.<br \/>\nIz prakti\u010dnih razloga preuzimamo put u Splitu i na putu do kanjona.<\/p>\n<div  id=\"jtg-5942\" class=\"modula modula-gallery modula-creative-gallery\" data-config=\"{&quot;height&quot;:800,&quot;tabletHeight&quot;:800,&quot;mobileHeight&quot;:800,&quot;desktopHeight&quot;:800,&quot;enableTwitter&quot;:false,&quot;enableWhatsapp&quot;:false,&quot;enableFacebook&quot;:false,&quot;enablePinterest&quot;:false,&quot;enableLinkedin&quot;:false,&quot;enableEmail&quot;:false,&quot;randomFactor&quot;:0.5,&quot;type&quot;:&quot;creative-gallery&quot;,&quot;columns&quot;:12,&quot;gutter&quot;:10,&quot;mobileGutter&quot;:10,&quot;tabletGutter&quot;:10,&quot;desktopGutter&quot;:10,&quot;enableResponsive&quot;:&quot;0&quot;,&quot;tabletColumns&quot;:&quot;2&quot;,&quot;mobileColumns&quot;:&quot;1&quot;,&quot;lazyLoad&quot;:0,&quot;lightboxOpts&quot;:{&quot;animated&quot;:true,&quot;Thumbs&quot;:{&quot;type&quot;:&quot;modern&quot;,&quot;showOnStart&quot;:false},&quot;Toolbar&quot;:{&quot;display&quot;:{&quot;right&quot;:[&quot;close&quot;]},&quot;enabled&quot;:true},&quot;Carousel&quot;:{&quot;Panzoom&quot;:{&quot;touch&quot;:true},&quot;infinite&quot;:false},&quot;keyboard&quot;:{&quot;Escape&quot;:&quot;close&quot;,&quot;Delete&quot;:&quot;close&quot;,&quot;Backspace&quot;:&quot;close&quot;,&quot;PageUp&quot;:false,&quot;PageDown&quot;:false,&quot;ArrowUp&quot;:false,&quot;ArrowDown&quot;:false,&quot;ArrowRight&quot;:false,&quot;ArrowLeft&quot;:false},&quot;touch&quot;:false,&quot;backdropClick&quot;:false,&quot;l10n&quot;:{&quot;CLOSE&quot;:&quot;Close&quot;,&quot;NEXT&quot;:&quot;Next&quot;,&quot;PREV&quot;:&quot;Previous&quot;,&quot;Error&quot;:&quot;The requested content cannot be loaded. Please try again later.&quot;,&quot;PLAY_START&quot;:&quot;Start slideshow&quot;,&quot;PLAY_STOP&quot;:&quot;Pause slideshow&quot;,&quot;FULL_SCREEN&quot;:&quot;Full screen&quot;,&quot;THUMBS&quot;:&quot;Thumbnails&quot;,&quot;DOWNLOAD&quot;:&quot;Download&quot;,&quot;SHARE&quot;:&quot;Share&quot;,&quot;ZOOM&quot;:&quot;Zoom&quot;,&quot;EMAIL&quot;:&quot;Here is the link to the image : %%image_link%% and this is the link to the gallery : %%gallery_link%%&quot;,&quot;MODAL&quot;:&quot;You can close this modal content with the ESC key&quot;,&quot;ERROR&quot;:&quot;Something Went Wrong, Please Try Again Later&quot;,&quot;IMAGE_ERROR&quot;:&quot;Image Not Found&quot;,&quot;ELEMENT_NOT_FOUND&quot;:&quot;HTML Element Not Found&quot;,&quot;AJAX_NOT_FOUND&quot;:&quot;Error Loading AJAX : Not Found&quot;,&quot;AJAX_FORBIDDEN&quot;:&quot;Error Loading AJAX : Forbidden&quot;,&quot;IFRAME_ERROR&quot;:&quot;Error Loading Page&quot;,&quot;TOGGLE_ZOOM&quot;:&quot;Toggle zoom level&quot;,&quot;TOGGLE_THUMBS&quot;:&quot;Toggle thumbnails&quot;,&quot;TOGGLE_SLIDESHOW&quot;:&quot;Toggle slideshow&quot;,&quot;TOGGLE_FULLSCREEN&quot;:&quot;Toggle full-screen mode&quot;},&quot;Images&quot;:{&quot;Panzoom&quot;:{&quot;maxScale&quot;:2}},&quot;mainClass&quot;:&quot;modula-fancybox-container modula-lightbox-jtg-5942&quot;,&quot;Html&quot;:{&quot;videoAutoplay&quot;:0,&quot;videoTpl&quot;:&quot;&lt;video class=\\&quot;fancybox__html5video\\&quot; controls muted playsinline controlsList controlsList=\\&quot;nodownload\\&quot; poster=\\&quot;{{poster}}\\&quot; src=\\&quot;{{src}}\\&quot; type=\\&quot;{{format}}\\&quot; &gt;  Sorry, your browser doesn&#039;t support embedded videos, &lt;a href=\\&quot;{{src}}\\&quot;&gt; download &lt;\\\/a&gt; and watch with your favorite video player! &lt;\\\/video&gt;&quot;}},&quot;inView&quot;:false,&quot;email_subject&quot;:&quot;Check out this awesome image !!&quot;,&quot;email_message&quot;:&quot;Here is the link to the image : %%image_link%% and this is the link to the gallery : %%gallery_link%%&quot;,&quot;lightbox&quot;:&quot;fancybox&quot;}\">\n\n\t\n\t<div  class=\"modula-items\">\n\t\t<div class=\"modula-item effect-pufrobo\" >\n\t<div class=\"modula-item-overlay\"><\/div>\n\n\t<div class=\"modula-item-content\">\n\n\t\t<a data-image-id=\"5943\" role=\"button\" tabindex=\"0\" rel=\"jtg-5942\" data-caption=\"\" aria-label=\"Open image in lightbox\" class=\"tile-inner modula-item-link\"><\/a><img loading=\"lazy\" decoding=\"async\" class=\"pic wp-image-5943\"  data-valign=\"middle\" data-halign=\"center\" alt=\"\" data-full=\"https:\/\/paradisevacationinsplitandcroatia.com\/wp-content\/uploads\/2021\/12\/rafting-cetina-7.jpg\" title=\"rafting cetina (7)\" crop=\"\" width=\"300\" height=\"200\" src=\"https:\/\/paradisevacationinsplitandcroatia.com\/wp-content\/uploads\/2021\/12\/rafting-cetina-7-300x200.jpg\" data-src=\"https:\/\/paradisevacationinsplitandcroatia.com\/wp-content\/uploads\/2021\/12\/rafting-cetina-7-300x200.jpg\" data-caption=\"\" srcset=\"https:\/\/paradisevacationinsplitandcroatia.com\/wp-content\/uploads\/2021\/12\/rafting-cetina-7.jpg 1024w, https:\/\/paradisevacationinsplitandcroatia.com\/wp-content\/uploads\/2021\/12\/rafting-cetina-7-300x200.jpg 300w, https:\/\/paradisevacationinsplitandcroatia.com\/wp-content\/uploads\/2021\/12\/rafting-cetina-7-768x512.jpg 768w, https:\/\/paradisevacationinsplitandcroatia.com\/wp-content\/uploads\/2021\/12\/rafting-cetina-7-18x12.jpg 18w, https:\/\/paradisevacationinsplitandcroatia.com\/wp-content\/uploads\/2021\/12\/rafting-cetina-7-600x400.jpg 600w, https:\/\/paradisevacationinsplitandcroatia.com\/wp-content\/uploads\/2021\/12\/rafting-cetina-7-174x116.jpg 174w\" sizes=\"auto, (max-width: 300px) 100vw, 300px\" \/>\n\t\t<div class=\"figc no-description\">\n\t\t\t<div class=\"figc-inner\">\n\t\t\t\t\t\t\t\t\t\t\t\t\t\t\t<\/div>\n\t\t<\/div>\n\n\t<\/div>\n\n<\/div><div class=\"modula-item effect-pufrobo\" >\n\t<div class=\"modula-item-overlay\"><\/div>\n\n\t<div class=\"modula-item-content\">\n\n\t\t<a data-image-id=\"5944\" role=\"button\" tabindex=\"0\" rel=\"jtg-5942\" data-caption=\"\" aria-label=\"Open image in lightbox\" class=\"tile-inner modula-item-link\"><\/a><img loading=\"lazy\" decoding=\"async\" class=\"pic wp-image-5944\"  data-valign=\"middle\" data-halign=\"center\" alt=\"\" data-full=\"https:\/\/paradisevacationinsplitandcroatia.com\/wp-content\/uploads\/2021\/12\/rafting-cetina-8.jpg\" title=\"rafting cetina (8)\" crop=\"\" width=\"300\" height=\"200\" src=\"https:\/\/paradisevacationinsplitandcroatia.com\/wp-content\/uploads\/2021\/12\/rafting-cetina-8-300x200.jpg\" data-src=\"https:\/\/paradisevacationinsplitandcroatia.com\/wp-content\/uploads\/2021\/12\/rafting-cetina-8-300x200.jpg\" data-caption=\"\" srcset=\"https:\/\/paradisevacationinsplitandcroatia.com\/wp-content\/uploads\/2021\/12\/rafting-cetina-8.jpg 1024w, https:\/\/paradisevacationinsplitandcroatia.com\/wp-content\/uploads\/2021\/12\/rafting-cetina-8-300x200.jpg 300w, https:\/\/paradisevacationinsplitandcroatia.com\/wp-content\/uploads\/2021\/12\/rafting-cetina-8-768x512.jpg 768w, https:\/\/paradisevacationinsplitandcroatia.com\/wp-content\/uploads\/2021\/12\/rafting-cetina-8-18x12.jpg 18w, https:\/\/paradisevacationinsplitandcroatia.com\/wp-content\/uploads\/2021\/12\/rafting-cetina-8-600x400.jpg 600w, https:\/\/paradisevacationinsplitandcroatia.com\/wp-content\/uploads\/2021\/12\/rafting-cetina-8-174x116.jpg 174w\" sizes=\"auto, (max-width: 300px) 100vw, 300px\" \/>\n\t\t<div class=\"figc no-description\">\n\t\t\t<div class=\"figc-inner\">\n\t\t\t\t\t\t\t\t\t\t\t\t\t\t\t<\/div>\n\t\t<\/div>\n\n\t<\/div>\n\n<\/div><div class=\"modula-item effect-pufrobo\" >\n\t<div class=\"modula-item-overlay\"><\/div>\n\n\t<div class=\"modula-item-content\">\n\n\t\t<a data-image-id=\"5945\" role=\"button\" tabindex=\"0\" rel=\"jtg-5942\" data-caption=\"\" aria-label=\"Open image in lightbox\" class=\"tile-inner modula-item-link\"><\/a><img loading=\"lazy\" decoding=\"async\" class=\"pic wp-image-5945\"  data-valign=\"middle\" data-halign=\"center\" alt=\"\" data-full=\"https:\/\/paradisevacationinsplitandcroatia.com\/wp-content\/uploads\/2021\/12\/rafting-cetina-9.jpg\" title=\"rafting cetina (9)\" crop=\"\" width=\"241\" height=\"300\" src=\"https:\/\/paradisevacationinsplitandcroatia.com\/wp-content\/uploads\/2021\/12\/rafting-cetina-9-241x300.jpg\" data-src=\"https:\/\/paradisevacationinsplitandcroatia.com\/wp-content\/uploads\/2021\/12\/rafting-cetina-9-241x300.jpg\" data-caption=\"\" srcset=\"https:\/\/paradisevacationinsplitandcroatia.com\/wp-content\/uploads\/2021\/12\/rafting-cetina-9.jpg 618w, https:\/\/paradisevacationinsplitandcroatia.com\/wp-content\/uploads\/2021\/12\/rafting-cetina-9-241x300.jpg 241w, https:\/\/paradisevacationinsplitandcroatia.com\/wp-content\/uploads\/2021\/12\/rafting-cetina-9-10x12.jpg 10w, https:\/\/paradisevacationinsplitandcroatia.com\/wp-content\/uploads\/2021\/12\/rafting-cetina-9-600x746.jpg 600w, https:\/\/paradisevacationinsplitandcroatia.com\/wp-content\/uploads\/2021\/12\/rafting-cetina-9-93x116.jpg 93w\" sizes=\"auto, (max-width: 241px) 100vw, 241px\" \/>\n\t\t<div class=\"figc no-description\">\n\t\t\t<div class=\"figc-inner\">\n\t\t\t\t\t\t\t\t\t\t\t\t\t\t\t<\/div>\n\t\t<\/div>\n\n\t<\/div>\n\n<\/div><div class=\"modula-item effect-pufrobo\" >\n\t<div class=\"modula-item-overlay\"><\/div>\n\n\t<div class=\"modula-item-content\">\n\n\t\t<a data-image-id=\"5946\" role=\"button\" tabindex=\"0\" rel=\"jtg-5942\" data-caption=\"\" aria-label=\"Open image in lightbox\" class=\"tile-inner modula-item-link\"><\/a><img loading=\"lazy\" decoding=\"async\" class=\"pic wp-image-5946\"  data-valign=\"middle\" data-halign=\"center\" alt=\"\" data-full=\"https:\/\/paradisevacationinsplitandcroatia.com\/wp-content\/uploads\/2021\/12\/rafting-cetina-1.jpg\" title=\"rafting cetina (1)\" crop=\"\" width=\"300\" height=\"200\" src=\"https:\/\/paradisevacationinsplitandcroatia.com\/wp-content\/uploads\/2021\/12\/rafting-cetina-1-300x200.jpg\" data-src=\"https:\/\/paradisevacationinsplitandcroatia.com\/wp-content\/uploads\/2021\/12\/rafting-cetina-1-300x200.jpg\" data-caption=\"\" srcset=\"https:\/\/paradisevacationinsplitandcroatia.com\/wp-content\/uploads\/2021\/12\/rafting-cetina-1.jpg 1024w, https:\/\/paradisevacationinsplitandcroatia.com\/wp-content\/uploads\/2021\/12\/rafting-cetina-1-300x200.jpg 300w, https:\/\/paradisevacationinsplitandcroatia.com\/wp-content\/uploads\/2021\/12\/rafting-cetina-1-768x511.jpg 768w, https:\/\/paradisevacationinsplitandcroatia.com\/wp-content\/uploads\/2021\/12\/rafting-cetina-1-18x12.jpg 18w, https:\/\/paradisevacationinsplitandcroatia.com\/wp-content\/uploads\/2021\/12\/rafting-cetina-1-600x399.jpg 600w, https:\/\/paradisevacationinsplitandcroatia.com\/wp-content\/uploads\/2021\/12\/rafting-cetina-1-174x116.jpg 174w\" sizes=\"auto, (max-width: 300px) 100vw, 300px\" \/>\n\t\t<div class=\"figc no-description\">\n\t\t\t<div class=\"figc-inner\">\n\t\t\t\t\t\t\t\t\t\t\t\t\t\t\t<\/div>\n\t\t<\/div>\n\n\t<\/div>\n\n<\/div><div class=\"modula-item effect-pufrobo\" >\n\t<div class=\"modula-item-overlay\"><\/div>\n\n\t<div class=\"modula-item-content\">\n\n\t\t<a data-image-id=\"5947\" role=\"button\" tabindex=\"0\" rel=\"jtg-5942\" data-caption=\"\" aria-label=\"Open image in lightbox\" class=\"tile-inner modula-item-link\"><\/a><img loading=\"lazy\" decoding=\"async\" class=\"pic wp-image-5947\"  data-valign=\"middle\" data-halign=\"center\" alt=\"\" data-full=\"https:\/\/paradisevacationinsplitandcroatia.com\/wp-content\/uploads\/2021\/12\/rafting-cetina-2.jpg\" title=\"rafting cetina (2)\" crop=\"\" width=\"300\" height=\"200\" src=\"https:\/\/paradisevacationinsplitandcroatia.com\/wp-content\/uploads\/2021\/12\/rafting-cetina-2-300x200.jpg\" data-src=\"https:\/\/paradisevacationinsplitandcroatia.com\/wp-content\/uploads\/2021\/12\/rafting-cetina-2-300x200.jpg\" data-caption=\"\" srcset=\"https:\/\/paradisevacationinsplitandcroatia.com\/wp-content\/uploads\/2021\/12\/rafting-cetina-2.jpg 1024w, https:\/\/paradisevacationinsplitandcroatia.com\/wp-content\/uploads\/2021\/12\/rafting-cetina-2-300x200.jpg 300w, https:\/\/paradisevacationinsplitandcroatia.com\/wp-content\/uploads\/2021\/12\/rafting-cetina-2-768x512.jpg 768w, https:\/\/paradisevacationinsplitandcroatia.com\/wp-content\/uploads\/2021\/12\/rafting-cetina-2-18x12.jpg 18w, https:\/\/paradisevacationinsplitandcroatia.com\/wp-content\/uploads\/2021\/12\/rafting-cetina-2-600x400.jpg 600w, https:\/\/paradisevacationinsplitandcroatia.com\/wp-content\/uploads\/2021\/12\/rafting-cetina-2-174x116.jpg 174w\" sizes=\"auto, (max-width: 300px) 100vw, 300px\" \/>\n\t\t<div class=\"figc no-description\">\n\t\t\t<div class=\"figc-inner\">\n\t\t\t\t\t\t\t\t\t\t\t\t\t\t\t<\/div>\n\t\t<\/div>\n\n\t<\/div>\n\n<\/div><div class=\"modula-item effect-pufrobo\" >\n\t<div class=\"modula-item-overlay\"><\/div>\n\n\t<div class=\"modula-item-content\">\n\n\t\t<a data-image-id=\"5948\" role=\"button\" tabindex=\"0\" rel=\"jtg-5942\" data-caption=\"\" aria-label=\"Open image in lightbox\" class=\"tile-inner modula-item-link\"><\/a><img loading=\"lazy\" decoding=\"async\" class=\"pic wp-image-5948\"  data-valign=\"middle\" data-halign=\"center\" alt=\"\" data-full=\"https:\/\/paradisevacationinsplitandcroatia.com\/wp-content\/uploads\/2021\/12\/rafting-cetina-3.jpg\" title=\"rafting cetina (3)\" crop=\"\" width=\"300\" height=\"200\" src=\"https:\/\/paradisevacationinsplitandcroatia.com\/wp-content\/uploads\/2021\/12\/rafting-cetina-3-300x200.jpg\" data-src=\"https:\/\/paradisevacationinsplitandcroatia.com\/wp-content\/uploads\/2021\/12\/rafting-cetina-3-300x200.jpg\" data-caption=\"\" srcset=\"https:\/\/paradisevacationinsplitandcroatia.com\/wp-content\/uploads\/2021\/12\/rafting-cetina-3.jpg 1024w, https:\/\/paradisevacationinsplitandcroatia.com\/wp-content\/uploads\/2021\/12\/rafting-cetina-3-300x200.jpg 300w, https:\/\/paradisevacationinsplitandcroatia.com\/wp-content\/uploads\/2021\/12\/rafting-cetina-3-768x512.jpg 768w, https:\/\/paradisevacationinsplitandcroatia.com\/wp-content\/uploads\/2021\/12\/rafting-cetina-3-18x12.jpg 18w, https:\/\/paradisevacationinsplitandcroatia.com\/wp-content\/uploads\/2021\/12\/rafting-cetina-3-600x400.jpg 600w, https:\/\/paradisevacationinsplitandcroatia.com\/wp-content\/uploads\/2021\/12\/rafting-cetina-3-174x116.jpg 174w\" sizes=\"auto, (max-width: 300px) 100vw, 300px\" \/>\n\t\t<div class=\"figc no-description\">\n\t\t\t<div class=\"figc-inner\">\n\t\t\t\t\t\t\t\t\t\t\t\t\t\t\t<\/div>\n\t\t<\/div>\n\n\t<\/div>\n\n<\/div><div class=\"modula-item effect-pufrobo\" >\n\t<div class=\"modula-item-overlay\"><\/div>\n\n\t<div class=\"modula-item-content\">\n\n\t\t<a data-image-id=\"5949\" role=\"button\" tabindex=\"0\" rel=\"jtg-5942\" data-caption=\"\" aria-label=\"Open image in lightbox\" class=\"tile-inner modula-item-link\"><\/a><img loading=\"lazy\" decoding=\"async\" class=\"pic wp-image-5949\"  data-valign=\"middle\" data-halign=\"center\" alt=\"\" data-full=\"https:\/\/paradisevacationinsplitandcroatia.com\/wp-content\/uploads\/2021\/12\/rafting-cetina-4.jpg\" title=\"rafting cetina (4)\" crop=\"\" width=\"300\" height=\"225\" src=\"https:\/\/paradisevacationinsplitandcroatia.com\/wp-content\/uploads\/2021\/12\/rafting-cetina-4-300x225.jpg\" data-src=\"https:\/\/paradisevacationinsplitandcroatia.com\/wp-content\/uploads\/2021\/12\/rafting-cetina-4-300x225.jpg\" data-caption=\"\" srcset=\"https:\/\/paradisevacationinsplitandcroatia.com\/wp-content\/uploads\/2021\/12\/rafting-cetina-4.jpg 1024w, https:\/\/paradisevacationinsplitandcroatia.com\/wp-content\/uploads\/2021\/12\/rafting-cetina-4-300x225.jpg 300w, https:\/\/paradisevacationinsplitandcroatia.com\/wp-content\/uploads\/2021\/12\/rafting-cetina-4-768x576.jpg 768w, https:\/\/paradisevacationinsplitandcroatia.com\/wp-content\/uploads\/2021\/12\/rafting-cetina-4-16x12.jpg 16w, https:\/\/paradisevacationinsplitandcroatia.com\/wp-content\/uploads\/2021\/12\/rafting-cetina-4-600x450.jpg 600w, https:\/\/paradisevacationinsplitandcroatia.com\/wp-content\/uploads\/2021\/12\/rafting-cetina-4-155x116.jpg 155w\" sizes=\"auto, (max-width: 300px) 100vw, 300px\" \/>\n\t\t<div class=\"figc no-description\">\n\t\t\t<div class=\"figc-inner\">\n\t\t\t\t\t\t\t\t\t\t\t\t\t\t\t<\/div>\n\t\t<\/div>\n\n\t<\/div>\n\n<\/div><div class=\"modula-item effect-pufrobo\" >\n\t<div class=\"modula-item-overlay\"><\/div>\n\n\t<div class=\"modula-item-content\">\n\n\t\t<a data-image-id=\"5950\" role=\"button\" tabindex=\"0\" rel=\"jtg-5942\" data-caption=\"\" aria-label=\"Open image in lightbox\" class=\"tile-inner modula-item-link\"><\/a><img loading=\"lazy\" decoding=\"async\" class=\"pic wp-image-5950\"  data-valign=\"middle\" data-halign=\"center\" alt=\"\" data-full=\"https:\/\/paradisevacationinsplitandcroatia.com\/wp-content\/uploads\/2021\/12\/rafting-cetina-5.jpg\" title=\"rafting cetina (5)\" crop=\"\" width=\"300\" height=\"225\" src=\"https:\/\/paradisevacationinsplitandcroatia.com\/wp-content\/uploads\/2021\/12\/rafting-cetina-5-300x225.jpg\" data-src=\"https:\/\/paradisevacationinsplitandcroatia.com\/wp-content\/uploads\/2021\/12\/rafting-cetina-5-300x225.jpg\" data-caption=\"\" srcset=\"https:\/\/paradisevacationinsplitandcroatia.com\/wp-content\/uploads\/2021\/12\/rafting-cetina-5.jpg 1024w, https:\/\/paradisevacationinsplitandcroatia.com\/wp-content\/uploads\/2021\/12\/rafting-cetina-5-300x225.jpg 300w, https:\/\/paradisevacationinsplitandcroatia.com\/wp-content\/uploads\/2021\/12\/rafting-cetina-5-768x576.jpg 768w, https:\/\/paradisevacationinsplitandcroatia.com\/wp-content\/uploads\/2021\/12\/rafting-cetina-5-16x12.jpg 16w, https:\/\/paradisevacationinsplitandcroatia.com\/wp-content\/uploads\/2021\/12\/rafting-cetina-5-600x450.jpg 600w, https:\/\/paradisevacationinsplitandcroatia.com\/wp-content\/uploads\/2021\/12\/rafting-cetina-5-155x116.jpg 155w\" sizes=\"auto, (max-width: 300px) 100vw, 300px\" \/>\n\t\t<div class=\"figc no-description\">\n\t\t\t<div class=\"figc-inner\">\n\t\t\t\t\t\t\t\t\t\t\t\t\t\t\t<\/div>\n\t\t<\/div>\n\n\t<\/div>\n\n<\/div><div class=\"modula-item effect-pufrobo\" >\n\t<div class=\"modula-item-overlay\"><\/div>\n\n\t<div class=\"modula-item-content\">\n\n\t\t<a data-image-id=\"5951\" role=\"button\" tabindex=\"0\" rel=\"jtg-5942\" data-caption=\"\" aria-label=\"Open image in lightbox\" class=\"tile-inner modula-item-link\"><\/a><img loading=\"lazy\" decoding=\"async\" class=\"pic wp-image-5951\"  data-valign=\"middle\" data-halign=\"center\" alt=\"\" data-full=\"https:\/\/paradisevacationinsplitandcroatia.com\/wp-content\/uploads\/2021\/12\/rafting-cetina-6.jpg\" title=\"rafting cetina (6)\" crop=\"\" width=\"300\" height=\"199\" src=\"https:\/\/paradisevacationinsplitandcroatia.com\/wp-content\/uploads\/2021\/12\/rafting-cetina-6-300x199.jpg\" data-src=\"https:\/\/paradisevacationinsplitandcroatia.com\/wp-content\/uploads\/2021\/12\/rafting-cetina-6-300x199.jpg\" data-caption=\"\" srcset=\"https:\/\/paradisevacationinsplitandcroatia.com\/wp-content\/uploads\/2021\/12\/rafting-cetina-6.jpg 1024w, https:\/\/paradisevacationinsplitandcroatia.com\/wp-content\/uploads\/2021\/12\/rafting-cetina-6-300x199.jpg 300w, https:\/\/paradisevacationinsplitandcroatia.com\/wp-content\/uploads\/2021\/12\/rafting-cetina-6-768x510.jpg 768w, https:\/\/paradisevacationinsplitandcroatia.com\/wp-content\/uploads\/2021\/12\/rafting-cetina-6-18x12.jpg 18w, https:\/\/paradisevacationinsplitandcroatia.com\/wp-content\/uploads\/2021\/12\/rafting-cetina-6-600x398.jpg 600w, https:\/\/paradisevacationinsplitandcroatia.com\/wp-content\/uploads\/2021\/12\/rafting-cetina-6-175x116.jpg 175w\" sizes=\"auto, (max-width: 300px) 100vw, 300px\" \/>\n\t\t<div class=\"figc no-description\">\n\t\t\t<div class=\"figc-inner\">\n\t\t\t\t\t\t\t\t\t\t\t\t\t\t\t<\/div>\n\t\t<\/div>\n\n\t<\/div>\n\n<\/div>\t\t\n\t<\/div>\n\n\t\n\t\n\t<script type=\"application\/ld+json\">\n\t{\n\t\t\"@context\": \"http:\/\/schema.org\",\n\t\t\"@type\"   : \"ImageGallery\",\n\t\t\"id\"      : \"https:\/\/paradisevacationinsplitandcroatia.com\/en\/product\/rafting-cetina\/\",\n\t\t\"url\"     : \"https:\/\/paradisevacationinsplitandcroatia.com\/en\/product\/rafting-cetina\/\"\n\t}\n\n\t<\/script>\n\n\t\n<\/div>\n\n","protected":false},"excerpt":{"rendered":"<p>Prilago\u0111eno iskustvo organizirano promi\u0161ljeno u skladu s bilo kojom dobi i bilo kojim ukusom. Odre\u0111ivanje savr\u0161enog vremena za privatni prolazak &hellip; <a href=\"https:\/\/paradisevacationinsplitandcroatia.com\/en\/product\/rafting-cetina\/\" class=\"more-link\">Continue reading <span class=\"screen-reader-text\">Cetina rafting<\/span><\/a><\/p>","protected":false},"featured_media":1003,"comment_status":"open","ping_status":"closed","template":"","meta":{"inline_featured_image":false},"product_brand":[],"product_cat":[42],"product_tag":[],"class_list":{"0":"post-996","1":"product","2":"type-product","3":"status-publish","4":"has-post-thumbnail","6":"product_cat-sport","8":"first","9":"instock","10":"shipping-taxable","11":"purchasable","12":"product-type-simple"},"_links":{"self":[{"href":"https:\/\/paradisevacationinsplitandcroatia.com\/en\/wp-json\/wp\/v2\/product\/996","targetHints":{"allow":["GET"]}}],"collection":[{"href":"https:\/\/paradisevacationinsplitandcroatia.com\/en\/wp-json\/wp\/v2\/product"}],"about":[{"href":"https:\/\/paradisevacationinsplitandcroatia.com\/en\/wp-json\/wp\/v2\/types\/product"}],"replies":[{"embeddable":true,"href":"https:\/\/paradisevacationinsplitandcroatia.com\/en\/wp-json\/wp\/v2\/comments?post=996"}],"wp:featuredmedia":[{"embeddable":true,"href":"https:\/\/paradisevacationinsplitandcroatia.com\/en\/wp-json\/wp\/v2\/media\/1003"}],"wp:attachment":[{"href":"https:\/\/paradisevacationinsplitandcroatia.com\/en\/wp-json\/wp\/v2\/media?parent=996"}],"wp:term":[{"taxonomy":"product_brand","embeddable":true,"href":"https:\/\/paradisevacationinsplitandcroatia.com\/en\/wp-json\/wp\/v2\/product_brand?post=996"},{"taxonomy":"product_cat","embeddable":true,"href":"https:\/\/paradisevacationinsplitandcroatia.com\/en\/wp-json\/wp\/v2\/product_cat?post=996"},{"taxonomy":"product_tag","embeddable":true,"href":"https:\/\/paradisevacationinsplitandcroatia.com\/en\/wp-json\/wp\/v2\/product_tag?post=996"}],"curies":[{"name":"wp","href":"https:\/\/api.w.org\/{rel}","templated":true}]}}